{"id":45856,"date":"2026-05-01T08:21:49","date_gmt":"2026-05-01T08:21:49","guid":{"rendered":"https:\/\/emeniro.lovehorses.lv\/product\/hisense-65u6nq-4k-uled\/"},"modified":"2026-05-01T08:21:49","modified_gmt":"2026-05-01T08:21:49","slug":"hisense-65u6nq-4k-uled","status":"publish","type":"product","link":"https:\/\/emeniro.lovehorses.lv\/ru\/product\/hisense-65u6nq-4k-uled\/","title":{"rendered":"Hisense 65U6NQ 4K ULED"},"content":{"rendered":"<p>\u0425\u0430\u0440\u0430\u043a\u0442\u0435\u0440\u0438\u0441\u0442\u0438\u043a\u0438 \u0438\u0437\u0434\u0435\u043b\u0438\u044f<\/p>\n<p>\u041e\u0431\u0449\u0438\u0435 \u043f\u0430\u0440\u0430\u043c\u0435\u0442\u0440\u044b<br \/>Ekr\u0101na izm\u0113rs pa diagon\u0101li\u00a0\u00a0\u00a0\u00a0 65 \u201c<br \/>Z\u012bmols\u00a0\u00a0\u00a0\u00a0 Hisense<br \/>S\u0113rija\u00a0\u00a0\u00a0\u00a0 U6N<br \/>Modelis\u00a0\u00a0\u00a0\u00a0 65U6NQ<br \/>Energoefektivit\u0101tes klase\u00a0\u00a0\u00a0 E<br \/>Energoefektivit\u0101tes kla\u0161u skala\u00a0\u00a0\u00a0\u00a0 A \u2013 G<br \/>Jauda\u00a0\u00a0\u00a0\u00a0 240 W<br \/>Kr\u0101sa\u00a0\u00a0\u00a0\u00a0 Melna<br \/>Spriegums\u00a0\u00a0\u00a0\u00a0 100 \u2013 240 V<br \/>Gatav\u012bbas re\u017e\u012bma elektropat\u0113ri\u0146\u0161\u00a0\u00a0\u00a0\u00a0 0.5 W<br \/>Ener\u0123ijas pat\u0113ri\u0146\u0161, kWh\/1000 h\u00a0\u00a0\u00a0\u00a0 85<br \/>\u042d\u043a\u0440\u0430\u043d<br \/>Ekr\u0101na iz\u0161\u0137irtsp\u0113ja\u00a0\u00a0\u00a0 4K (3840 x 2160)<br \/>Ekr\u0101na tips\u00a0\u00a0\u00a0\u00a0 UHD\/QNED\/QLED<br \/>Ekr\u0101na iz\u0161\u0137irtsp\u0113jas veids\u00a0\u00a0\u00a0\u00a0 4K UHD<br \/>Oper\u0113t\u0101jsist\u0113ma\u00a0\u00a0\u00a0\u00a0 Cit\u0101s<br \/>Ekr\u0101na frekvence\u00a0\u00a0\u00a0 60 Hz<br \/>Ekr\u0101na forma\u00a0\u00a0\u00a0\u00a0 Plakana<br \/>3D funkcija\u00a0\u00a0\u00a0 N\u0113<br \/>Apgaismojums\u00a0\u00a0\u00a0 N\u0113<br \/>\u0421\u043c\u0430\u0440\u0442 \u0422\u0412 \u0438 \u0438\u043d\u0442\u0435\u0440\u043d\u0435\u0442<br \/>\u201cSmart TV\u201d\u00a0\u00a0\u00a0 J\u0101<br \/>\u0423\u043f\u0440\u0430\u0432\u043b\u0435\u043d\u0438\u0435 \u0438 \u0430\u0443\u0434\u0438\u043e<br \/>Ska\u0146as jauda\u00a0\u00a0\u00a0 20 W<br \/>Ska\u0146as sist\u0113ma<br \/>\u00a0\u00a0\u00a0 Dolby Atmos, Stereo<br \/>\u0411\u0435\u0441\u043f\u0440\u043e\u0432\u043e\u0434\u043d\u044b\u0435 \u0438 \u0444\u0438\u0437\u0438\u0447\u0435\u0441\u043a\u0438\u0435 \u043f\u043e\u0434\u043a\u043b\u044e\u0447\u0435\u043d\u0438\u044f<br \/>USB 2.0 savienot\u0101ju skaits\u00a0\u00a0\u00a0 2<br \/>S\/PDIF savienot\u0101js\u00a0\u00a0\u00a0\u00a0 J\u0101<br \/>3.5mm austi\u0146u kontakts\u00a0\u00a0\u00a0\u00a0 J\u0101<br \/>WiFi savienojums\u00a0\u00a0\u00a0 J\u0101<br \/>Ethernet LAN (RJ-45) kontakts\u00a0\u00a0\u00a0\u00a0 J\u0101<br \/>Bluetooth interfeiss\u00a0\u00a0\u00a0\u00a0 J\u0101<br \/>DLNA\u00a0\u00a0\u00a0 N\u0113<br \/>NFC\u00a0\u00a0\u00a0 N\u0113<br \/>Citi savienojumi\u00a0\u00a0\u00a0\u00a0 2 x RF, CI+<br \/>\u0420\u0430\u0437\u043c\u0435\u0440\u044b \u0438 \u0432\u0435\u0441<br \/>Platums\u00a0\u00a0\u00a0\u00a0 145.1 cm<br \/>Dzi\u013cums\u00a0\u00a0\u00a0\u00a0 7.5 cm<br \/>Augstums\u00a0\u00a0\u00a0\u00a0 83.6 cm<br \/>Dzi\u013cums ar stat\u012bvu\u00a0\u00a0\u00a0\u00a0 31.3 cm<br \/>Augstums ar stat\u012bvu\u00a0\u00a0\u00a0\u00a0 90.1 cm<br \/>Svars\u00a0\u00a0\u00a0\u00a0 19.3 kg<br \/>VESA standarts\u00a0\u00a0\u00a0\u00a0 400 x 300<br \/>\u0414\u043e\u043f\u043e\u043b\u043d\u0438\u0442\u0435\u043b\u044c\u043d\u043e<br \/>Ciparu uztv\u0113r\u0113ja tips\u00a0\u00a0\u00a0 DVB-T2\/T\/C\/S2\/S<br \/>Garantija\u00a0\u00a0\u00a0\u00a0 24 m\u0113n<br \/>Garantija juridisk\u0101m person\u0101m\u00a0\u00a0\u00a0\u00a0 12 m\u0113n<br \/>Iepakojuma garums\u00a0\u00a0\u00a0\u00a0 1.65 m<br \/>Iepakojuma platums\u00a0\u00a0\u00a0\u00a0 0.16 m<br \/>Iepakojuma augstums\u00a0\u00a0\u00a0\u00a0 1.06 m<br \/>Produkta svars ar iepakojumu\u00a0\u00a0\u00a0\u00a0 27200 g<br \/>Izcelsmes valsts\u00a0\u00a0\u00a0\u00a0 \u010cehija<\/p><\/p>","protected":false},"excerpt":{"rendered":"<p>Izstr\u0101d\u0101juma \u012bpa\u0161\u012bbas Kop\u0113jie parametriEkr\u0101na izm\u0113rs pa diagon\u0101li\u00a0\u00a0\u00a0\u00a0 65 \u201cZ\u012bmols\u00a0\u00a0\u00a0\u00a0 HisenseS\u0113rija\u00a0\u00a0\u00a0\u00a0 U6NModelis\u00a0\u00a0\u00a0\u00a0 65U6NQEnergoefektivit\u0101tes klase\u00a0\u00a0\u00a0 EEnergoefektivit\u0101tes kla\u0161u skala\u00a0\u00a0\u00a0\u00a0 A \u2013 GJauda\u00a0\u00a0\u00a0\u00a0 240 WKr\u0101sa\u00a0\u00a0\u00a0\u00a0 MelnaSpriegums\u00a0\u00a0\u00a0\u00a0 100 \u2013 240 VGatav\u012bbas re\u017e\u012bma elektropat\u0113ri\u0146\u0161\u00a0\u00a0\u00a0\u00a0 0.5 WEner\u0123ijas pat\u0113ri\u0146\u0161, kWh\/1000 h\u00a0\u00a0\u00a0\u00a0 85Ekr\u0101nsEkr\u0101na iz\u0161\u0137irtsp\u0113ja\u00a0\u00a0\u00a0 4K (3840 x 2160)Ekr\u0101na tips\u00a0\u00a0\u00a0\u00a0 UHD\/QNED\/QLEDEkr\u0101na iz\u0161\u0137irtsp\u0113jas veids\u00a0\u00a0\u00a0\u00a0 4K UHDOper\u0113t\u0101jsist\u0113ma\u00a0\u00a0\u00a0\u00a0 Cit\u0101sEkr\u0101na frekvence\u00a0\u00a0\u00a0 60 HzEkr\u0101na forma\u00a0\u00a0\u00a0\u00a0 Plakana3D funkcija\u00a0\u00a0\u00a0 N\u0113Apgaismojums\u00a0\u00a0\u00a0 N\u0113Smart TV [&hellip;]<\/p>\n","protected":false},"featured_media":45849,"comment_status":"open","ping_status":"closed","template":"","meta":[],"product_brand":[341],"product_cat":[294],"product_tag":[],"class_list":{"0":"post-45856","1":"product","2":"type-product","3":"status-publish","4":"has-post-thumbnail","6":"product_brand-hisense","7":"product_cat-tv-foto-video-audio-televizori-un-aksesuari-led-televizori","9":"first","10":"instock","11":"shipping-taxable","12":"purchasable","13":"product-type-simple"},"_links":{"self":[{"href":"https:\/\/emeniro.lovehorses.lv\/ru\/wp-json\/wp\/v2\/product\/45856","targetHints":{"allow":["GET"]}}],"collection":[{"href":"https:\/\/emeniro.lovehorses.lv\/ru\/wp-json\/wp\/v2\/product"}],"about":[{"href":"https:\/\/emeniro.lovehorses.lv\/ru\/wp-json\/wp\/v2\/types\/product"}],"replies":[{"embeddable":true,"href":"https:\/\/emeniro.lovehorses.lv\/ru\/wp-json\/wp\/v2\/comments?post=45856"}],"wp:featuredmedia":[{"embeddable":true,"href":"https:\/\/emeniro.lovehorses.lv\/ru\/wp-json\/wp\/v2\/media\/45849"}],"wp:attachment":[{"href":"https:\/\/emeniro.lovehorses.lv\/ru\/wp-json\/wp\/v2\/media?parent=45856"}],"wp:term":[{"taxonomy":"product_brand","embeddable":true,"href":"https:\/\/emeniro.lovehorses.lv\/ru\/wp-json\/wp\/v2\/product_brand?post=45856"},{"taxonomy":"product_cat","embeddable":true,"href":"https:\/\/emeniro.lovehorses.lv\/ru\/wp-json\/wp\/v2\/product_cat?post=45856"},{"taxonomy":"product_tag","embeddable":true,"href":"https:\/\/emeniro.lovehorses.lv\/ru\/wp-json\/wp\/v2\/product_tag?post=45856"}],"curies":[{"name":"wp","href":"https:\/\/api.w.org\/{rel}","templated":true}]}}