{"id":45933,"date":"2026-05-01T08:24:33","date_gmt":"2026-05-01T08:24:33","guid":{"rendered":"https:\/\/emeniro.lovehorses.lv\/product\/kupinatava-mustang-cold-smoking-cabinet-29-5-kg\/"},"modified":"2026-05-01T08:24:33","modified_gmt":"2026-05-01T08:24:33","slug":"kupinatava-mustang-cold-smoking-cabinet-29-5-kg","status":"publish","type":"product","link":"https:\/\/emeniro.lovehorses.lv\/ru\/product\/kupinatava-mustang-cold-smoking-cabinet-29-5-kg\/","title":{"rendered":"\u041a\u043e\u043f\u0442\u0438\u043b\u044c\u043d\u044f Mustang Cold Smoking Cabinet, 29.5 \u043a\u0433"},"content":{"rendered":"<\/p>\n<p>\u0425\u0430\u0440\u0430\u043a\u0442\u0435\u0440\u0438\u0441\u0442\u0438\u043a\u0438 \u0438\u0437\u0434\u0435\u043b\u0438\u044f<br \/>\u041e\u0431\u0449\u0438\u0435 \u043f\u0430\u0440\u0430\u043c\u0435\u0442\u0440\u044b<br \/>Produkta veids\u00a0\u00a0\u00a0\u00a0 K\u016bpin\u0101tavas<br \/>Z\u012bmols\u00a0\u00a0\u00a0\u00a0 Mustang<br \/>Modelis\u00a0\u00a0\u00a0\u00a0 Cold Smoking Cabinet<br \/>Garums\u00a0\u00a0\u00a0\u00a0 57 cm<br \/>Platums\u00a0\u00a0\u00a0\u00a0 48 cm<br \/>Augstums\u00a0\u00a0\u00a0\u00a0 126 cm<br \/>Kr\u0101sa\u00a0\u00a0\u00a0\u00a0 Melna<br \/>Materi\u0101ls\u00a0\u00a0\u00a0\u00a0 T\u0113rauds<br \/>Svars\u00a0\u00a0\u00a0\u00a0 29.5 kg<br \/>Garantija juridisk\u0101m person\u0101m\u00a0\u00a0\u00a0\u00a0 12 m\u0113n<br \/>Iepakojuma garums\u00a0\u00a0\u00a0\u00a0 0.59 m<br \/>Iepakojuma platums\u00a0\u00a0\u00a0\u00a0 0.08 m<br \/>Iepakojuma augstums\u00a0\u00a0\u00a0\u00a0 1.15 m<br \/>Produkta svars ar iepakojumu\u00a0\u00a0\u00a0\u00a0 31200 g<br \/>K\u016aPIN\u0100TAVA MUSTANG COLD SMOKING CABINET, 29.5 KG<\/p>\n<p>\u0428\u043a\u0430\u0444 \u0434\u043b\u044f \u0445\u043e\u043b\u043e\u0434\u043d\u043e\u0433\u043e \u043a\u043e\u043f\u0447\u0435\u043d\u0438\u044f \u0432\u044b\u0441\u043e\u0442\u043e\u0439 126 \u0441\u043c. \u0412 \u0448\u043a\u0430\u0444\u0443 \u0438\u043c\u0435\u0435\u0442\u0441\u044f 4 \u0440\u0435\u0448\u0451\u0442\u043a\u0438 \u0438\u0437 \u043d\u0435\u0440\u0436\u0430\u0432\u0435\u044e\u0449\u0435\u0439 \u0441\u0442\u0430\u043b\u0438 \u0440\u0430\u0437\u043c\u0435\u0440\u043e\u043c 52 x 44 \u0441\u043c, \u043d\u0430 \u043a\u043e\u0442\u043e\u0440\u044b\u0435 \u043c\u043e\u0436\u043d\u043e \u0440\u0430\u0437\u043c\u0435\u0441\u0442\u0438\u0442\u044c \u043a\u043e\u043f\u0442\u044f\u0449\u0438\u0435\u0441\u044f \u043f\u0440\u043e\u0434\u0443\u043a\u0442\u044b. \u041a\u0440\u043e\u043c\u0435 \u0442\u043e\u0433\u043e, \u0443 \u043f\u043e\u0442\u043e\u043b\u043a\u0430 \u0435\u0441\u0442\u044c 5 \u043a\u0440\u044e\u0447\u043a\u043e\u0432 \u0434\u043b\u044f \u043f\u043e\u0434\u0432\u0435\u0448\u0438\u0432\u0430\u043d\u0438\u044f \u043f\u0440\u043e\u0434\u0443\u043a\u0442\u043e\u0432. \u0412\u043e\u0437\u0434\u0443\u0448\u043d\u044b\u0435 \u043e\u0442\u0432\u0435\u0440\u0441\u0442\u0438\u044f \u0434\u043b\u044f \u043e\u0442\u0432\u043e\u0434\u0430 \u0432\u043b\u0430\u0433\u0438. \u0422\u0430\u043a\u0436\u0435 \u043d\u0435\u043e\u0431\u0445\u043e\u0434\u0438\u043c \u0433\u0435\u043d\u0435\u0440\u0430\u0442\u043e\u0440 \u0445\u043e\u043b\u043e\u0434\u043d\u043e\u0433\u043e \u0434\u044b\u043c\u0430 (\u043d\u0435 \u0432\u0445\u043e\u0434\u0438\u0442 \u0432 \u043a\u043e\u043c\u043f\u043b\u0435\u043a\u0442).<\/p>\n<p>\u0424\u0443\u043d\u043a\u0446\u0438\u0438:<\/p>\n<p>\u00a0\u00a0\u00a0 \u0417\u043e\u043d\u0430 \u0433\u0440\u0438\u043b\u044f 4 x 52 x 44 \u0441\u043c<br \/>\u00a0\u00a0\u00a0 \u0440\u0435\u0448\u0451\u0442\u043a\u0430 \u0434\u043b\u044f \u0433\u0440\u0438\u043b\u044f 52 x 44 \u0441\u043c<br \/>\u00a0\u00a0\u00a0 2 \u0432\u043e\u0437\u0434\u0443\u0448\u043d\u044b\u0445 \u0440\u0435\u0433\u0443\u043b\u0438\u0440\u0443\u044e\u0449\u0438\u0445 \u043a\u043b\u0430\u043f\u0430\u043d\u0430<\/p>\n<p>\u0421\u043e\u0432\u043c\u0435\u0441\u0442\u0438\u043c\u044b\u0435 \u0433\u0435\u043d\u0435\u0440\u0430\u0442\u043e\u0440\u044b \u0445\u043e\u043b\u043e\u0434\u043d\u043e\u0433\u043e \u0434\u044b\u043c\u0430:<br \/>\u0413\u0435\u043d\u0435\u0440\u0430\u0442\u043e\u0440 \u0445\u043e\u043b\u043e\u0434\u043d\u043e\u0433\u043e \u0434\u044b\u043c\u0430 36 W \/ 230 V Mustang<\/p><\/p>","protected":false},"excerpt":{"rendered":"<p>Izstr\u0101d\u0101juma \u012bpa\u0161\u012bbasKop\u0113jie parametriProdukta veids\u00a0\u00a0\u00a0\u00a0 K\u016bpin\u0101tavasZ\u012bmols\u00a0\u00a0\u00a0\u00a0 MustangModelis\u00a0\u00a0\u00a0\u00a0 Cold Smoking CabinetGarums\u00a0\u00a0\u00a0\u00a0 57 cmPlatums\u00a0\u00a0\u00a0\u00a0 48 cmAugstums\u00a0\u00a0\u00a0\u00a0 126 cmKr\u0101sa\u00a0\u00a0\u00a0\u00a0 MelnaMateri\u0101ls\u00a0\u00a0\u00a0\u00a0 T\u0113raudsSvars\u00a0\u00a0\u00a0\u00a0 29.5 kgGarantija juridisk\u0101m person\u0101m\u00a0\u00a0\u00a0\u00a0 12 m\u0113nIepakojuma garums\u00a0\u00a0\u00a0\u00a0 0.59 mIepakojuma platums\u00a0\u00a0\u00a0\u00a0 0.08 mIepakojuma augstums\u00a0\u00a0\u00a0\u00a0 1.15 mProdukta svars ar iepakojumu\u00a0\u00a0\u00a0\u00a0 31200 gK\u016aPIN\u0100TAVA MUSTANG COLD SMOKING CABINET, 29.5 KG 126 cm augsts skapis aukstajai k\u016bpin\u0101\u0161anai. Skap\u012b ir 4 ner\u016bs\u0113jo\u0161\u0101 t\u0113rauda re\u017e\u0123i [&hellip;]<\/p>\n","protected":false},"featured_media":45919,"comment_status":"open","ping_status":"closed","template":"","meta":[],"product_brand":[],"product_cat":[372],"product_tag":[],"class_list":{"0":"post-45933","1":"product","2":"type-product","3":"status-publish","4":"has-post-thumbnail","6":"product_cat-darza-tehnika-grili-kupinatavas-un-piederumi","8":"first","9":"instock","10":"shipping-taxable","11":"purchasable","12":"product-type-simple"},"_links":{"self":[{"href":"https:\/\/emeniro.lovehorses.lv\/ru\/wp-json\/wp\/v2\/product\/45933","targetHints":{"allow":["GET"]}}],"collection":[{"href":"https:\/\/emeniro.lovehorses.lv\/ru\/wp-json\/wp\/v2\/product"}],"about":[{"href":"https:\/\/emeniro.lovehorses.lv\/ru\/wp-json\/wp\/v2\/types\/product"}],"replies":[{"embeddable":true,"href":"https:\/\/emeniro.lovehorses.lv\/ru\/wp-json\/wp\/v2\/comments?post=45933"}],"wp:featuredmedia":[{"embeddable":true,"href":"https:\/\/emeniro.lovehorses.lv\/ru\/wp-json\/wp\/v2\/media\/45919"}],"wp:attachment":[{"href":"https:\/\/emeniro.lovehorses.lv\/ru\/wp-json\/wp\/v2\/media?parent=45933"}],"wp:term":[{"taxonomy":"product_brand","embeddable":true,"href":"https:\/\/emeniro.lovehorses.lv\/ru\/wp-json\/wp\/v2\/product_brand?post=45933"},{"taxonomy":"product_cat","embeddable":true,"href":"https:\/\/emeniro.lovehorses.lv\/ru\/wp-json\/wp\/v2\/product_cat?post=45933"},{"taxonomy":"product_tag","embeddable":true,"href":"https:\/\/emeniro.lovehorses.lv\/ru\/wp-json\/wp\/v2\/product_tag?post=45933"}],"curies":[{"name":"wp","href":"https:\/\/api.w.org\/{rel}","templated":true}]}}