{"id":45947,"date":"2026-05-01T08:25:07","date_gmt":"2026-05-01T08:25:07","guid":{"rendered":"https:\/\/emeniro.lovehorses.lv\/product\/kupinatava-abas-smokehouse-ahs-100\/"},"modified":"2026-05-01T08:25:07","modified_gmt":"2026-05-01T08:25:07","slug":"kupinatava-abas-smokehouse-ahs-100","status":"publish","type":"product","link":"https:\/\/emeniro.lovehorses.lv\/ru\/product\/kupinatava-abas-smokehouse-ahs-100\/","title":{"rendered":"\u041a\u043e\u043f\u0442\u0438\u043b\u044c\u043d\u044f Abas Smokehouse AHS-100"},"content":{"rendered":"<p>Produkta veids\u00a0\u00a0\u00a0\u00a0 K\u016bpin\u0101tavas<\/p>\n<p>Z\u012bmols\u00a0\u00a0\u00a0\u00a0 Abas Smokehouse<br \/>Modelis\u00a0\u00a0\u00a0\u00a0 AHS-100<br \/>Garums\u00a0\u00a0\u00a0\u00a0 45 cm<br \/>Platums\u00a0\u00a0\u00a0\u00a0 58 cm<br \/>Augstums\u00a0\u00a0\u00a0\u00a0 100 cm<br \/>Papildus inform\u0101cija\u00a0\u00a0\u00a0\u00a0 Ietilp\u012bba \u2013 100 litri. Ner\u016bs\u0113jo\u0161ais t\u0113rauds. Siltuma izol\u0101cija. Svars \u2013 50 kg<\/p><\/p>","protected":false},"excerpt":{"rendered":"<p>Produkta veids\u00a0\u00a0\u00a0\u00a0 K\u016bpin\u0101tavas Z\u012bmols\u00a0\u00a0\u00a0\u00a0 Abas SmokehouseModelis\u00a0\u00a0\u00a0\u00a0 AHS-100Garums\u00a0\u00a0\u00a0\u00a0 45 cmPlatums\u00a0\u00a0\u00a0\u00a0 58 cmAugstums\u00a0\u00a0\u00a0\u00a0 100 cmPapildus inform\u0101cija\u00a0\u00a0\u00a0\u00a0 Ietilp\u012bba \u2013 100 litri. Ner\u016bs\u0113jo\u0161ais t\u0113rauds. Siltuma izol\u0101cija. Svars \u2013 50 kg<\/p>","protected":false},"featured_media":45940,"comment_status":"open","ping_status":"closed","template":"","meta":{"_joinchat":[]},"product_brand":[],"product_cat":[372],"product_tag":[],"class_list":{"0":"post-45947","1":"product","2":"type-product","3":"status-publish","4":"has-post-thumbnail","6":"product_cat-darza-tehnika-grili-kupinatavas-un-piederumi","8":"first","9":"instock","10":"shipping-taxable","11":"purchasable","12":"product-type-simple"},"_links":{"self":[{"href":"https:\/\/emeniro.lovehorses.lv\/ru\/wp-json\/wp\/v2\/product\/45947","targetHints":{"allow":["GET"]}}],"collection":[{"href":"https:\/\/emeniro.lovehorses.lv\/ru\/wp-json\/wp\/v2\/product"}],"about":[{"href":"https:\/\/emeniro.lovehorses.lv\/ru\/wp-json\/wp\/v2\/types\/product"}],"replies":[{"embeddable":true,"href":"https:\/\/emeniro.lovehorses.lv\/ru\/wp-json\/wp\/v2\/comments?post=45947"}],"wp:featuredmedia":[{"embeddable":true,"href":"https:\/\/emeniro.lovehorses.lv\/ru\/wp-json\/wp\/v2\/media\/45940"}],"wp:attachment":[{"href":"https:\/\/emeniro.lovehorses.lv\/ru\/wp-json\/wp\/v2\/media?parent=45947"}],"wp:term":[{"taxonomy":"product_brand","embeddable":true,"href":"https:\/\/emeniro.lovehorses.lv\/ru\/wp-json\/wp\/v2\/product_brand?post=45947"},{"taxonomy":"product_cat","embeddable":true,"href":"https:\/\/emeniro.lovehorses.lv\/ru\/wp-json\/wp\/v2\/product_cat?post=45947"},{"taxonomy":"product_tag","embeddable":true,"href":"https:\/\/emeniro.lovehorses.lv\/ru\/wp-json\/wp\/v2\/product_tag?post=45947"}],"curies":[{"name":"wp","href":"https:\/\/api.w.org\/{rel}","templated":true}]}}