{"id":46084,"date":"2026-05-01T08:29:27","date_gmt":"2026-05-01T08:29:27","guid":{"rendered":"https:\/\/emeniro.lovehorses.lv\/product\/argo-iro-plus\/"},"modified":"2026-05-01T08:29:27","modified_gmt":"2026-05-01T08:29:27","slug":"argo-iro-plus","status":"publish","type":"product","link":"https:\/\/emeniro.lovehorses.lv\/ru\/product\/argo-iro-plus\/","title":{"rendered":"Argo Iro Plus"},"content":{"rendered":"<p>Ra\u017eot\u0101js\u00a0\u00a0\u00a0\u00a0 ARGO<\/p>\n<p>Ska\u013cuma l\u012bmenis\u00a0\u00a0\u00a0\u00a0 55 dB<br \/>Ener\u0123ijas klase\u00a0\u00a0\u00a0\u00a0 A<br \/>Sild\u012b\u0161anas funkcija +\u00a0\u00a0\u00a0\u00a0 J\u0101<br \/>Produkta kategorija\u00a0\u00a0\u00a0\u00a0 Kondicionieri<br \/>Kr\u0101sa\u00a0\u00a0\u00a0\u00a0 Balts<br \/>Dzi\u013cums\u00a0\u00a0\u00a0\u00a0 470 mm<br \/>Jauda\u00a0\u00a0\u00a0\u00a0 3,5 kW<br \/>Platums\u00a0\u00a0\u00a0\u00a0 382 mm<br \/>Svars, Kg\u00a0\u00a0\u00a0\u00a0 31.5 kg<br \/>Augstums\u00a0\u00a0\u00a0\u00a0 770 mm<br \/>Sausin\u0101\u0161anas funkcija +\u00a0\u00a0\u00a0\u00a0 J\u0101<br \/>Kondicioniera tips +\u00a0\u00a0\u00a0\u00a0 P\u0101rvietojams<br \/>Spriegums +\u00a0\u00a0\u00a0\u00a0 220-240 V<br \/>Garantijas laiks\u00a0\u00a0\u00a0\u00a0 24 m\u0113n.<br \/>Ieteicam\u0101 telpas plat\u012bba l\u012bdz (m2) +\u00a0\u00a0\u00a0\u00a0 35<\/p><\/p>","protected":false},"excerpt":{"rendered":"<p>Ra\u017eot\u0101js\u00a0\u00a0\u00a0\u00a0 ARGO Ska\u013cuma l\u012bmenis\u00a0\u00a0\u00a0\u00a0 55 dBEner\u0123ijas klase\u00a0\u00a0\u00a0\u00a0 ASild\u012b\u0161anas funkcija +\u00a0\u00a0\u00a0\u00a0 J\u0101Produkta kategorija\u00a0\u00a0\u00a0\u00a0 KondicionieriKr\u0101sa\u00a0\u00a0\u00a0\u00a0 BaltsDzi\u013cums\u00a0\u00a0\u00a0\u00a0 470 mmJauda\u00a0\u00a0\u00a0\u00a0 3,5 kWPlatums\u00a0\u00a0\u00a0\u00a0 382 mmSvars, Kg\u00a0\u00a0\u00a0\u00a0 31.5 kgAugstums\u00a0\u00a0\u00a0\u00a0 770 mmSausin\u0101\u0161anas funkcija +\u00a0\u00a0\u00a0\u00a0 J\u0101Kondicioniera tips +\u00a0\u00a0\u00a0\u00a0 P\u0101rvietojamsSpriegums +\u00a0\u00a0\u00a0\u00a0 220-240 VGarantijas laiks\u00a0\u00a0\u00a0\u00a0 24 m\u0113n.Ieteicam\u0101 telpas plat\u012bba l\u012bdz (m2) +\u00a0\u00a0\u00a0\u00a0 35<\/p>","protected":false},"featured_media":46078,"comment_status":"open","ping_status":"closed","template":"","meta":{"_joinchat":[]},"product_brand":[],"product_cat":[367],"product_tag":[],"class_list":{"0":"post-46084","1":"product","2":"type-product","3":"status-publish","4":"has-post-thumbnail","6":"product_cat-siltumtehnika-siltumsukni-kondicionieri","8":"first","9":"instock","10":"shipping-taxable","11":"purchasable","12":"product-type-simple"},"_links":{"self":[{"href":"https:\/\/emeniro.lovehorses.lv\/ru\/wp-json\/wp\/v2\/product\/46084","targetHints":{"allow":["GET"]}}],"collection":[{"href":"https:\/\/emeniro.lovehorses.lv\/ru\/wp-json\/wp\/v2\/product"}],"about":[{"href":"https:\/\/emeniro.lovehorses.lv\/ru\/wp-json\/wp\/v2\/types\/product"}],"replies":[{"embeddable":true,"href":"https:\/\/emeniro.lovehorses.lv\/ru\/wp-json\/wp\/v2\/comments?post=46084"}],"wp:featuredmedia":[{"embeddable":true,"href":"https:\/\/emeniro.lovehorses.lv\/ru\/wp-json\/wp\/v2\/media\/46078"}],"wp:attachment":[{"href":"https:\/\/emeniro.lovehorses.lv\/ru\/wp-json\/wp\/v2\/media?parent=46084"}],"wp:term":[{"taxonomy":"product_brand","embeddable":true,"href":"https:\/\/emeniro.lovehorses.lv\/ru\/wp-json\/wp\/v2\/product_brand?post=46084"},{"taxonomy":"product_cat","embeddable":true,"href":"https:\/\/emeniro.lovehorses.lv\/ru\/wp-json\/wp\/v2\/product_cat?post=46084"},{"taxonomy":"product_tag","embeddable":true,"href":"https:\/\/emeniro.lovehorses.lv\/ru\/wp-json\/wp\/v2\/product_tag?post=46084"}],"curies":[{"name":"wp","href":"https:\/\/api.w.org\/{rel}","templated":true}]}}