{"id":46136,"date":"2026-05-01T08:30:50","date_gmt":"2026-05-01T08:30:50","guid":{"rendered":"https:\/\/emeniro.lovehorses.lv\/product\/atlantic-opro-v-120l-1500w\/"},"modified":"2026-05-01T08:30:50","modified_gmt":"2026-05-01T08:30:50","slug":"atlantic-opro-v-120l-1500w","status":"publish","type":"product","link":"https:\/\/emeniro.lovehorses.lv\/ru\/product\/atlantic-opro-v-120l-1500w\/","title":{"rendered":"Atlantic O\u2019PRO+ V-120L 1500W"},"content":{"rendered":"<p>\u016adens sild\u012bt\u0101ja veids:\u00a0\u00a0\u00a0 Vertik\u0101ls \u00a0<\/p>\n<p>Tilpums:\u00a0\u00a0\u00a0 120 l \u00a0<br \/>Jauda:\u00a0\u00a0\u00a0 1500 W\u00a0 \u00a0<br \/>Uzsildes laiks:\u00a0\u00a0\u00a0 3 st. 55 min\u00a0 \u00a0<br \/>Iek\u0161\u0113j\u0101s tvertnes materi\u0101ls:\u00a0\u00a0\u00a0 T\u0113rauds \u00a0<br \/>Iek\u0161\u0113j\u0101s tvertnes p\u0101rkl\u0101jums:\u00a0\u00a0\u00a0 Emalja\u00a0 \u00a0<br \/>Magnija anods:\u00a0\u00a0\u00a0 Ir\u00a0 \u00a0<br \/>Kr\u0101sa:\u00a0\u00a0\u00a0 Balta \u00a0<br \/>Izm\u0113ri (AxPxDz):\u00a0\u00a0\u00a0 118,4 x 45,1 x 45,1 cm\u00a0 \u00a0<br \/>Svars:\u00a0\u00a0\u00a0 29 kg\u00a0 \u00a0<br \/>\u0423\u043f\u0440\u0430\u0432\u043b\u0435\u043d\u0438\u0435<br \/>Displejs:\u00a0\u00a0\u00a0 Nav\u00a0 \u00a0<br \/>Termometrs:\u00a0\u00a0\u00a0 Ir \u00a0<br \/>Gaismas indikators:\u00a0\u00a0\u00a0 Ir\u00a0 \u00a0<br \/>\u041f\u043e\u0442\u0440\u0435\u0431\u043b\u0435\u043d\u0438\u0435 \u044d\u043b\u0435\u043a\u0442\u0440\u043e\u044d\u043d\u0435\u0440\u0433\u0438\u0438<br \/>Ener\u0123ijas pat\u0113ri\u0146a klase:\u00a0\u00a0\u00a0 C\u00a0 \u00a0<br \/>Gada energopat\u0113ri\u0146\u0161:\u00a0\u00a0\u00a0 2721 kWh\u00a0\u00a0<\/p><\/p>","protected":false},"excerpt":{"rendered":"<p>\u016adens sild\u012bt\u0101ja veids:\u00a0\u00a0\u00a0 Vertik\u0101ls \u00a0 Tilpums:\u00a0\u00a0\u00a0 120 l \u00a0Jauda:\u00a0\u00a0\u00a0 1500 W\u00a0 \u00a0Uzsildes laiks:\u00a0\u00a0\u00a0 3 st. 55 min\u00a0 \u00a0Iek\u0161\u0113j\u0101s tvertnes materi\u0101ls:\u00a0\u00a0\u00a0 T\u0113rauds \u00a0Iek\u0161\u0113j\u0101s tvertnes p\u0101rkl\u0101jums:\u00a0\u00a0\u00a0 Emalja\u00a0 \u00a0Magnija anods:\u00a0\u00a0\u00a0 Ir\u00a0 \u00a0Kr\u0101sa:\u00a0\u00a0\u00a0 Balta \u00a0Izm\u0113ri (AxPxDz):\u00a0\u00a0\u00a0 118,4 x 45,1 x 45,1 cm\u00a0 \u00a0Svars:\u00a0\u00a0\u00a0 29 kg\u00a0 \u00a0Vad\u012bbaDisplejs:\u00a0\u00a0\u00a0 Nav\u00a0 \u00a0Termometrs:\u00a0\u00a0\u00a0 Ir \u00a0Gaismas indikators:\u00a0\u00a0\u00a0 Ir\u00a0 \u00a0Elektroener\u0123ijas pat\u0113ri\u0146\u0161Ener\u0123ijas pat\u0113ri\u0146a klase:\u00a0\u00a0\u00a0 C\u00a0 \u00a0Gada energopat\u0113ri\u0146\u0161:\u00a0\u00a0\u00a0 [&hellip;]<\/p>\n","protected":false},"featured_media":46133,"comment_status":"open","ping_status":"closed","template":"","meta":{"_joinchat":[]},"product_brand":[],"product_cat":[392],"product_tag":[],"class_list":{"0":"post-46136","1":"product","2":"type-product","3":"status-publish","4":"has-post-thumbnail","6":"product_cat-siltumtehnika-udens-silditaji-boileri","8":"first","9":"instock","10":"shipping-taxable","11":"purchasable","12":"product-type-simple"},"_links":{"self":[{"href":"https:\/\/emeniro.lovehorses.lv\/ru\/wp-json\/wp\/v2\/product\/46136","targetHints":{"allow":["GET"]}}],"collection":[{"href":"https:\/\/emeniro.lovehorses.lv\/ru\/wp-json\/wp\/v2\/product"}],"about":[{"href":"https:\/\/emeniro.lovehorses.lv\/ru\/wp-json\/wp\/v2\/types\/product"}],"replies":[{"embeddable":true,"href":"https:\/\/emeniro.lovehorses.lv\/ru\/wp-json\/wp\/v2\/comments?post=46136"}],"wp:featuredmedia":[{"embeddable":true,"href":"https:\/\/emeniro.lovehorses.lv\/ru\/wp-json\/wp\/v2\/media\/46133"}],"wp:attachment":[{"href":"https:\/\/emeniro.lovehorses.lv\/ru\/wp-json\/wp\/v2\/media?parent=46136"}],"wp:term":[{"taxonomy":"product_brand","embeddable":true,"href":"https:\/\/emeniro.lovehorses.lv\/ru\/wp-json\/wp\/v2\/product_brand?post=46136"},{"taxonomy":"product_cat","embeddable":true,"href":"https:\/\/emeniro.lovehorses.lv\/ru\/wp-json\/wp\/v2\/product_cat?post=46136"},{"taxonomy":"product_tag","embeddable":true,"href":"https:\/\/emeniro.lovehorses.lv\/ru\/wp-json\/wp\/v2\/product_tag?post=46136"}],"curies":[{"name":"wp","href":"https:\/\/api.w.org\/{rel}","templated":true}]}}