{"id":46323,"date":"2026-05-01T08:36:40","date_gmt":"2026-05-01T08:36:40","guid":{"rendered":"https:\/\/emeniro.lovehorses.lv\/product\/stiga-combi-753-s\/"},"modified":"2026-05-01T08:36:40","modified_gmt":"2026-05-01T08:36:40","slug":"stiga-combi-753-s","status":"publish","type":"product","link":"https:\/\/emeniro.lovehorses.lv\/ru\/product\/stiga-combi-753-s\/","title":{"rendered":"Stiga Combi 753 S"},"content":{"rendered":"<p>\u041e\u0431\u0449\u0438\u0435 \u043f\u0430\u0440\u0430\u043c\u0435\u0442\u0440\u044b<\/p>\n<p>Produkta veids\u00a0\u00a0\u00a0\u00a0 Benz\u012bna z\u0101les p\u013c\u0101v\u0113ji<br \/>Z\u012bmols\u00a0\u00a0\u00a0\u00a0 Stiga<br \/>Modelis\u00a0\u00a0\u00a0\u00a0 Combi 748 S<br \/>Z\u0101les p\u013c\u0101v\u0113ja tips\u00a0\u00a0\u00a0\u00a0 Pa\u0161g\u0101j\u0113js<br \/>\u0414\u0432\u0438\u0433\u0430\u0442\u0435\u043b\u044c \u0438 \u043c\u043e\u0449\u043d\u043e\u0441\u0442\u044c<br \/>Dzin\u0113ja tips\u00a0\u00a0\u00a0\u00a0 Ar benz\u012bna dzin\u0113ju<br \/>Jauda\u00a0\u00a0\u00a0\u00a0 2200 W<br \/>Dzin\u0113ja ra\u017eot\u0101js\u00a0\u00a0\u00a0\u00a0 STIGA<br \/>Dzin\u0113ja modelis\u00a0\u00a0\u00a0\u00a0 ST 140 OHV<br \/>Dzin\u0113ja cilindra tilpums\u00a0\u00a0\u00a0\u00a0 139 cm\u00b3<br \/>Dzin\u0113ja \u0101trums\u00a0\u00a0\u00a0\u00a0 2900 rpm<br \/>\u0100trums\u00a0\u00a0\u00a0\u00a0 3.7 km\/h<br \/>\u041f\u0430\u0440\u0430\u043c\u0435\u0442\u0440\u044b \u0441\u0442\u0440\u0438\u0436\u043a\u0438<br \/>Darba platums\u00a0\u00a0\u00a0\u00a0 46 cm<br \/>P\u013cau\u0161anas augstums (Min)\u00a0\u00a0\u00a0\u00a0 22 mm<br \/>P\u013cau\u0161anas augstums (Maks)\u00a0\u00a0\u00a0\u00a0 80 mm<br \/>P\u013cau\u0161anas augstuma regul\u0113\u0161ana\u00a0\u00a0\u00a0\u00a0 Centr\u0101lais<br \/>P\u013cau\u0161anas augstuma poz\u012bcijas\u00a0\u00a0\u00a0\u00a0 6<br \/>P\u013cau\u0161anas asmens materi\u0101ls\u00a0\u00a0\u00a0\u00a0 T\u0113rauds<br \/>Z\u0101les \u0137emme\u00a0\u00a0\u00a0\u00a0 J\u0101<br \/>Z\u0101les izme\u0161ana aizmugur\u0113\u00a0\u00a0\u00a0\u00a0 J\u0101<br \/>Z\u0101les mulc\u0113\u0161ana\u00a0\u00a0\u00a0\u00a0 J\u0101<br \/>Z\u0101les sav\u0101k\u0161ana\u00a0\u00a0\u00a0\u00a0 J\u0101<br \/>Z\u0101les izme\u0161ana s\u0101nos\u00a0\u00a0\u00a0\u00a0 J\u0101<br \/>Sav\u0101k\u0161anas maisa tilpums\u00a0\u00a0\u00a0\u00a0 60 l<br \/>\u041a\u043e\u043b\u0451\u0441\u0430<br \/>Piedzi\u0146as rite\u0146i\u00a0\u00a0\u00a0\u00a0 Aizmugur\u0113j\u0101<br \/>\u0424\u0438\u0437\u0438\u0447\u0435\u0441\u043a\u0438\u0435 \u043f\u0430\u0440\u0430\u043c\u0435\u0442\u0440\u044b<br \/>Svars\u00a0\u00a0\u00a0\u00a0 32 kg<br \/>Garums\u00a0\u00a0\u00a0\u00a0 1510 mm<br \/>Platums\u00a0\u00a0\u00a0\u00a0 530 mm<br \/>Augstums\u00a0\u00a0\u00a0\u00a0 1200 mm<br \/>Kr\u0101sa\u00a0\u00a0\u00a0\u00a0 Dzeltena, Melna<br \/>Korpusa materi\u0101ls\u00a0\u00a0\u00a0\u00a0 T\u0113rauds<br \/>\u0422\u043e\u043f\u043b\u0438\u0432\u043e<br \/>Degvielas tvertnes tilpums\u00a0\u00a0\u00a0\u00a0 0.75 l<br \/>E\u013c\u013cas tvertnes tilpums\u00a0\u00a0\u00a0\u00a0 0.5 l<br \/>\u0414\u043e\u043f\u043e\u043b\u043d\u0438\u0442\u0435\u043b\u044c\u043d\u043e<br \/>Ar salok\u0101mu rokturi\u00a0\u00a0\u00a0\u00a0 J\u0101<br \/>Regul\u0113jams roktura augstums\u00a0\u00a0\u00a0\u00a0 J\u0101<br \/>Trok\u0161\u0146a l\u012bmenis\u00a0\u00a0\u00a0\u00a0 96 dB<br \/>Garantija\u00a0\u00a0\u00a0\u00a0 24 m\u0113n<br \/>Mazg\u0101\u0161anas \u0161\u013c\u016btenes savienot\u0101js\u00a0\u00a0\u00a0\u00a0 J\u0101<\/p><\/p>","protected":false},"excerpt":{"rendered":"<p>Kop\u0113jie parametri Produkta veids\u00a0\u00a0\u00a0\u00a0 Benz\u012bna z\u0101les p\u013c\u0101v\u0113jiZ\u012bmols\u00a0\u00a0\u00a0\u00a0 StigaModelis\u00a0\u00a0\u00a0\u00a0 Combi 748 SZ\u0101les p\u013c\u0101v\u0113ja tips\u00a0\u00a0\u00a0\u00a0 Pa\u0161g\u0101j\u0113jsDzin\u0113js un jaudaDzin\u0113ja tips\u00a0\u00a0\u00a0\u00a0 Ar benz\u012bna dzin\u0113juJauda\u00a0\u00a0\u00a0\u00a0 2200 WDzin\u0113ja ra\u017eot\u0101js\u00a0\u00a0\u00a0\u00a0 STIGADzin\u0113ja modelis\u00a0\u00a0\u00a0\u00a0 ST 140 OHVDzin\u0113ja cilindra tilpums\u00a0\u00a0\u00a0\u00a0 139 cm\u00b3Dzin\u0113ja \u0101trums\u00a0\u00a0\u00a0\u00a0 2900 rpm\u0100trums\u00a0\u00a0\u00a0\u00a0 3.7 km\/hP\u013cau\u0161anas parametriDarba platums\u00a0\u00a0\u00a0\u00a0 46 cmP\u013cau\u0161anas augstums (Min)\u00a0\u00a0\u00a0\u00a0 22 mmP\u013cau\u0161anas augstums (Maks)\u00a0\u00a0\u00a0\u00a0 80 mmP\u013cau\u0161anas augstuma regul\u0113\u0161ana\u00a0\u00a0\u00a0\u00a0 Centr\u0101laisP\u013cau\u0161anas augstuma poz\u012bcijas\u00a0\u00a0\u00a0\u00a0 6P\u013cau\u0161anas [&hellip;]<\/p>\n","protected":false},"featured_media":46322,"comment_status":"open","ping_status":"closed","template":"","meta":{"_joinchat":[]},"product_brand":[],"product_cat":[393],"product_tag":[],"class_list":{"0":"post-46323","1":"product","2":"type-product","3":"status-publish","4":"has-post-thumbnail","6":"product_cat-darza-tehnika-benzinmotora-zales-plaveji","8":"first","9":"instock","10":"shipping-taxable","11":"purchasable","12":"product-type-simple"},"_links":{"self":[{"href":"https:\/\/emeniro.lovehorses.lv\/ru\/wp-json\/wp\/v2\/product\/46323","targetHints":{"allow":["GET"]}}],"collection":[{"href":"https:\/\/emeniro.lovehorses.lv\/ru\/wp-json\/wp\/v2\/product"}],"about":[{"href":"https:\/\/emeniro.lovehorses.lv\/ru\/wp-json\/wp\/v2\/types\/product"}],"replies":[{"embeddable":true,"href":"https:\/\/emeniro.lovehorses.lv\/ru\/wp-json\/wp\/v2\/comments?post=46323"}],"wp:featuredmedia":[{"embeddable":true,"href":"https:\/\/emeniro.lovehorses.lv\/ru\/wp-json\/wp\/v2\/media\/46322"}],"wp:attachment":[{"href":"https:\/\/emeniro.lovehorses.lv\/ru\/wp-json\/wp\/v2\/media?parent=46323"}],"wp:term":[{"taxonomy":"product_brand","embeddable":true,"href":"https:\/\/emeniro.lovehorses.lv\/ru\/wp-json\/wp\/v2\/product_brand?post=46323"},{"taxonomy":"product_cat","embeddable":true,"href":"https:\/\/emeniro.lovehorses.lv\/ru\/wp-json\/wp\/v2\/product_cat?post=46323"},{"taxonomy":"product_tag","embeddable":true,"href":"https:\/\/emeniro.lovehorses.lv\/ru\/wp-json\/wp\/v2\/product_tag?post=46323"}],"curies":[{"name":"wp","href":"https:\/\/api.w.org\/{rel}","templated":true}]}}