{"id":46348,"date":"2026-05-01T08:38:36","date_gmt":"2026-05-01T08:38:36","guid":{"rendered":"https:\/\/emeniro.lovehorses.lv\/product\/okko-s511vhy-t6\/"},"modified":"2026-05-01T08:38:36","modified_gmt":"2026-05-01T08:38:36","slug":"okko-s511vhy-t6","status":"publish","type":"product","link":"https:\/\/emeniro.lovehorses.lv\/ru\/product\/okko-s511vhy-t6\/","title":{"rendered":"Okko S511VHY-T6"},"content":{"rendered":"<p>\u041e\u0431\u0449\u0438\u0435 \u043f\u0430\u0440\u0430\u043c\u0435\u0442\u0440\u044b<\/p>\n<p>Produkta veids\u00a0\u00a0\u00a0\u00a0 Benz\u012bna z\u0101les p\u013c\u0101v\u0113ji<br \/>Z\u012bmols\u00a0\u00a0\u00a0\u00a0 Okko<br \/>Modelis\u00a0\u00a0\u00a0\u00a0 S511VHY-T6<br \/>Z\u0101les p\u013c\u0101v\u0113ja tips\u00a0\u00a0\u00a0\u00a0 Pa\u0161g\u0101j\u0113js<br \/>\u0414\u0432\u0438\u0433\u0430\u0442\u0435\u043b\u044c \u0438 \u043c\u043e\u0449\u043d\u043e\u0441\u0442\u044c<br \/>Dzin\u0113ja tips\u00a0\u00a0\u00a0\u00a0 \u010cetrtaktu benz\u012bna<br \/>Jauda\u00a0\u00a0\u00a0\u00a0 2600 W<br \/>Dzin\u0113ja cilindra tilpums\u00a0\u00a0\u00a0\u00a0 146 cm\u00b3<br \/>\u041f\u0430\u0440\u0430\u043c\u0435\u0442\u0440\u044b \u0441\u0442\u0440\u0438\u0436\u043a\u0438<br \/>Darba platums\u00a0\u00a0\u00a0\u00a0 50.1 cm<br \/>P\u013cau\u0161anas augstums (Min)\u00a0\u00a0\u00a0\u00a0 25 mm<br \/>P\u013cau\u0161anas augstums (Maks)\u00a0\u00a0\u00a0\u00a0 75 mm<br \/>P\u013cau\u0161anas augstuma regul\u0113\u0161ana\u00a0\u00a0\u00a0\u00a0 Centr\u0101lais<br \/>P\u013cau\u0161anas asmens materi\u0101ls\u00a0\u00a0\u00a0\u00a0 T\u0113rauds<br \/>Z\u0101les \u0137emme\u00a0\u00a0\u00a0\u00a0 N\u0113<br \/>Z\u0101les izme\u0161ana aizmugur\u0113\u00a0\u00a0\u00a0\u00a0 N\u0113<br \/>Z\u0101les mulc\u0113\u0161ana\u00a0\u00a0\u00a0\u00a0 J\u0101<br \/>Z\u0101les sav\u0101k\u0161ana\u00a0\u00a0\u00a0\u00a0 J\u0101<br \/>Z\u0101les izme\u0161ana s\u0101nos\u00a0\u00a0\u00a0\u00a0 J\u0101<br \/>Sav\u0101k\u0161anas maisa tilpums\u00a0\u00a0\u00a0\u00a0 60 l<br \/>\u041a\u043e\u043b\u0451\u0441\u0430<br \/>Rite\u0146u materi\u0101ls\u00a0\u00a0\u00a0\u00a0 Plastmasa<br \/>\u0424\u0438\u0437\u0438\u0447\u0435\u0441\u043a\u0438\u0435 \u043f\u0430\u0440\u0430\u043c\u0435\u0442\u0440\u044b<br \/>Svars\u00a0\u00a0\u00a0\u00a0 31.36 kg<br \/>Kr\u0101sa\u00a0\u00a0\u00a0\u00a0 Melna, Za\u013ca<br \/>Korpusa materi\u0101ls\u00a0\u00a0\u00a0\u00a0 T\u0113rauds<br \/>\u0422\u043e\u043f\u043b\u0438\u0432\u043e<br \/>Degvielas tvertnes tilpums\u00a0\u00a0\u00a0\u00a0 1 l<br \/>E\u013c\u013cas tvertnes tilpums\u00a0\u00a0\u00a0\u00a0 0.6 l<br \/>\u0414\u043e\u043f\u043e\u043b\u043d\u0438\u0442\u0435\u043b\u044c\u043d\u043e<br \/>Ar salok\u0101mu rokturi\u00a0\u00a0\u00a0\u00a0 J\u0101<br \/>Trok\u0161\u0146a l\u012bmenis\u00a0\u00a0\u00a0\u00a0 98 dB<br \/>Papildus inform\u0101cija\u00a0\u00a0\u00a0\u00a0 4 taktu benz\u012bna motors. Ietilp\u012bba: 146 cm3. Degvielas tvertnes ietilp\u012bba: 1 l<\/p><\/p>","protected":false},"excerpt":{"rendered":"<p>Kop\u0113jie parametri Produkta veids\u00a0\u00a0\u00a0\u00a0 Benz\u012bna z\u0101les p\u013c\u0101v\u0113jiZ\u012bmols\u00a0\u00a0\u00a0\u00a0 OkkoModelis\u00a0\u00a0\u00a0\u00a0 S511VHY-T6Z\u0101les p\u013c\u0101v\u0113ja tips\u00a0\u00a0\u00a0\u00a0 Pa\u0161g\u0101j\u0113jsDzin\u0113js un jaudaDzin\u0113ja tips\u00a0\u00a0\u00a0\u00a0 \u010cetrtaktu benz\u012bnaJauda\u00a0\u00a0\u00a0\u00a0 2600 WDzin\u0113ja cilindra tilpums\u00a0\u00a0\u00a0\u00a0 146 cm\u00b3P\u013cau\u0161anas parametriDarba platums\u00a0\u00a0\u00a0\u00a0 50.1 cmP\u013cau\u0161anas augstums (Min)\u00a0\u00a0\u00a0\u00a0 25 mmP\u013cau\u0161anas augstums (Maks)\u00a0\u00a0\u00a0\u00a0 75 mmP\u013cau\u0161anas augstuma regul\u0113\u0161ana\u00a0\u00a0\u00a0\u00a0 Centr\u0101laisP\u013cau\u0161anas asmens materi\u0101ls\u00a0\u00a0\u00a0\u00a0 T\u0113raudsZ\u0101les \u0137emme\u00a0\u00a0\u00a0\u00a0 N\u0113Z\u0101les izme\u0161ana aizmugur\u0113\u00a0\u00a0\u00a0\u00a0 N\u0113Z\u0101les mulc\u0113\u0161ana\u00a0\u00a0\u00a0\u00a0 J\u0101Z\u0101les sav\u0101k\u0161ana\u00a0\u00a0\u00a0\u00a0 J\u0101Z\u0101les izme\u0161ana s\u0101nos\u00a0\u00a0\u00a0\u00a0 J\u0101Sav\u0101k\u0161anas maisa tilpums\u00a0\u00a0\u00a0\u00a0 [&hellip;]<\/p>\n","protected":false},"featured_media":46337,"comment_status":"open","ping_status":"closed","template":"","meta":{"_joinchat":[]},"product_brand":[],"product_cat":[393],"product_tag":[],"class_list":{"0":"post-46348","1":"product","2":"type-product","3":"status-publish","4":"has-post-thumbnail","6":"product_cat-darza-tehnika-benzinmotora-zales-plaveji","8":"first","9":"instock","10":"shipping-taxable","11":"purchasable","12":"product-type-simple"},"_links":{"self":[{"href":"https:\/\/emeniro.lovehorses.lv\/ru\/wp-json\/wp\/v2\/product\/46348","targetHints":{"allow":["GET"]}}],"collection":[{"href":"https:\/\/emeniro.lovehorses.lv\/ru\/wp-json\/wp\/v2\/product"}],"about":[{"href":"https:\/\/emeniro.lovehorses.lv\/ru\/wp-json\/wp\/v2\/types\/product"}],"replies":[{"embeddable":true,"href":"https:\/\/emeniro.lovehorses.lv\/ru\/wp-json\/wp\/v2\/comments?post=46348"}],"wp:featuredmedia":[{"embeddable":true,"href":"https:\/\/emeniro.lovehorses.lv\/ru\/wp-json\/wp\/v2\/media\/46337"}],"wp:attachment":[{"href":"https:\/\/emeniro.lovehorses.lv\/ru\/wp-json\/wp\/v2\/media?parent=46348"}],"wp:term":[{"taxonomy":"product_brand","embeddable":true,"href":"https:\/\/emeniro.lovehorses.lv\/ru\/wp-json\/wp\/v2\/product_brand?post=46348"},{"taxonomy":"product_cat","embeddable":true,"href":"https:\/\/emeniro.lovehorses.lv\/ru\/wp-json\/wp\/v2\/product_cat?post=46348"},{"taxonomy":"product_tag","embeddable":true,"href":"https:\/\/emeniro.lovehorses.lv\/ru\/wp-json\/wp\/v2\/product_tag?post=46348"}],"curies":[{"name":"wp","href":"https:\/\/api.w.org\/{rel}","templated":true}]}}