{"id":46512,"date":"2026-05-01T08:46:28","date_gmt":"2026-05-01T08:46:28","guid":{"rendered":"https:\/\/emeniro.lovehorses.lv\/product\/makita-dum604zx\/"},"modified":"2026-05-01T08:46:28","modified_gmt":"2026-05-01T08:46:28","slug":"makita-dum604zx","status":"publish","type":"product","link":"https:\/\/emeniro.lovehorses.lv\/ru\/product\/makita-dum604zx\/","title":{"rendered":"Makita DUM604ZX"},"content":{"rendered":"<p>Produkta veids\u00a0\u00a0\u00a0\u00a0 Dz\u012bv\u017eoga \u0161\u0137\u0113res<\/p>\n<p>Z\u012bmols\u00a0\u00a0\u00a0\u00a0 Makita<br \/>Modelis\u00a0\u00a0\u00a0\u00a0 DUM604ZX<br \/>Kr\u0101sa\u00a0\u00a0\u00a0\u00a0 Melna, Zila<br \/>\u0160\u0137\u0113ru tips\u00a0\u00a0\u00a0\u00a0 Akumulatora<br \/>Svars\u00a0\u00a0\u00a0\u00a0 1.8 kg<br \/>Sliedes garums\u00a0\u00a0\u00a0\u00a0 16 cm<br \/>Att\u0101lums starp asme\u0146iem\u00a0\u00a0\u00a0\u00a0 1 cm<br \/>Asmens platums\u00a0\u00a0\u00a0\u00a0 20 cm<br \/>Kust\u012bbu skaits min\u016bt\u0113\u00a0\u00a0\u00a0\u00a0 2500<br \/>Na\u017eu aptur\u0113\u0161anas \u0101trums\u00a0\u00a0\u00a0\u00a0 1 s<br \/>Akumulators iek\u013cauts komplekt\u0101\u00a0\u00a0\u00a0\u00a0 N\u0113<br \/>Akumulatora tips\u00a0\u00a0\u00a0\u00a0 Li-Ion<br \/>Akumulatora spriegums\u00a0\u00a0\u00a0\u00a0 18 V<br \/>L\u0101d\u0113t\u0101js iek\u013cauts\u00a0\u00a0\u00a0\u00a0 N\u0113<br \/>Darb\u012bbas ilgums p\u0113c uzl\u0101des\u00a0\u00a0\u00a0\u00a0 60 min<br \/>Regul\u0113jams rokturis\u00a0\u00a0\u00a0\u00a0 J\u0101<br \/>Na\u017ea maksts\u00a0\u00a0\u00a0\u00a0 N\u0113<br \/>Izcelsmes valsts\u00a0\u00a0\u00a0\u00a0 \u0136\u012bna<\/p><\/p>","protected":false},"excerpt":{"rendered":"<p>Produkta veids\u00a0\u00a0\u00a0\u00a0 Dz\u012bv\u017eoga \u0161\u0137\u0113res Z\u012bmols\u00a0\u00a0\u00a0\u00a0 MakitaModelis\u00a0\u00a0\u00a0\u00a0 DUM604ZXKr\u0101sa\u00a0\u00a0\u00a0\u00a0 Melna, Zila\u0160\u0137\u0113ru tips\u00a0\u00a0\u00a0\u00a0 AkumulatoraSvars\u00a0\u00a0\u00a0\u00a0 1.8 kgSliedes garums\u00a0\u00a0\u00a0\u00a0 16 cmAtt\u0101lums starp asme\u0146iem\u00a0\u00a0\u00a0\u00a0 1 cmAsmens platums\u00a0\u00a0\u00a0\u00a0 20 cmKust\u012bbu skaits min\u016bt\u0113\u00a0\u00a0\u00a0\u00a0 2500Na\u017eu aptur\u0113\u0161anas \u0101trums\u00a0\u00a0\u00a0\u00a0 1 sAkumulators iek\u013cauts komplekt\u0101\u00a0\u00a0\u00a0\u00a0 N\u0113Akumulatora tips\u00a0\u00a0\u00a0\u00a0 Li-IonAkumulatora spriegums\u00a0\u00a0\u00a0\u00a0 18 VL\u0101d\u0113t\u0101js iek\u013cauts\u00a0\u00a0\u00a0\u00a0 N\u0113Darb\u012bbas ilgums p\u0113c uzl\u0101des\u00a0\u00a0\u00a0\u00a0 60 minRegul\u0113jams rokturis\u00a0\u00a0\u00a0\u00a0 J\u0101Na\u017ea maksts\u00a0\u00a0\u00a0\u00a0 N\u0113Izcelsmes valsts\u00a0\u00a0\u00a0\u00a0 \u0136\u012bna<\/p>","protected":false},"featured_media":46495,"comment_status":"open","ping_status":"closed","template":"","meta":{"_joinchat":[]},"product_brand":[],"product_cat":[328],"product_tag":[],"class_list":{"0":"post-46512","1":"product","2":"type-product","3":"status-publish","4":"has-post-thumbnail","6":"product_cat-darza-tehnika-dzivzogu-skeres","8":"first","9":"instock","10":"shipping-taxable","11":"purchasable","12":"product-type-simple"},"_links":{"self":[{"href":"https:\/\/emeniro.lovehorses.lv\/ru\/wp-json\/wp\/v2\/product\/46512","targetHints":{"allow":["GET"]}}],"collection":[{"href":"https:\/\/emeniro.lovehorses.lv\/ru\/wp-json\/wp\/v2\/product"}],"about":[{"href":"https:\/\/emeniro.lovehorses.lv\/ru\/wp-json\/wp\/v2\/types\/product"}],"replies":[{"embeddable":true,"href":"https:\/\/emeniro.lovehorses.lv\/ru\/wp-json\/wp\/v2\/comments?post=46512"}],"wp:featuredmedia":[{"embeddable":true,"href":"https:\/\/emeniro.lovehorses.lv\/ru\/wp-json\/wp\/v2\/media\/46495"}],"wp:attachment":[{"href":"https:\/\/emeniro.lovehorses.lv\/ru\/wp-json\/wp\/v2\/media?parent=46512"}],"wp:term":[{"taxonomy":"product_brand","embeddable":true,"href":"https:\/\/emeniro.lovehorses.lv\/ru\/wp-json\/wp\/v2\/product_brand?post=46512"},{"taxonomy":"product_cat","embeddable":true,"href":"https:\/\/emeniro.lovehorses.lv\/ru\/wp-json\/wp\/v2\/product_cat?post=46512"},{"taxonomy":"product_tag","embeddable":true,"href":"https:\/\/emeniro.lovehorses.lv\/ru\/wp-json\/wp\/v2\/product_tag?post=46512"}],"curies":[{"name":"wp","href":"https:\/\/api.w.org\/{rel}","templated":true}]}}