{"id":46846,"date":"2026-05-01T08:57:21","date_gmt":"2026-05-01T08:57:21","guid":{"rendered":"https:\/\/emeniro.lovehorses.lv\/product\/scheppach-hl-760ls-7t\/"},"modified":"2026-05-01T08:57:21","modified_gmt":"2026-05-01T08:57:21","slug":"scheppach-hl-760ls-7t","status":"publish","type":"product","link":"https:\/\/emeniro.lovehorses.lv\/ru\/product\/scheppach-hl-760ls-7t\/","title":{"rendered":"Scheppach HL 760LS 7T"},"content":{"rendered":"<p>\u0425\u0430\u0440\u0430\u043a\u0442\u0435\u0440\u0438\u0441\u0442\u0438\u043a\u0438 \u0438\u0437\u0434\u0435\u043b\u0438\u044f<\/p>\n<p>\u041e\u0431\u0449\u0438\u0435 \u043f\u0430\u0440\u0430\u043c\u0435\u0442\u0440\u044b<br \/>Produkta veids\u00a0 \u00a0 \u00a0Malkas skald\u012bt\u0101ji<br \/>Z\u012bmols\u00a0 \u00a0 \u00a0Scheppach<br \/>Modelis\u00a0 \u00a0 \u00a0HL 760LS 7T<br \/>Garums\u00a0 \u00a0 \u00a01160 mm<br \/>Platums\u00a0 \u00a0 \u00a0425 mm<br \/>Augstums\u00a0 \u00a0 \u00a0610 mm<br \/>Svars\u00a0 \u00a0 \u00a059 kg<br \/>Elektroapg\u0101de\u00a0 \u00a0 \u00a0Elektrisk\u0101 t\u012bkla<br \/>Jauda\u00a0 \u00a0 \u00a02200 W<br \/>Spriegums\u00a0 \u00a0 \u00a0230 V<br \/>Diska diametrs\u00a0 \u00a0 \u00a0250 mm<br \/>Grie\u0161anas dzi\u013cums 45\u00b0 le\u0146\u0137\u012b\u00a0 \u00a0 \u00a0250 mm<br \/>Grie\u0161anas dzi\u013cums 90\u00b0 le\u0146\u0137\u012b\u00a0 \u00a0 \u00a0250 mm<br \/>Griezuma dzi\u013cuma regul\u0113\u0161ana\u00a0 \u00a0 \u00a0J\u0101<br \/>Papildus inform\u0101cija\u00a0 \u00a0 \u00a0Trieciena sp\u0113ks: 7 T\u00a0<\/p><\/p>","protected":false},"excerpt":{"rendered":"<p>Izstr\u0101d\u0101juma \u012bpa\u0161\u012bbas Kop\u0113jie parametriProdukta veids\u00a0 \u00a0 \u00a0Malkas skald\u012bt\u0101jiZ\u012bmols\u00a0 \u00a0 \u00a0ScheppachModelis\u00a0 \u00a0 \u00a0HL 760LS 7TGarums\u00a0 \u00a0 \u00a01160 mmPlatums\u00a0 \u00a0 \u00a0425 mmAugstums\u00a0 \u00a0 \u00a0610 mmSvars\u00a0 \u00a0 \u00a059 kgElektroapg\u0101de\u00a0 \u00a0 \u00a0Elektrisk\u0101 t\u012bklaJauda\u00a0 \u00a0 \u00a02200 WSpriegums\u00a0 \u00a0 \u00a0230 VDiska diametrs\u00a0 \u00a0 \u00a0250 mmGrie\u0161anas dzi\u013cums 45\u00b0 le\u0146\u0137\u012b\u00a0 \u00a0 \u00a0250 mmGrie\u0161anas dzi\u013cums 90\u00b0 le\u0146\u0137\u012b\u00a0 \u00a0 \u00a0250 mmGriezuma dzi\u013cuma regul\u0113\u0161ana\u00a0 \u00a0 \u00a0J\u0101Papildus [&hellip;]<\/p>\n","protected":false},"featured_media":46838,"comment_status":"open","ping_status":"closed","template":"","meta":{"_joinchat":[]},"product_brand":[],"product_cat":[395],"product_tag":[],"class_list":{"0":"post-46846","1":"product","2":"type-product","3":"status-publish","4":"has-post-thumbnail","6":"product_cat-darza-tehnika-malkas-skalditaji","8":"first","9":"instock","10":"shipping-taxable","11":"purchasable","12":"product-type-simple"},"_links":{"self":[{"href":"https:\/\/emeniro.lovehorses.lv\/ru\/wp-json\/wp\/v2\/product\/46846","targetHints":{"allow":["GET"]}}],"collection":[{"href":"https:\/\/emeniro.lovehorses.lv\/ru\/wp-json\/wp\/v2\/product"}],"about":[{"href":"https:\/\/emeniro.lovehorses.lv\/ru\/wp-json\/wp\/v2\/types\/product"}],"replies":[{"embeddable":true,"href":"https:\/\/emeniro.lovehorses.lv\/ru\/wp-json\/wp\/v2\/comments?post=46846"}],"wp:featuredmedia":[{"embeddable":true,"href":"https:\/\/emeniro.lovehorses.lv\/ru\/wp-json\/wp\/v2\/media\/46838"}],"wp:attachment":[{"href":"https:\/\/emeniro.lovehorses.lv\/ru\/wp-json\/wp\/v2\/media?parent=46846"}],"wp:term":[{"taxonomy":"product_brand","embeddable":true,"href":"https:\/\/emeniro.lovehorses.lv\/ru\/wp-json\/wp\/v2\/product_brand?post=46846"},{"taxonomy":"product_cat","embeddable":true,"href":"https:\/\/emeniro.lovehorses.lv\/ru\/wp-json\/wp\/v2\/product_cat?post=46846"},{"taxonomy":"product_tag","embeddable":true,"href":"https:\/\/emeniro.lovehorses.lv\/ru\/wp-json\/wp\/v2\/product_tag?post=46846"}],"curies":[{"name":"wp","href":"https:\/\/api.w.org\/{rel}","templated":true}]}}