{"id":46869,"date":"2026-05-01T08:58:17","date_gmt":"2026-05-01T08:58:17","guid":{"rendered":"https:\/\/emeniro.lovehorses.lv\/product\/bosch-wqg2320lsn\/"},"modified":"2026-05-01T08:58:17","modified_gmt":"2026-05-01T08:58:17","slug":"bosch-wqg2320lsn","status":"publish","type":"product","link":"https:\/\/emeniro.lovehorses.lv\/ru\/product\/bosch-wqg2320lsn\/","title":{"rendered":"Bosch WQG2320LSN"},"content":{"rendered":"<p>Ra\u017eot\u0101js\u00a0 \u00a0 \u00a0Bosch<\/p>\n<p>Ekr\u0101ns +\u00a0 \u00a0 \u00a0J\u0101<br \/>Ska\u013cuma l\u012bmenis\u00a0 \u00a0 \u00a063 dB<br \/>Mont\u0101\u017eas tips\u00a0 \u00a0 \u00a0Br\u012bvi st\u0101vo\u0161s<br \/>Apgaismojums\u00a0 \u00a0 \u00a0Ir<br \/>Ener\u0123ijas klase\u00a0 \u00a0 \u00a0A++<br \/>Elektroener\u0123ijas pat\u0113ri\u0146\u0161 gad\u0101, kWh +\u00a0 \u00a0 \u00a0216<br \/>Sv\u0101rpstu tilpums, kg\u00a0 \u00a0 \u00a08<br \/>\u017d\u0101v\u0113\u0161anas tips +\u00a0 \u00a0 \u00a0Kondens\u0101cija<br \/>Tvaika funkcija\u00a0 \u00a0 \u00a0Nav<br \/>Apavu \u017e\u0101v\u0113\u0161anas stat\u012bvs\u00a0 \u00a0 \u00a0Nav<br \/>Produkta kategorija\u00a0 \u00a0 \u00a0\u017d\u0101v\u0113t\u0101ji<br \/>Kr\u0101sa\u00a0 \u00a0 \u00a0Balts<br \/>Dzi\u013cums\u00a0 \u00a0 \u00a061 cm<br \/>Platums\u00a0 \u00a0 \u00a060 cm<br \/>Svars, Kg\u00a0 \u00a0 \u00a048.2<br \/>Augstums\u00a0 \u00a0 \u00a084 cm<br \/>Siltums\u016bknis\u00a0 \u00a0 \u00a0J\u0101<br \/>Spriegums +\u00a0 \u00a0 \u00a0220-240 V<\/p><\/p>","protected":false},"excerpt":{"rendered":"<p>Ra\u017eot\u0101js\u00a0 \u00a0 \u00a0Bosch Ekr\u0101ns +\u00a0 \u00a0 \u00a0J\u0101Ska\u013cuma l\u012bmenis\u00a0 \u00a0 \u00a063 dBMont\u0101\u017eas tips\u00a0 \u00a0 \u00a0Br\u012bvi st\u0101vo\u0161sApgaismojums\u00a0 \u00a0 \u00a0IrEner\u0123ijas klase\u00a0 \u00a0 \u00a0A++Elektroener\u0123ijas pat\u0113ri\u0146\u0161 gad\u0101, kWh +\u00a0 \u00a0 \u00a0216Sv\u0101rpstu tilpums, kg\u00a0 \u00a0 \u00a08\u017d\u0101v\u0113\u0161anas tips +\u00a0 \u00a0 \u00a0Kondens\u0101cijaTvaika funkcija\u00a0 \u00a0 \u00a0NavApavu \u017e\u0101v\u0113\u0161anas stat\u012bvs\u00a0 \u00a0 \u00a0NavProdukta kategorija\u00a0 \u00a0 \u00a0\u017d\u0101v\u0113t\u0101jiKr\u0101sa\u00a0 \u00a0 \u00a0BaltsDzi\u013cums\u00a0 \u00a0 \u00a061 cmPlatums\u00a0 \u00a0 \u00a060 cmSvars, Kg\u00a0 \u00a0 \u00a048.2Augstums\u00a0 [&hellip;]<\/p>\n","protected":false},"featured_media":46863,"comment_status":"open","ping_status":"closed","template":"","meta":{"_joinchat":[]},"product_brand":[281],"product_cat":[261],"product_tag":[],"class_list":{"0":"post-46869","1":"product","2":"type-product","3":"status-publish","4":"has-post-thumbnail","6":"product_brand-bosch","7":"product_cat-sadzives-tehnika-velas-zavetaji","9":"first","10":"instock","11":"shipping-taxable","12":"purchasable","13":"product-type-simple"},"_links":{"self":[{"href":"https:\/\/emeniro.lovehorses.lv\/ru\/wp-json\/wp\/v2\/product\/46869","targetHints":{"allow":["GET"]}}],"collection":[{"href":"https:\/\/emeniro.lovehorses.lv\/ru\/wp-json\/wp\/v2\/product"}],"about":[{"href":"https:\/\/emeniro.lovehorses.lv\/ru\/wp-json\/wp\/v2\/types\/product"}],"replies":[{"embeddable":true,"href":"https:\/\/emeniro.lovehorses.lv\/ru\/wp-json\/wp\/v2\/comments?post=46869"}],"wp:featuredmedia":[{"embeddable":true,"href":"https:\/\/emeniro.lovehorses.lv\/ru\/wp-json\/wp\/v2\/media\/46863"}],"wp:attachment":[{"href":"https:\/\/emeniro.lovehorses.lv\/ru\/wp-json\/wp\/v2\/media?parent=46869"}],"wp:term":[{"taxonomy":"product_brand","embeddable":true,"href":"https:\/\/emeniro.lovehorses.lv\/ru\/wp-json\/wp\/v2\/product_brand?post=46869"},{"taxonomy":"product_cat","embeddable":true,"href":"https:\/\/emeniro.lovehorses.lv\/ru\/wp-json\/wp\/v2\/product_cat?post=46869"},{"taxonomy":"product_tag","embeddable":true,"href":"https:\/\/emeniro.lovehorses.lv\/ru\/wp-json\/wp\/v2\/product_tag?post=46869"}],"curies":[{"name":"wp","href":"https:\/\/api.w.org\/{rel}","templated":true}]}}