{"id":46900,"date":"2026-05-01T08:59:17","date_gmt":"2026-05-01T08:59:17","guid":{"rendered":"https:\/\/emeniro.lovehorses.lv\/product\/candy-wsk1102-2-slm-fm\/"},"modified":"2026-05-01T08:59:17","modified_gmt":"2026-05-01T08:59:17","slug":"candy-wsk1102-2-slm-fm","status":"publish","type":"product","link":"https:\/\/emeniro.lovehorses.lv\/ru\/product\/candy-wsk1102-2-slm-fm\/","title":{"rendered":"Candy WSK1102\/2 SLM FM"},"content":{"rendered":"<p>\u0422\u0438\u043f \u043f\u0440\u043e\u0434\u0443\u043a\u0442\u0430<\/p>\n<p>\u0420\u0430\u043c\u043a\u0438 \u0434\u043b\u044f \u0441\u043e\u0435\u0434\u0438\u043d\u0435\u043d\u0438\u044f<br \/>Z\u012bmols\u00a0 Candy<br \/>\u041c\u043e\u0434\u0435\u043b\u044c WSK-1102\/2 SLM FM<br \/>\u0426\u0432\u0435\u0442 \u0411\u0435\u043b\u044b\u0439<br \/>\u041c\u0430\u0442\u0435\u0440\u0438\u0430\u043b \u041c\u0435\u0442\u0430\u043b\u043b<\/p><\/p>","protected":false},"excerpt":{"rendered":"<p>Produkta veids Savieno\u0161anas r\u0101mjiZ\u012bmols\u00a0 CandyModelis WSK-1102\/2 SLM FMKr\u0101sa Balta kr\u0101s.Materi\u0101ls Met\u0101ls<\/p>","protected":false},"featured_media":46898,"comment_status":"open","ping_status":"closed","template":"","meta":{"_joinchat":[]},"product_brand":[267],"product_cat":[331],"product_tag":[],"class_list":{"0":"post-46900","1":"product","2":"type-product","3":"status-publish","4":"has-post-thumbnail","6":"product_brand-candy","7":"product_cat-sadzives-tehnika-velas-masinu-un-zavetaju-aksesuari","9":"first","10":"instock","11":"shipping-taxable","12":"purchasable","13":"product-type-simple"},"_links":{"self":[{"href":"https:\/\/emeniro.lovehorses.lv\/ru\/wp-json\/wp\/v2\/product\/46900","targetHints":{"allow":["GET"]}}],"collection":[{"href":"https:\/\/emeniro.lovehorses.lv\/ru\/wp-json\/wp\/v2\/product"}],"about":[{"href":"https:\/\/emeniro.lovehorses.lv\/ru\/wp-json\/wp\/v2\/types\/product"}],"replies":[{"embeddable":true,"href":"https:\/\/emeniro.lovehorses.lv\/ru\/wp-json\/wp\/v2\/comments?post=46900"}],"wp:featuredmedia":[{"embeddable":true,"href":"https:\/\/emeniro.lovehorses.lv\/ru\/wp-json\/wp\/v2\/media\/46898"}],"wp:attachment":[{"href":"https:\/\/emeniro.lovehorses.lv\/ru\/wp-json\/wp\/v2\/media?parent=46900"}],"wp:term":[{"taxonomy":"product_brand","embeddable":true,"href":"https:\/\/emeniro.lovehorses.lv\/ru\/wp-json\/wp\/v2\/product_brand?post=46900"},{"taxonomy":"product_cat","embeddable":true,"href":"https:\/\/emeniro.lovehorses.lv\/ru\/wp-json\/wp\/v2\/product_cat?post=46900"},{"taxonomy":"product_tag","embeddable":true,"href":"https:\/\/emeniro.lovehorses.lv\/ru\/wp-json\/wp\/v2\/product_tag?post=46900"}],"curies":[{"name":"wp","href":"https:\/\/api.w.org\/{rel}","templated":true}]}}