{"id":46984,"date":"2026-05-01T09:02:27","date_gmt":"2026-05-01T09:02:27","guid":{"rendered":"https:\/\/emeniro.lovehorses.lv\/product\/cbwo-49twme-s\/"},"modified":"2026-05-01T09:02:27","modified_gmt":"2026-05-01T09:02:27","slug":"cbwo-49twme-s","status":"publish","type":"product","link":"https:\/\/emeniro.lovehorses.lv\/ru\/product\/cbwo-49twme-s\/","title":{"rendered":"CBWO 49TWME-S"},"content":{"rendered":"<p>Produkta nosaukums\u00a0 \u00a0 \u00a0CBWO 49TWME-S<\/p>\n<p>EAN kods\u00a0 \u00a0 \u00a08059019022321<br \/>Uzst\u0101d\u012b\u0161anas veids\u00a0 \u00a0 \u00a0Ieb\u016bv\u0113jama<br \/>Iel\u0101des veids\u00a0 \u00a0 \u00a0Front\u0101la<br \/>Ietilp\u012bba (kg)\u00a0 \u00a0 \u00a09<br \/>Maksim\u0101lais centrif\u016bgas \u0101trums (apgr.\/min)\u00a0 \u00a0 \u00a01400<br \/>TEHNISK\u0100S FUNKCIJAS<br \/>Elektronika\u00a0 \u00a0 \u00a0Sk\u0101riendisplejs<br \/>Motors\u00a0 \u00a0 \u00a0Invertora BPM<br \/>Tvertnes materi\u0101ls\u00a0 \u00a0 \u00a0Ner\u016bs\u0113jo\u0161ais t\u0113rauds<br \/>Tvertnes tilpums\u00a0 \u00a0 \u00a058<br \/>Kontaktdak\u0161as veids\u00a0 \u00a0 \u00a0Schuko<br \/>Spriegums (V)\u00a0 \u00a0 \u00a0220\u2013240<br \/>Savienojam\u012bba\u00a0 \u00a0 \u00a0T\u0101lvad\u012bba (Wi-Fi + NFC)<br \/>IoT lietotne\u00a0 \u00a0 \u00a0simply-Fi<br \/>PROGRAMMAS UN FUNKCIJAS<br \/>Programmu skaits\u00a0 \u00a0 \u00a016<br \/>Atlikt\u0101 starta iesp\u0113ja\u00a0 \u00a0 \u00a0J\u0101 (l\u012bdz 24 h)<br \/>Galven\u0101s funkcijas\u00a0 \u00a0 \u00a0Mix Power System<br \/>Autodose\u00a0 \u00a0 \u00a0Nav<br \/>Tvaiks\u00a0 \u00a0 \u00a0Nav<br \/>DIZAINS<br \/>Korpusa kr\u0101sa\u00a0 \u00a0 \u00a0Balta<br \/>Kr\u0101sa \/ r\u0101mis\u00a0 \u00a0 \u00a0Grey<br \/>P\u0101rsl\u0113ga kr\u0101sa\u00a0 \u00a0 \u00a0Balta<br \/>Durvju kr\u0101sa\/materi\u0101ls\u00a0 \u00a0 \u00a0Balta<br \/>JAUDA UN PAT\u0112RI\u0145\u0160<br \/>Ener\u0123ijas klase\u00a0 \u00a0 \u00a0A<br \/>Centrif\u016bgas efektivit\u0101tes klase\u00a0 \u00a0 \u00a0B<br \/>Vid\u0113jais ener\u0123ijas pat\u0113ri\u0146\u0161 [100 cikli, ekol. 40\u201360]\u00a0 \u00a0 \u00a049<br \/>Programmas ilgums. Nomin\u0101l\u0101 ietilp\u012bba\u00a0 \u00a0 \u00a03:48<br \/>\u016adens pat\u0113ri\u0146\u0161\u00a0 \u00a0 \u00a046<br \/>Centrif\u016bgas trrok\u0161\u0146u l\u012bmenis: ener\u0123ijas mar\u0137\u0113juma klasifik\u0101cija EN 60704-3\u00a0 \u00a0 \u00a075<br \/>Gaisa akustisk\u0101 trok\u0161\u0146a emisijas klase\u00a0 \u00a0 \u00a0B<br \/>IZM\u0112RI<br \/>Augstums (cm)\u00a0 \u00a0 \u00a082<br \/>Platums (cm)\u00a0 \u00a0 \u00a060<br \/>Pilns dzi\u013cums ar durv\u012bm un caurul\u0113m (cm)\u00a0 \u00a0 \u00a054<br \/>Dzi\u013cums mm (bez caurul\u0113m un l\u016bkas)\u00a0 \u00a0 \u00a0470<br \/>Produkta iepakojuma augstums (mm)\u00a0 \u00a0 \u00a0875<br \/>Produkta iepakojuma platums (mm)\u00a0 \u00a0 \u00a0650<br \/>Produkta iepakojuma dzi\u013cums (mm)\u00a0 \u00a0 \u00a0570<br \/>Neto svars (kg)\u00a0 \u00a0 \u00a064,1<br \/>Bruto svars (kg)\u00a0 \u00a0 \u00a066,1<\/p><\/p>\n","protected":false},"excerpt":{"rendered":"<p>Produkta nosaukums\u00a0 \u00a0 \u00a0CBWO 49TWME-S EAN kods\u00a0 \u00a0 \u00a08059019022321Uzst\u0101d\u012b\u0161anas veids\u00a0 \u00a0 \u00a0Ieb\u016bv\u0113jamaIel\u0101des veids\u00a0 \u00a0 \u00a0Front\u0101laIetilp\u012bba (kg)\u00a0 \u00a0 \u00a09Maksim\u0101lais centrif\u016bgas \u0101trums (apgr.\/min)\u00a0 \u00a0 \u00a01400TEHNISK\u0100S FUNKCIJASElektronika\u00a0 \u00a0 \u00a0Sk\u0101riendisplejsMotors\u00a0 \u00a0 \u00a0Invertora BPMTvertnes materi\u0101ls\u00a0 \u00a0 \u00a0Ner\u016bs\u0113jo\u0161ais t\u0113raudsTvertnes tilpums\u00a0 \u00a0 \u00a058Kontaktdak\u0161as veids\u00a0 \u00a0 \u00a0SchukoSpriegums (V)\u00a0 \u00a0 \u00a0220\u2013240Savienojam\u012bba\u00a0 \u00a0 \u00a0T\u0101lvad\u012bba (Wi-Fi + NFC)IoT lietotne\u00a0 \u00a0 \u00a0simply-FiPROGRAMMAS UN FUNKCIJASProgrammu skaits\u00a0 \u00a0 \u00a016Atlikt\u0101 [&hellip;]<\/p>\n","protected":false},"featured_media":46978,"comment_status":"open","ping_status":"closed","template":"","meta":{"_joinchat":[]},"product_brand":[],"product_cat":[310],"product_tag":[],"class_list":{"0":"post-46984","1":"product","2":"type-product","3":"status-publish","4":"has-post-thumbnail","6":"product_cat-iebuvejama-sadzives-tehnika-iebuvejamas-velas-masinas","8":"first","9":"instock","10":"shipping-taxable","11":"purchasable","12":"product-type-simple"},"_links":{"self":[{"href":"https:\/\/emeniro.lovehorses.lv\/ru\/wp-json\/wp\/v2\/product\/46984","targetHints":{"allow":["GET"]}}],"collection":[{"href":"https:\/\/emeniro.lovehorses.lv\/ru\/wp-json\/wp\/v2\/product"}],"about":[{"href":"https:\/\/emeniro.lovehorses.lv\/ru\/wp-json\/wp\/v2\/types\/product"}],"replies":[{"embeddable":true,"href":"https:\/\/emeniro.lovehorses.lv\/ru\/wp-json\/wp\/v2\/comments?post=46984"}],"wp:featuredmedia":[{"embeddable":true,"href":"https:\/\/emeniro.lovehorses.lv\/ru\/wp-json\/wp\/v2\/media\/46978"}],"wp:attachment":[{"href":"https:\/\/emeniro.lovehorses.lv\/ru\/wp-json\/wp\/v2\/media?parent=46984"}],"wp:term":[{"taxonomy":"product_brand","embeddable":true,"href":"https:\/\/emeniro.lovehorses.lv\/ru\/wp-json\/wp\/v2\/product_brand?post=46984"},{"taxonomy":"product_cat","embeddable":true,"href":"https:\/\/emeniro.lovehorses.lv\/ru\/wp-json\/wp\/v2\/product_cat?post=46984"},{"taxonomy":"product_tag","embeddable":true,"href":"https:\/\/emeniro.lovehorses.lv\/ru\/wp-json\/wp\/v2\/product_tag?post=46984"}],"curies":[{"name":"wp","href":"https:\/\/api.w.org\/{rel}","templated":true}]}}