{"id":46990,"date":"2026-05-01T09:02:47","date_gmt":"2026-05-01T09:02:47","guid":{"rendered":"https:\/\/emeniro.lovehorses.lv\/product\/siemens-hm776gkb1\/"},"modified":"2026-05-01T09:02:47","modified_gmt":"2026-05-01T09:02:47","slug":"siemens-hm776gkb1","status":"publish","type":"product","link":"https:\/\/emeniro.lovehorses.lv\/ru\/product\/siemens-hm776gkb1\/","title":{"rendered":"Siemens HM776GKB1"},"content":{"rendered":"<\/p>\n<p>Augstums (cm)\u00a0 \u00a0 59,5<br \/>Cepe\u0161kr\u0101sns tilpums (L)\u00a0 \u00a0 67<br \/>Cepe\u0161kr\u0101sns veids\u00a0 \u00a0 elektrisk\u0101 cepe\u0161kr\u0101sns 60 cm plata<br \/>Dzi\u013cums (cm)\u00a0 \u00a0 54,8<br \/>Ga\u013cas termometrs\u00a0 \u00a0 \u2013<br \/>Iegremd\u0113jam\u0101s rot\u0101cijas pogas\u00a0 \u00a0 \u2013<br \/>Iek\u013cauts\u00a0 \u00a0 Grillrest, koogiplaat, rasvakogumispann<br \/>Kr\u0101sa\u00a0 \u00a0 Melns<br \/>Mikrolainefunktsioon\u00a0 \u00a0 +<br \/>Platums (cm)\u00a0 \u00a0 59,4<br \/>Svars (kg)\u00a0 \u00a0 43,8<br \/>Teleskopisk\u0101s sliedes\u00a0 \u00a0 +<br \/>Temperat\u016bras diapazons (\u00b0 C)\u00a0 \u00a0 30-300<br \/>T\u012br\u012b\u0161anas sist\u0113ma\u00a0 \u00a0 pirol\u012btisk\u0101 att\u012br\u012b\u0161ana<br \/>Tvaika funkcija\u00a0 \u00a0 \u2013<br \/>WiFi\/lietotne\u00a0 \u00a0 +<\/p><\/p>","protected":false},"excerpt":{"rendered":"<p>Augstums (cm)\u00a0 \u00a0 59,5Cepe\u0161kr\u0101sns tilpums (L)\u00a0 \u00a0 67Cepe\u0161kr\u0101sns veids\u00a0 \u00a0 elektrisk\u0101 cepe\u0161kr\u0101sns 60 cm plataDzi\u013cums (cm)\u00a0 \u00a0 54,8Ga\u013cas termometrs\u00a0 \u00a0 \u2013Iegremd\u0113jam\u0101s rot\u0101cijas pogas\u00a0 \u00a0 \u2013Iek\u013cauts\u00a0 \u00a0 Grillrest, koogiplaat, rasvakogumispannKr\u0101sa\u00a0 \u00a0 MelnsMikrolainefunktsioon\u00a0 \u00a0 +Platums (cm)\u00a0 \u00a0 59,4Svars (kg)\u00a0 \u00a0 43,8Teleskopisk\u0101s sliedes\u00a0 \u00a0 +Temperat\u016bras diapazons (\u00b0 C)\u00a0 \u00a0 30-300T\u012br\u012b\u0161anas sist\u0113ma\u00a0 \u00a0 pirol\u012btisk\u0101 att\u012br\u012b\u0161anaTvaika funkcija\u00a0 \u00a0 \u2013WiFi\/lietotne\u00a0 \u00a0 [&hellip;]<\/p>\n","protected":false},"featured_media":46985,"comment_status":"open","ping_status":"closed","template":"","meta":{"_joinchat":[]},"product_brand":[291],"product_cat":[266],"product_tag":[],"class_list":{"0":"post-46990","1":"product","2":"type-product","3":"status-publish","4":"has-post-thumbnail","6":"product_brand-siemens","7":"product_cat-iebuvejama-sadzives-tehnika-iebuvejamas-cepeskrasnis","9":"first","10":"instock","11":"shipping-taxable","12":"purchasable","13":"product-type-simple"},"_links":{"self":[{"href":"https:\/\/emeniro.lovehorses.lv\/ru\/wp-json\/wp\/v2\/product\/46990","targetHints":{"allow":["GET"]}}],"collection":[{"href":"https:\/\/emeniro.lovehorses.lv\/ru\/wp-json\/wp\/v2\/product"}],"about":[{"href":"https:\/\/emeniro.lovehorses.lv\/ru\/wp-json\/wp\/v2\/types\/product"}],"replies":[{"embeddable":true,"href":"https:\/\/emeniro.lovehorses.lv\/ru\/wp-json\/wp\/v2\/comments?post=46990"}],"wp:featuredmedia":[{"embeddable":true,"href":"https:\/\/emeniro.lovehorses.lv\/ru\/wp-json\/wp\/v2\/media\/46985"}],"wp:attachment":[{"href":"https:\/\/emeniro.lovehorses.lv\/ru\/wp-json\/wp\/v2\/media?parent=46990"}],"wp:term":[{"taxonomy":"product_brand","embeddable":true,"href":"https:\/\/emeniro.lovehorses.lv\/ru\/wp-json\/wp\/v2\/product_brand?post=46990"},{"taxonomy":"product_cat","embeddable":true,"href":"https:\/\/emeniro.lovehorses.lv\/ru\/wp-json\/wp\/v2\/product_cat?post=46990"},{"taxonomy":"product_tag","embeddable":true,"href":"https:\/\/emeniro.lovehorses.lv\/ru\/wp-json\/wp\/v2\/product_tag?post=46990"}],"curies":[{"name":"wp","href":"https:\/\/api.w.org\/{rel}","templated":true}]}}