{"id":46997,"date":"2026-05-01T09:03:06","date_gmt":"2026-05-01T09:03:06","guid":{"rendered":"https:\/\/emeniro.lovehorses.lv\/product\/siemens-ex275hxc1e-indukcijas\/"},"modified":"2026-05-01T09:03:06","modified_gmt":"2026-05-01T09:03:06","slug":"siemens-ex275hxc1e-indukcijas","status":"publish","type":"product","link":"https:\/\/emeniro.lovehorses.lv\/ru\/product\/siemens-ex275hxc1e-indukcijas\/","title":{"rendered":"Siemens EX275HXC1E \u0418\u043d\u0434\u0443\u043a\u0446\u0438\u043e\u043d\u043d\u0430\u044f"},"content":{"rendered":"<p>Ar ieb\u016bv\u0113tu kapuci\u00a0 \u00a0 \u2013<\/p>\n<p>Augstums (cm)\u00a0 \u00a0 5.1<br \/>Dzi\u013cums (cm)\u00a0 \u00a0 35<br \/>Gatavo\u0161anas zonu savieno\u0161ana\u00a0 \u00a0 +<br \/>Gatavo\u0161anas zonu skaits\u00a0 \u00a0 4<br \/>Kr\u0101sa\u00a0 \u00a0 Melns<br \/>Papla\u0161in\u0101mas gatavo\u0161anas zonas\u00a0 \u00a0 \u2013<br \/>Platums (cm)\u00a0 \u00a0 91,2<br \/>Pl\u012bts virsmas veids\u00a0 \u00a0 Keramikas pl\u012bts<br \/>Savienojums starp pl\u012bts virsmu un tvaika nos\u016bc\u0113ju\u00a0 \u00a0 \u2013<br \/>Serv\u00a0 \u00a0 Kaldl\u00f5ikega<br \/>Taimeris\u00a0 \u00a0 +<br \/>Vad\u012bbas panelis\u00a0 \u00a0 Sk\u0101rienjut\u012bgs<br \/>WiFi\/lietotne\u00a0 \u00a0 +<\/p><\/p>","protected":false},"excerpt":{"rendered":"<p>Ar ieb\u016bv\u0113tu kapuci\u00a0 \u00a0 \u2013 Augstums (cm)\u00a0 \u00a0 5.1Dzi\u013cums (cm)\u00a0 \u00a0 35Gatavo\u0161anas zonu savieno\u0161ana\u00a0 \u00a0 +Gatavo\u0161anas zonu skaits\u00a0 \u00a0 4Kr\u0101sa\u00a0 \u00a0 MelnsPapla\u0161in\u0101mas gatavo\u0161anas zonas\u00a0 \u00a0 \u2013Platums (cm)\u00a0 \u00a0 91,2Pl\u012bts virsmas veids\u00a0 \u00a0 Keramikas pl\u012btsSavienojums starp pl\u012bts virsmu un tvaika nos\u016bc\u0113ju\u00a0 \u00a0 \u2013Serv\u00a0 \u00a0 Kaldl\u00f5ikegaTaimeris\u00a0 \u00a0 +Vad\u012bbas panelis\u00a0 \u00a0 Sk\u0101rienjut\u012bgsWiFi\/lietotne\u00a0 \u00a0 +<\/p>","protected":false},"featured_media":46991,"comment_status":"open","ping_status":"closed","template":"","meta":{"_joinchat":[]},"product_brand":[291],"product_cat":[264],"product_tag":[],"class_list":{"0":"post-46997","1":"product","2":"type-product","3":"status-publish","4":"has-post-thumbnail","6":"product_brand-siemens","7":"product_cat-iebuvejama-sadzives-tehnika-iebuvejamas-elektriskas-plits-virsmas","9":"first","10":"instock","11":"shipping-taxable","12":"purchasable","13":"product-type-simple"},"_links":{"self":[{"href":"https:\/\/emeniro.lovehorses.lv\/ru\/wp-json\/wp\/v2\/product\/46997","targetHints":{"allow":["GET"]}}],"collection":[{"href":"https:\/\/emeniro.lovehorses.lv\/ru\/wp-json\/wp\/v2\/product"}],"about":[{"href":"https:\/\/emeniro.lovehorses.lv\/ru\/wp-json\/wp\/v2\/types\/product"}],"replies":[{"embeddable":true,"href":"https:\/\/emeniro.lovehorses.lv\/ru\/wp-json\/wp\/v2\/comments?post=46997"}],"wp:featuredmedia":[{"embeddable":true,"href":"https:\/\/emeniro.lovehorses.lv\/ru\/wp-json\/wp\/v2\/media\/46991"}],"wp:attachment":[{"href":"https:\/\/emeniro.lovehorses.lv\/ru\/wp-json\/wp\/v2\/media?parent=46997"}],"wp:term":[{"taxonomy":"product_brand","embeddable":true,"href":"https:\/\/emeniro.lovehorses.lv\/ru\/wp-json\/wp\/v2\/product_brand?post=46997"},{"taxonomy":"product_cat","embeddable":true,"href":"https:\/\/emeniro.lovehorses.lv\/ru\/wp-json\/wp\/v2\/product_cat?post=46997"},{"taxonomy":"product_tag","embeddable":true,"href":"https:\/\/emeniro.lovehorses.lv\/ru\/wp-json\/wp\/v2\/product_tag?post=46997"}],"curies":[{"name":"wp","href":"https:\/\/api.w.org\/{rel}","templated":true}]}}