{"id":47001,"date":"2026-05-01T09:03:19","date_gmt":"2026-05-01T09:03:19","guid":{"rendered":"https:\/\/emeniro.lovehorses.lv\/product\/siemens-ex645hxc1e\/"},"modified":"2026-05-01T09:03:19","modified_gmt":"2026-05-01T09:03:19","slug":"siemens-ex645hxc1e","status":"publish","type":"product","link":"https:\/\/emeniro.lovehorses.lv\/ru\/product\/siemens-ex645hxc1e\/","title":{"rendered":"Siemens EX645HXC1E"},"content":{"rendered":"<p>Ar ieb\u016bv\u0113tu kapuci\u00a0 \u00a0 \u2013<\/p>\n<p>Augstums (cm)\u00a0 \u00a0 5,5<br \/>B\u0113rnu sl\u0113dzene\u00a0 \u00a0 +<br \/>Dzi\u013cums (cm)\u00a0 \u00a0 51,3<br \/>Gatavo\u0161anas zonu savieno\u0161ana\u00a0 \u00a0 +<br \/>Gatavo\u0161anas zonu skaits\u00a0 \u00a0 4<br \/>Kr\u0101sa\u00a0 \u00a0 Melns<br \/>Papla\u0161in\u0101mas gatavo\u0161anas zonas\u00a0 \u00a0 \u2013<br \/>Platums (cm)\u00a0 \u00a0 58,3<br \/>Pl\u012bts virsmas veids\u00a0 \u00a0 Induktsioon pliidiplaat<br \/>Savienojums starp pl\u012bts virsmu un tvaika nos\u016bc\u0113ju\u00a0 \u00a0 +<br \/>Serv\u00a0 \u00a0 Raamiga<br \/>Taimeris\u00a0 \u00a0 +<br \/>Vad\u012bbas panelis\u00a0 \u00a0 Sk\u0101rienjut\u012bgs<\/p><\/p>","protected":false},"excerpt":{"rendered":"<p>Ar ieb\u016bv\u0113tu kapuci\u00a0 \u00a0 \u2013 Augstums (cm)\u00a0 \u00a0 5,5B\u0113rnu sl\u0113dzene\u00a0 \u00a0 +Dzi\u013cums (cm)\u00a0 \u00a0 51,3Gatavo\u0161anas zonu savieno\u0161ana\u00a0 \u00a0 +Gatavo\u0161anas zonu skaits\u00a0 \u00a0 4Kr\u0101sa\u00a0 \u00a0 MelnsPapla\u0161in\u0101mas gatavo\u0161anas zonas\u00a0 \u00a0 \u2013Platums (cm)\u00a0 \u00a0 58,3Pl\u012bts virsmas veids\u00a0 \u00a0 Induktsioon pliidiplaatSavienojums starp pl\u012bts virsmu un tvaika nos\u016bc\u0113ju\u00a0 \u00a0 +Serv\u00a0 \u00a0 RaamigaTaimeris\u00a0 \u00a0 +Vad\u012bbas panelis\u00a0 \u00a0 Sk\u0101rienjut\u012bgs<\/p>","protected":false},"featured_media":46998,"comment_status":"open","ping_status":"closed","template":"","meta":{"_joinchat":[]},"product_brand":[291],"product_cat":[264],"product_tag":[],"class_list":{"0":"post-47001","1":"product","2":"type-product","3":"status-publish","4":"has-post-thumbnail","6":"product_brand-siemens","7":"product_cat-iebuvejama-sadzives-tehnika-iebuvejamas-elektriskas-plits-virsmas","9":"first","10":"instock","11":"shipping-taxable","12":"purchasable","13":"product-type-simple"},"_links":{"self":[{"href":"https:\/\/emeniro.lovehorses.lv\/ru\/wp-json\/wp\/v2\/product\/47001","targetHints":{"allow":["GET"]}}],"collection":[{"href":"https:\/\/emeniro.lovehorses.lv\/ru\/wp-json\/wp\/v2\/product"}],"about":[{"href":"https:\/\/emeniro.lovehorses.lv\/ru\/wp-json\/wp\/v2\/types\/product"}],"replies":[{"embeddable":true,"href":"https:\/\/emeniro.lovehorses.lv\/ru\/wp-json\/wp\/v2\/comments?post=47001"}],"wp:featuredmedia":[{"embeddable":true,"href":"https:\/\/emeniro.lovehorses.lv\/ru\/wp-json\/wp\/v2\/media\/46998"}],"wp:attachment":[{"href":"https:\/\/emeniro.lovehorses.lv\/ru\/wp-json\/wp\/v2\/media?parent=47001"}],"wp:term":[{"taxonomy":"product_brand","embeddable":true,"href":"https:\/\/emeniro.lovehorses.lv\/ru\/wp-json\/wp\/v2\/product_brand?post=47001"},{"taxonomy":"product_cat","embeddable":true,"href":"https:\/\/emeniro.lovehorses.lv\/ru\/wp-json\/wp\/v2\/product_cat?post=47001"},{"taxonomy":"product_tag","embeddable":true,"href":"https:\/\/emeniro.lovehorses.lv\/ru\/wp-json\/wp\/v2\/product_tag?post=47001"}],"curies":[{"name":"wp","href":"https:\/\/api.w.org\/{rel}","templated":true}]}}