{"id":47078,"date":"2026-05-01T09:06:39","date_gmt":"2026-05-01T09:06:39","guid":{"rendered":"https:\/\/emeniro.lovehorses.lv\/product\/gorenje-bos6737e13bg\/"},"modified":"2026-05-01T09:06:39","modified_gmt":"2026-05-01T09:06:39","slug":"gorenje-bos6737e13bg","status":"publish","type":"product","link":"https:\/\/emeniro.lovehorses.lv\/ru\/product\/gorenje-bos6737e13bg\/","title":{"rendered":"Gorenje BOS6737E13BG"},"content":{"rendered":"<p>Ra\u017eot\u0101js\u00a0 \u00a0 \u00a0Gorenje<\/p>\n<p>Cepe\u0161kr\u0101sns taimeris\u00a0 \u00a0 \u00a0IconLed<br \/>Mont\u0101\u017eas tips\u00a0 \u00a0 \u00a0Ieb\u016bv\u0113jams<br \/>Apgaismojums\u00a0 \u00a0 \u00a0Ir<br \/>Platuma interv\u0101ls, cm\u00a0 \u00a0 \u00a050 \u2013 59 cm<br \/>Ener\u0123ijas klase\u00a0 \u00a0 \u00a0A<br \/>Tilpums, l\u00a0 \u00a0 \u00a077<br \/>Kr\u0101sns tips\u00a0 \u00a0 \u00a0Elektrisk\u0101<br \/>Grils\u00a0 \u00a0 \u00a0Ir<br \/>Gatavo\u0161ana tvaikos\u00a0 \u00a0 \u00a0J\u0101<br \/>Pa\u0161att\u012br\u012b\u0161an\u0101s\u00a0 \u00a0 \u00a0Hidrol\u012bze<br \/>Produkta kategorija\u00a0 \u00a0 \u00a0Kr\u0101snis<br \/>Kr\u0101sa\u00a0 \u00a0 \u00a0Melns<br \/>Dzi\u013cums\u00a0 \u00a0 \u00a0564 mm<br \/>Platums\u00a0 \u00a0 \u00a0595 mm<br \/>Svars, Kg\u00a0 \u00a0 \u00a028.3<br \/>Augstums\u00a0 \u00a0 \u00a0595mm<br \/>Svars ar iepakojumu, Kg\u00a0 \u00a0 \u00a030.3<br \/>Cepe\u0161kr\u0101sns kontrole\u00a0 \u00a0 \u00a0Iespie\u017eam\u0101s pogas\/sensors<\/p><\/p>","protected":false},"excerpt":{"rendered":"<p>Ra\u017eot\u0101js\u00a0 \u00a0 \u00a0Gorenje Cepe\u0161kr\u0101sns taimeris\u00a0 \u00a0 \u00a0IconLedMont\u0101\u017eas tips\u00a0 \u00a0 \u00a0Ieb\u016bv\u0113jamsApgaismojums\u00a0 \u00a0 \u00a0IrPlatuma interv\u0101ls, cm\u00a0 \u00a0 \u00a050 \u2013 59 cmEner\u0123ijas klase\u00a0 \u00a0 \u00a0ATilpums, l\u00a0 \u00a0 \u00a077Kr\u0101sns tips\u00a0 \u00a0 \u00a0Elektrisk\u0101Grils\u00a0 \u00a0 \u00a0IrGatavo\u0161ana tvaikos\u00a0 \u00a0 \u00a0J\u0101Pa\u0161att\u012br\u012b\u0161an\u0101s\u00a0 \u00a0 \u00a0Hidrol\u012bzeProdukta kategorija\u00a0 \u00a0 \u00a0Kr\u0101snisKr\u0101sa\u00a0 \u00a0 \u00a0MelnsDzi\u013cums\u00a0 \u00a0 \u00a0564 mmPlatums\u00a0 \u00a0 \u00a0595 mmSvars, Kg\u00a0 \u00a0 \u00a028.3Augstums\u00a0 \u00a0 \u00a0595mmSvars ar iepakojumu, Kg\u00a0 \u00a0 [&hellip;]<\/p>\n","protected":false},"featured_media":47074,"comment_status":"open","ping_status":"closed","template":"","meta":{"_joinchat":[]},"product_brand":[271],"product_cat":[266],"product_tag":[],"class_list":{"0":"post-47078","1":"product","2":"type-product","3":"status-publish","4":"has-post-thumbnail","6":"product_brand-gorenje","7":"product_cat-iebuvejama-sadzives-tehnika-iebuvejamas-cepeskrasnis","9":"first","10":"instock","11":"shipping-taxable","12":"purchasable","13":"product-type-simple"},"_links":{"self":[{"href":"https:\/\/emeniro.lovehorses.lv\/ru\/wp-json\/wp\/v2\/product\/47078","targetHints":{"allow":["GET"]}}],"collection":[{"href":"https:\/\/emeniro.lovehorses.lv\/ru\/wp-json\/wp\/v2\/product"}],"about":[{"href":"https:\/\/emeniro.lovehorses.lv\/ru\/wp-json\/wp\/v2\/types\/product"}],"replies":[{"embeddable":true,"href":"https:\/\/emeniro.lovehorses.lv\/ru\/wp-json\/wp\/v2\/comments?post=47078"}],"wp:featuredmedia":[{"embeddable":true,"href":"https:\/\/emeniro.lovehorses.lv\/ru\/wp-json\/wp\/v2\/media\/47074"}],"wp:attachment":[{"href":"https:\/\/emeniro.lovehorses.lv\/ru\/wp-json\/wp\/v2\/media?parent=47078"}],"wp:term":[{"taxonomy":"product_brand","embeddable":true,"href":"https:\/\/emeniro.lovehorses.lv\/ru\/wp-json\/wp\/v2\/product_brand?post=47078"},{"taxonomy":"product_cat","embeddable":true,"href":"https:\/\/emeniro.lovehorses.lv\/ru\/wp-json\/wp\/v2\/product_cat?post=47078"},{"taxonomy":"product_tag","embeddable":true,"href":"https:\/\/emeniro.lovehorses.lv\/ru\/wp-json\/wp\/v2\/product_tag?post=47078"}],"curies":[{"name":"wp","href":"https:\/\/api.w.org\/{rel}","templated":true}]}}