{"id":47110,"date":"2026-05-01T09:07:45","date_gmt":"2026-05-01T09:07:45","guid":{"rendered":"https:\/\/emeniro.lovehorses.lv\/product\/lg-sc9s\/"},"modified":"2026-05-01T09:07:45","modified_gmt":"2026-05-01T09:07:45","slug":"lg-sc9s","status":"publish","type":"product","link":"https:\/\/emeniro.lovehorses.lv\/ru\/product\/lg-sc9s\/","title":{"rendered":"LG SC9S"},"content":{"rendered":"<p>\u0414\u043e\u043c\u0430\u0448\u043d\u0438\u0439 \u043a\u0438\u043d\u043e\u0442\u0435\u0430\u0442\u0440 \u0421\u0430\u0443\u043d\u0434\u0431\u0430\u0440<\/p>\n<p>\u041e\u0431\u0449\u0430\u044f \u043c\u043e\u0449\u043d\u043e\u0441\u0442\u044c 400 \u0412\u0442\u00a0 \u00a0<br \/>Kan\u0101lu skaits:\u00a0 \u00a0 3.1.3\u00a0\u00a0<br \/>Akustikas tips:\u00a0 \u00a0 Ska\u0146as panelis + sabv\u016bferis\u00a0\u00a0<br \/>Ska\u013cru\u0146u piesl\u0113g\u0161ana:\u00a0 \u00a0 Bezvadu sabv\u016bferis\u00a0 \u00a0<br \/>Karaoke:\u00a0 \u00a0 Nav\u00a0 \u00a0<br \/>FM radio:\u00a0 \u00a0 Nav\u00a0 \u00a0<br \/>Kr\u0101sa:\u00a0 \u00a0 Melna\u00a0\u00a0<br \/>\u0424\u043e\u0440\u043c\u0430\u0442\u044b<br \/>Att\u0113la p\u0101rveido\u0161ana l\u012bdz Ultra HD:\u00a0 \u00a0 Nav\u00a0\u00a0<br \/>Ciparu video form\u0101ti:\u00a0 \u00a0 Nav\u00a0 \u00a0<br \/>Ciparu foto att\u0113lu form\u0101ti:\u00a0 \u00a0 Nav\u00a0 \u00a0<br \/>Ciparu audio form\u0101ti:\u00a0 \u00a0 MP3, AAC, AAC+, WAV, OGG, FLAC\u00a0 \u00a0<br \/>Mikrofons komplekt\u0101:\u00a0 \u00a0 Nav\u00a0 \u00a0<br \/>\u0423\u043c\u043d\u044b\u0435 \u0444\u0443\u043d\u043a\u0446\u0438\u0438<br \/>Smart:\u00a0 \u00a0 Amazon Alexa, Google Assistant, Apple AirPlay 2, Spotify Connect, Chromecast\u00a0 \u00a0<br \/>Aplik\u0101ciju uzst\u0101d\u012b\u0161ana:\u00a0 \u00a0 Nav\u00a0 \u00a0<br \/>Interneta video skat\u012b\u0161ana:\u00a0 \u00a0 Nav\u00a0 \u00a0<br \/>\u0411\u0435\u0441\u043f\u0440\u043e\u0432\u043e\u0434\u043d\u043e\u0435 \u043f\u043e\u0434\u043a\u043b\u044e\u0447\u0435\u043d\u0438\u0435<br \/>Bluetooth:\u00a0 \u00a0 Ir, ieb\u016bv\u0113ts\u00a0 \u00a0<br \/>Bezvadu piesl\u0113gums Wi-Fi:\u00a0 \u00a0 Ir, ieb\u016bv\u0113ts\u00a0 \u00a0<br \/>Wi-Fi Direct:\u00a0 \u00a0 Nav\u00a0 \u00a0<br \/>NFC:\u00a0 \u00a0 Nav\u00a0\u00a0<br \/>\u041f\u043e\u0434\u043a\u043b\u044e\u0447\u0435\u043d\u0438\u044f<br \/>USB:\u00a0 \u00a0 1\u00a0 \u00a0<br \/>HDMI ieeja:\u00a0 \u00a0 1\u00a0 \u00a0<br \/>HDMI izeja:\u00a0 \u00a0 1\u00a0 \u00a0<br \/>Audio ieeja optisk\u0101:\u00a0 \u00a0 Ir\u00a0 \u00a0<br \/>Analogu audio ieeja:\u00a0 \u00a0 Nav\u00a0 \u00a0<br \/>Spraudnis mikrofonam:\u00a0 \u00a0 Nav\u00a0 \u00a0<br \/>Video izeja komponent\u0101:\u00a0 \u00a0 Nav\u00a0 \u00a0<br \/>Video izeja kompoz\u012bt\u0101:\u00a0 \u00a0 Nav\u00a0 \u00a0<br \/>Vad\u012bba ar viedt\u0101lruni:\u00a0 \u00a0 Ir\u00a0\u00a0<br \/>\u0421\u0430\u0443\u043d\u0434\u0431\u0430\u0440<br \/>\u0414\u043e\u043c\u0430\u0448\u043d\u0438\u0439 \u043a\u0438\u043d\u043e\u0442\u0435\u0430\u0442\u0440 LG SC9S \u043e\u0441\u043d\u0430\u0449\u0435\u043d \u0441\u0430\u0443\u043d\u0434\u0431\u0430\u0440\u043e\u043c, \u043a\u043e\u0442\u043e\u0440\u044b\u0439 \u0445\u043e\u0440\u043e\u0448 \u0442\u0435\u043c, \u0447\u0442\u043e \u043e\u0431\u044a\u0435\u0434\u0438\u043d\u044f\u0435\u0442 \u0434\u0438\u043d\u0430\u043c\u0438\u043a\u0438. \u0412\u0430\u043c \u043d\u0435 \u043f\u0440\u0438\u0434\u0435\u0442\u0441\u044f \u0434\u0443\u043c\u0430\u0442\u044c, \u043a\u0430\u043a \u0438 \u043a\u0443\u0434\u0430 \u0440\u0430\u0437\u043c\u0435\u0441\u0442\u0438\u0442\u044c \u043a\u043e\u043b\u043e\u043d\u043a\u0438 \u2014 \u043f\u0440\u043e\u0441\u0442\u043e \u043f\u043e\u0441\u0442\u0430\u0432\u044c\u0442\u0435 \u0441\u0430\u0443\u043d\u0434\u0431\u0430\u0440 \u0440\u044f\u0434\u043e\u043c \u0441 \u0442\u0435\u043b\u0435\u0432\u0438\u0437\u043e\u0440\u043e\u043c \u0438 \u043e\u0446\u0435\u043d\u0438\u0442\u0435 \u0437\u0432\u0443\u043a!<\/p>\n<p>\u0411\u0435\u0441\u043f\u0440\u043e\u0432\u043e\u0434\u043d\u043e\u0435 \u043f\u043e\u0434\u043a\u043b\u044e\u0447\u0435\u043d\u0438\u0435 \u0441\u0430\u0431\u0432\u0443\u0444\u0435\u0440\u0430<br \/>\u0410\u043a\u0443\u0441\u0442\u0438\u0447\u0435\u0441\u043a\u0430\u044f \u0441\u0438\u0441\u0442\u0435\u043c\u0430 \u0434\u043e\u043c\u0430\u0448\u043d\u0435\u0433\u043e \u043a\u0438\u043d\u043e\u0442\u0435\u0430\u0442\u0440\u0430 LG SC9S \u043f\u043e\u0434\u0434\u0435\u0440\u0436\u0438\u0432\u0430\u0435\u0442 \u0431\u0435\u0441\u043f\u0440\u043e\u0432\u043e\u0434\u043d\u043e\u0435 \u043f\u043e\u0434\u043a\u043b\u044e\u0447\u0435\u043d\u0438\u0435 \u0441\u0430\u0431\u0432\u0443\u0444\u0435\u0440\u0430. \u0411\u043b\u0430\u0433\u043e\u0434\u0430\u0440\u044f \u043e\u0442\u0441\u0443\u0442\u0441\u0442\u0432\u0438\u044e \u043f\u0440\u043e\u0432\u043e\u0434\u043e\u0432 \u0432\u044b \u043c\u043e\u0436\u0435\u0442\u0435 \u0440\u0430\u0437\u043c\u0435\u0441\u0442\u0438\u0442\u044c \u0441\u0430\u0431\u0432\u0443\u0444\u0435\u0440 \u0442\u0430\u043c, \u0433\u0434\u0435 \u0432\u0430\u043c \u0431\u043e\u043b\u044c\u0448\u0435 \u0432\u0441\u0435\u0433\u043e \u043d\u0440\u0430\u0432\u0438\u0442\u0441\u044f, \u043f\u0440\u0438 \u044d\u0442\u043e\u043c \u043f\u0440\u043e\u0432\u043e\u0434\u0430 \u043d\u0435 \u0438\u0441\u043f\u043e\u0440\u0442\u044f\u0442 \u0438\u043d\u0442\u0435\u0440\u044c\u0435\u0440 \u043a\u043e\u043c\u043d\u0430\u0442\u044b.<\/p>\n<p>Bluetooth<br \/>\u0414\u043e\u043c\u0430\u0448\u043d\u0438\u0439 \u043a\u0438\u043d\u043e\u0442\u0435\u0430\u0442\u0440 LG SC9S \u043e\u0441\u043d\u0430\u0449\u0435\u043d \u0431\u0435\u0441\u043f\u0440\u043e\u0432\u043e\u0434\u043d\u044b\u043c \u0438\u043d\u0442\u0435\u0440\u0444\u0435\u0439\u0441\u043e\u043c Bluetooth, \u0431\u043b\u0430\u0433\u043e\u0434\u0430\u0440\u044f \u043a\u043e\u0442\u043e\u0440\u043e\u043c\u0443 \u0432\u044b \u0441\u043c\u043e\u0436\u0435\u0442\u0435 \u0432\u043e\u0441\u043f\u0440\u043e\u0438\u0437\u0432\u043e\u0434\u0438\u0442\u044c \u043c\u0443\u0437\u044b\u043a\u0443 \u0438\u0437 \u0432\u0430\u0448\u0435\u0433\u043e \u043c\u043e\u0431\u0438\u043b\u044c\u043d\u043e\u0433\u043e \u0442\u0435\u043b\u0435\u0444\u043e\u043d\u0430 \u0438\u043b\u0438 MP3-\u043f\u043b\u0435\u0435\u0440\u0430, \u0435\u0441\u043b\u0438 \u0432 \u043d\u0435\u043c \u0442\u0430\u043a\u0436\u0435 \u0435\u0441\u0442\u044c \u0444\u0443\u043d\u043a\u0446\u0438\u044f Bluetooth.<\/p>\n<p>Wi-Fi<br \/>\u0414\u043e\u043c\u0430\u0448\u043d\u0438\u0439 \u043a\u0438\u043d\u043e\u0442\u0435\u0430\u0442\u0440 LG SC9S \u043e\u0441\u043d\u0430\u0449\u0435\u043d Wi-Fi, \u0431\u043b\u0430\u0433\u043e\u0434\u0430\u0440\u044f \u043a\u043e\u0442\u043e\u0440\u043e\u043c\u0443 \u0432\u044b \u043c\u043e\u0436\u0435\u0442\u0435 \u043f\u043e\u0434\u043a\u043b\u044e\u0447\u0430\u0442\u044c\u0441\u044f \u043a \u0438\u043d\u0442\u0435\u0440\u043d\u0435\u0442-\u0441\u0435\u0440\u0432\u0438\u0441\u0430\u043c \u0431\u0435\u0437 \u043f\u0440\u043e\u0432\u043e\u0434\u043e\u0432.<\/p><\/p>","protected":false},"excerpt":{"rendered":"<p>M\u0101jas kinoz\u0101le Ska\u0146as panelis Summ\u0101r\u0101 jauda 400 W\u00a0 \u00a0Kan\u0101lu skaits:\u00a0 \u00a0 3.1.3\u00a0\u00a0Akustikas tips:\u00a0 \u00a0 Ska\u0146as panelis + sabv\u016bferis\u00a0\u00a0Ska\u013cru\u0146u piesl\u0113g\u0161ana:\u00a0 \u00a0 Bezvadu sabv\u016bferis\u00a0 \u00a0Karaoke:\u00a0 \u00a0 Nav\u00a0 \u00a0FM radio:\u00a0 \u00a0 Nav\u00a0 \u00a0Kr\u0101sa:\u00a0 \u00a0 Melna\u00a0\u00a0Form\u0101tiAtt\u0113la p\u0101rveido\u0161ana l\u012bdz Ultra HD:\u00a0 \u00a0 Nav\u00a0\u00a0Ciparu video form\u0101ti:\u00a0 \u00a0 Nav\u00a0 \u00a0Ciparu foto att\u0113lu form\u0101ti:\u00a0 \u00a0 Nav\u00a0 \u00a0Ciparu audio form\u0101ti:\u00a0 \u00a0 MP3, AAC, AAC+, [&hellip;]<\/p>\n","protected":false},"featured_media":47105,"comment_status":"open","ping_status":"closed","template":"","meta":{"_joinchat":[]},"product_brand":[112],"product_cat":[365],"product_tag":[],"class_list":{"0":"post-47110","1":"product","2":"type-product","3":"status-publish","4":"has-post-thumbnail","6":"product_brand-lg","7":"product_cat-tv-foto-video-audio-audio-aparatura-muzikas-centri","9":"first","10":"instock","11":"shipping-taxable","12":"purchasable","13":"product-type-simple"},"_links":{"self":[{"href":"https:\/\/emeniro.lovehorses.lv\/ru\/wp-json\/wp\/v2\/product\/47110","targetHints":{"allow":["GET"]}}],"collection":[{"href":"https:\/\/emeniro.lovehorses.lv\/ru\/wp-json\/wp\/v2\/product"}],"about":[{"href":"https:\/\/emeniro.lovehorses.lv\/ru\/wp-json\/wp\/v2\/types\/product"}],"replies":[{"embeddable":true,"href":"https:\/\/emeniro.lovehorses.lv\/ru\/wp-json\/wp\/v2\/comments?post=47110"}],"wp:featuredmedia":[{"embeddable":true,"href":"https:\/\/emeniro.lovehorses.lv\/ru\/wp-json\/wp\/v2\/media\/47105"}],"wp:attachment":[{"href":"https:\/\/emeniro.lovehorses.lv\/ru\/wp-json\/wp\/v2\/media?parent=47110"}],"wp:term":[{"taxonomy":"product_brand","embeddable":true,"href":"https:\/\/emeniro.lovehorses.lv\/ru\/wp-json\/wp\/v2\/product_brand?post=47110"},{"taxonomy":"product_cat","embeddable":true,"href":"https:\/\/emeniro.lovehorses.lv\/ru\/wp-json\/wp\/v2\/product_cat?post=47110"},{"taxonomy":"product_tag","embeddable":true,"href":"https:\/\/emeniro.lovehorses.lv\/ru\/wp-json\/wp\/v2\/product_tag?post=47110"}],"curies":[{"name":"wp","href":"https:\/\/api.w.org\/{rel}","templated":true}]}}