{"id":47142,"date":"2026-05-01T09:10:31","date_gmt":"2026-05-01T09:10:31","guid":{"rendered":"https:\/\/emeniro.lovehorses.lv\/product\/duux-globe-dxcf08\/"},"modified":"2026-05-01T09:10:31","modified_gmt":"2026-05-01T09:10:31","slug":"duux-globe-dxcf08","status":"publish","type":"product","link":"https:\/\/emeniro.lovehorses.lv\/ru\/product\/duux-globe-dxcf08\/","title":{"rendered":"Duux Globe DXCF08"},"content":{"rendered":"<p>\u041e\u0431\u0449\u0438\u0435 \u043f\u0430\u0440\u0430\u043c\u0435\u0442\u0440\u044b<\/p>\n<p>Produkta veids\u00a0 \u00a0 \u00a0Galda ventilators<br \/>Z\u012bmols\u00a0 \u00a0 \u00a0Duux<br \/>Modelis\u00a0 \u00a0 \u00a0Globe DXCF08<br \/>Platums\u00a0 \u00a0 \u00a029.5 cm<br \/>Augstums\u00a0 \u00a0 \u00a033 cm<br \/>Diametrs\u00a0 \u00a0 26 cm<br \/>Svars\u00a0 \u00a0 \u00a02 kg<br \/>Jauda\u00a0 \u00a0 23 W<br \/>Kr\u0101sa\u00a0 \u00a0 \u00a0Balta<br \/>Materi\u0101ls\u00a0 \u00a0 \u00a0Plastmasa<br \/>Produktivit\u0101te, m\u00b3\/h\u00a0 \u00a0 \u00a0198<br \/>Trok\u0161\u0146a l\u012bmenis\u00a0 \u00a0 \u00a013 \u2013 50 dB<br \/>\u0100trumu skaits\u00a0 \u00a0 3<br \/>Funkcijas\u00a0 \u00a0 \u00a0Ventil\u0101cija<br \/>Att\u0101lin\u0101t\u0101s vad\u012bbas funkcija\u00a0 \u00a0 \u00a0J\u0101<br \/>Papildus inform\u0101cija\u00a0 \u00a0 \u00a0T\u0101lvad\u012bbas pults<\/p><\/p>","protected":false},"excerpt":{"rendered":"<p>Kop\u0113jie parametri Produkta veids\u00a0 \u00a0 \u00a0Galda ventilatorsZ\u012bmols\u00a0 \u00a0 \u00a0DuuxModelis\u00a0 \u00a0 \u00a0Globe DXCF08Platums\u00a0 \u00a0 \u00a029.5 cmAugstums\u00a0 \u00a0 \u00a033 cmDiametrs\u00a0 \u00a0 26 cmSvars\u00a0 \u00a0 \u00a02 kgJauda\u00a0 \u00a0 23 WKr\u0101sa\u00a0 \u00a0 \u00a0BaltaMateri\u0101ls\u00a0 \u00a0 \u00a0PlastmasaProduktivit\u0101te, m\u00b3\/h\u00a0 \u00a0 \u00a0198Trok\u0161\u0146a l\u012bmenis\u00a0 \u00a0 \u00a013 \u2013 50 dB\u0100trumu skaits\u00a0 \u00a0 3Funkcijas\u00a0 \u00a0 \u00a0Ventil\u0101cijaAtt\u0101lin\u0101t\u0101s vad\u012bbas funkcija\u00a0 \u00a0 \u00a0J\u0101Papildus inform\u0101cija\u00a0 \u00a0 \u00a0T\u0101lvad\u012bbas pults<\/p>","protected":false},"featured_media":47126,"comment_status":"open","ping_status":"closed","template":"","meta":[],"product_brand":[],"product_cat":[319],"product_tag":[],"class_list":{"0":"post-47142","1":"product","2":"type-product","3":"status-publish","4":"has-post-thumbnail","6":"product_cat-maza-sadzives-tehnika-gaisa-ventilatori","8":"first","9":"instock","10":"shipping-taxable","11":"purchasable","12":"product-type-simple"},"_links":{"self":[{"href":"https:\/\/emeniro.lovehorses.lv\/ru\/wp-json\/wp\/v2\/product\/47142","targetHints":{"allow":["GET"]}}],"collection":[{"href":"https:\/\/emeniro.lovehorses.lv\/ru\/wp-json\/wp\/v2\/product"}],"about":[{"href":"https:\/\/emeniro.lovehorses.lv\/ru\/wp-json\/wp\/v2\/types\/product"}],"replies":[{"embeddable":true,"href":"https:\/\/emeniro.lovehorses.lv\/ru\/wp-json\/wp\/v2\/comments?post=47142"}],"wp:featuredmedia":[{"embeddable":true,"href":"https:\/\/emeniro.lovehorses.lv\/ru\/wp-json\/wp\/v2\/media\/47126"}],"wp:attachment":[{"href":"https:\/\/emeniro.lovehorses.lv\/ru\/wp-json\/wp\/v2\/media?parent=47142"}],"wp:term":[{"taxonomy":"product_brand","embeddable":true,"href":"https:\/\/emeniro.lovehorses.lv\/ru\/wp-json\/wp\/v2\/product_brand?post=47142"},{"taxonomy":"product_cat","embeddable":true,"href":"https:\/\/emeniro.lovehorses.lv\/ru\/wp-json\/wp\/v2\/product_cat?post=47142"},{"taxonomy":"product_tag","embeddable":true,"href":"https:\/\/emeniro.lovehorses.lv\/ru\/wp-json\/wp\/v2\/product_tag?post=47142"}],"curies":[{"name":"wp","href":"https:\/\/api.w.org\/{rel}","templated":true}]}}