{"id":47172,"date":"2026-05-01T09:12:12","date_gmt":"2026-05-01T09:12:12","guid":{"rendered":"https:\/\/emeniro.lovehorses.lv\/product\/midea-fs40-20m\/"},"modified":"2026-05-01T09:12:12","modified_gmt":"2026-05-01T09:12:12","slug":"midea-fs40-20m","status":"publish","type":"product","link":"https:\/\/emeniro.lovehorses.lv\/ru\/product\/midea-fs40-20m\/","title":{"rendered":"Midea FS40-20M"},"content":{"rendered":"<p>\u041e\u0431\u0449\u0438\u0435 \u043f\u0430\u0440\u0430\u043c\u0435\u0442\u0440\u044b<\/p>\n<p>Produkta veids\u00a0 \u00a0 \u00a0Gr\u012bdas ventilatori<br \/>Z\u012bmols\u00a0 \u00a0 \u00a0Midea<br \/>Modelis\u00a0 \u00a0 \u00a0FS40-20M<br \/>Augstums\u00a0 \u00a0 \u00a040 cm<br \/>Diametrs\u00a0 \u00a0 40 cm<br \/>Svars\u00a0 \u00a0 \u00a05.6 kg<br \/>Jauda\u00a0 \u00a0 40 W<br \/>Kr\u0101sa\u00a0 \u00a0 \u00a0Balta<br \/>Materi\u0101ls\u00a0 \u00a0 \u00a0Plastmasa<br \/>Trok\u0161\u0146a l\u012bmenis\u00a0 \u00a0 \u00a050 dB<br \/>Korpusa grie\u0161an\u0101s gr\u0101di\u00a0 \u00a0 \u00a075 \u00b0<br \/>\u0100trumu skaits\u00a0 \u00a0 3<br \/>Funkcijas\u00a0 \u00a0 \u00a0Ventil\u0101cija<br \/>Att\u0101lin\u0101t\u0101s vad\u012bbas funkcija\u00a0 \u00a0 \u00a0N\u0113<\/p><\/p>","protected":false},"excerpt":{"rendered":"<p>Kop\u0113jie parametri Produkta veids\u00a0 \u00a0 \u00a0Gr\u012bdas ventilatoriZ\u012bmols\u00a0 \u00a0 \u00a0MideaModelis\u00a0 \u00a0 \u00a0FS40-20MAugstums\u00a0 \u00a0 \u00a040 cmDiametrs\u00a0 \u00a0 40 cmSvars\u00a0 \u00a0 \u00a05.6 kgJauda\u00a0 \u00a0 40 WKr\u0101sa\u00a0 \u00a0 \u00a0BaltaMateri\u0101ls\u00a0 \u00a0 \u00a0PlastmasaTrok\u0161\u0146a l\u012bmenis\u00a0 \u00a0 \u00a050 dBKorpusa grie\u0161an\u0101s gr\u0101di\u00a0 \u00a0 \u00a075 \u00b0\u0100trumu skaits\u00a0 \u00a0 3Funkcijas\u00a0 \u00a0 \u00a0Ventil\u0101cijaAtt\u0101lin\u0101t\u0101s vad\u012bbas funkcija\u00a0 \u00a0 \u00a0N\u0113<\/p>","protected":false},"featured_media":47171,"comment_status":"open","ping_status":"closed","template":"","meta":[],"product_brand":[396],"product_cat":[319],"product_tag":[],"class_list":{"0":"post-47172","1":"product","2":"type-product","3":"status-publish","4":"has-post-thumbnail","6":"product_brand-midea","7":"product_cat-maza-sadzives-tehnika-gaisa-ventilatori","9":"first","10":"instock","11":"shipping-taxable","12":"purchasable","13":"product-type-simple"},"_links":{"self":[{"href":"https:\/\/emeniro.lovehorses.lv\/ru\/wp-json\/wp\/v2\/product\/47172","targetHints":{"allow":["GET"]}}],"collection":[{"href":"https:\/\/emeniro.lovehorses.lv\/ru\/wp-json\/wp\/v2\/product"}],"about":[{"href":"https:\/\/emeniro.lovehorses.lv\/ru\/wp-json\/wp\/v2\/types\/product"}],"replies":[{"embeddable":true,"href":"https:\/\/emeniro.lovehorses.lv\/ru\/wp-json\/wp\/v2\/comments?post=47172"}],"wp:featuredmedia":[{"embeddable":true,"href":"https:\/\/emeniro.lovehorses.lv\/ru\/wp-json\/wp\/v2\/media\/47171"}],"wp:attachment":[{"href":"https:\/\/emeniro.lovehorses.lv\/ru\/wp-json\/wp\/v2\/media?parent=47172"}],"wp:term":[{"taxonomy":"product_brand","embeddable":true,"href":"https:\/\/emeniro.lovehorses.lv\/ru\/wp-json\/wp\/v2\/product_brand?post=47172"},{"taxonomy":"product_cat","embeddable":true,"href":"https:\/\/emeniro.lovehorses.lv\/ru\/wp-json\/wp\/v2\/product_cat?post=47172"},{"taxonomy":"product_tag","embeddable":true,"href":"https:\/\/emeniro.lovehorses.lv\/ru\/wp-json\/wp\/v2\/product_tag?post=47172"}],"curies":[{"name":"wp","href":"https:\/\/api.w.org\/{rel}","templated":true}]}}