{"id":47189,"date":"2026-05-01T09:13:17","date_gmt":"2026-05-01T09:13:17","guid":{"rendered":"https:\/\/emeniro.lovehorses.lv\/product\/samsung-ww90t4040ce-le\/"},"modified":"2026-05-01T09:13:17","modified_gmt":"2026-05-01T09:13:17","slug":"samsung-ww90t4040ce-le","status":"publish","type":"product","link":"https:\/\/emeniro.lovehorses.lv\/ru\/product\/samsung-ww90t4040ce-le\/","title":{"rendered":"Samsung WW90T4040CE\/LE"},"content":{"rendered":"<p>\u041e\u0431\u0449\u0438\u0435 \u043f\u0430\u0440\u0430\u043c\u0435\u0442\u0440\u044b<\/p>\n<p>Produkta veids\u00a0 \u00a0 \u00a0Ve\u013cas ma\u0161\u012bnas<br \/>Z\u012bmols\u00a0 \u00a0 \u00a0Samsung<br \/>Modelis\u00a0 \u00a0 \u00a0WW90T4040CE\/LE<br \/>Kr\u0101sas nosaukums\u00a0 \u00a0 \u00a0Balta<br \/>Kr\u0101sa\u00a0 \u00a0 \u00a0Balta<br \/>\u042d\u043d\u0435\u0440\u0433\u043e\u043f\u043e\u0442\u0440\u0435\u0431\u043b\u0435\u043d\u0438\u0435 \u0438 \u0440\u0430\u0441\u0445\u043e\u0434 \u0432\u043e\u0434\u044b<br \/>Ve\u013cas ietilp\u012bba\u00a0 \u00a0 9 kg<br \/>Energoefektivit\u0101tes klase\u00a0 \u00a0 D<br \/>Energoefektivit\u0101tes kla\u0161u skala\u00a0 \u00a0 \u00a0A \u2013 G<br \/>Ener\u0123ijas pat\u0113ri\u0146\u0161 uz 100 cikliem\u00a0 \u00a0 \u00a076 kWh<br \/>Centrif\u016bgas efektivit\u0101tes klase\u00a0 \u00a0 \u00a0A<br \/>Centrif\u016bgas apgriezieni, apgr.\/min\u00a0 \u00a0 1400<br \/>Trok\u0161\u0146a l\u012bmenis mazg\u0101\u0161anas laik\u0101\u00a0 \u00a0 \u00a072 dB<br \/>Trok\u0161\u0146a l\u012bmenis izgrie\u0161anas laik\u0101\u00a0 \u00a0 \u00a072 dB<br \/>Mazg\u0101\u0161anas efektivit\u0101tes klase\u00a0 \u00a0 B<br \/>\u016adens pat\u0113ri\u0146\u0161 cikl\u0101\u00a0 \u00a0 \u00a050 l<br \/>\u0420\u0430\u0437\u043c\u0435\u0440\u044b<br \/>Platums\u00a0 \u00a0 \u00a060 cm<br \/>Augstums\u00a0 \u00a0 \u00a085 cm<br \/>Dzi\u013cums\u00a0 \u00a0 \u00a055 cm<br \/>Svars\u00a0 \u00a0 \u00a067 kg<br \/>\u0423\u043f\u0440\u0430\u0432\u043b\u0435\u043d\u0438\u0435<br \/>Vad\u012bba\u00a0 \u00a0 Sensoru<br \/>Ekr\u0101ns\u00a0 \u00a0 J\u0101<br \/>Ekr\u0101na tips\u00a0 \u00a0 LED<br \/>\u041f\u0440\u043e\u0433\u0440\u0430\u043c\u043c\u044b \u0438 \u0444\u0443\u043d\u043a\u0446\u0438\u0438<br \/>Programmu skaits\u00a0 \u00a0 \u00a012<br \/>\u041f\u0440\u043e\u0433\u0440\u0430\u043c\u043c\u044b \u0441\u0442\u0438\u0440\u043a\u0438<br \/>\u00a0 \u00a0 Bungas t\u012br\u012b\u0161ana, Delik\u0101ta programma, Eko programma, Gultas ve\u013cas mazg\u0101\u0161anas programma, Higi\u0113nas programma, Izgrie\u0161ana un \u016bdens izs\u016bkn\u0113\u0161ana, Jaukts, Kokvilna, Kr\u0101sains, Noskalo\u0161ana un izgrie\u0161ana, Sint\u0113tika, Super15<br \/>\u017d\u0101v\u0113\u0161ana\u00a0 \u00a0 J\u0101<br \/>Programma starta atlik\u0161anai\u00a0 \u00a0 N\u0113<br \/>\u0411\u0435\u0437\u043e\u043f\u0430\u0441\u043d\u043e\u0441\u0442\u044c<br \/>B\u0113rnu dro\u0161\u012bbas funkcija\u00a0 \u00a0 \u00a0J\u0101<br \/>Aizsardz\u012bba pret \u016bdens nopl\u016bdi\u00a0 \u00a0 J\u0101<br \/>\u0414\u043e\u043f\u043e\u043b\u043d\u0438\u0442\u0435\u043b\u044c\u043d\u043e<br \/>Elektrisk\u0101 dzin\u0113ja tips\u00a0 \u00a0 \u00a0Invertora BPM<br \/>Papildus inform\u0101cija\u00a0 \u00a0 \u00a0T\u012brie izm\u0113ri (platums x augstums x dzi\u013cums) 600 x 850 x 550 mm. Pilns dzi\u013cums, ieskaitot izvirz\u012bto da\u013cu, 635 mm.<\/p><\/p>","protected":false},"excerpt":{"rendered":"<p>Kop\u0113jie parametri Produkta veids\u00a0 \u00a0 \u00a0Ve\u013cas ma\u0161\u012bnasZ\u012bmols\u00a0 \u00a0 \u00a0SamsungModelis\u00a0 \u00a0 \u00a0WW90T4040CE\/LEKr\u0101sas nosaukums\u00a0 \u00a0 \u00a0BaltaKr\u0101sa\u00a0 \u00a0 \u00a0BaltaEner\u0123ijas un \u016bdens pat\u0113ri\u0146\u0161Ve\u013cas ietilp\u012bba\u00a0 \u00a0 9 kgEnergoefektivit\u0101tes klase\u00a0 \u00a0 DEnergoefektivit\u0101tes kla\u0161u skala\u00a0 \u00a0 \u00a0A \u2013 GEner\u0123ijas pat\u0113ri\u0146\u0161 uz 100 cikliem\u00a0 \u00a0 \u00a076 kWhCentrif\u016bgas efektivit\u0101tes klase\u00a0 \u00a0 \u00a0ACentrif\u016bgas apgriezieni, apgr.\/min\u00a0 \u00a0 1400Trok\u0161\u0146a l\u012bmenis mazg\u0101\u0161anas laik\u0101\u00a0 \u00a0 \u00a072 dBTrok\u0161\u0146a l\u012bmenis izgrie\u0161anas [&hellip;]<\/p>\n","protected":false},"featured_media":47184,"comment_status":"open","ping_status":"closed","template":"","meta":{"_joinchat":[]},"product_brand":[139],"product_cat":[285],"product_tag":[],"class_list":{"0":"post-47189","1":"product","2":"type-product","3":"status-publish","4":"has-post-thumbnail","6":"product_brand-samsung","7":"product_cat-sadzives-tehnika-velas-masinas-ar-frontalo-ieladi","9":"first","10":"instock","11":"shipping-taxable","12":"purchasable","13":"product-type-simple"},"_links":{"self":[{"href":"https:\/\/emeniro.lovehorses.lv\/ru\/wp-json\/wp\/v2\/product\/47189","targetHints":{"allow":["GET"]}}],"collection":[{"href":"https:\/\/emeniro.lovehorses.lv\/ru\/wp-json\/wp\/v2\/product"}],"about":[{"href":"https:\/\/emeniro.lovehorses.lv\/ru\/wp-json\/wp\/v2\/types\/product"}],"replies":[{"embeddable":true,"href":"https:\/\/emeniro.lovehorses.lv\/ru\/wp-json\/wp\/v2\/comments?post=47189"}],"wp:featuredmedia":[{"embeddable":true,"href":"https:\/\/emeniro.lovehorses.lv\/ru\/wp-json\/wp\/v2\/media\/47184"}],"wp:attachment":[{"href":"https:\/\/emeniro.lovehorses.lv\/ru\/wp-json\/wp\/v2\/media?parent=47189"}],"wp:term":[{"taxonomy":"product_brand","embeddable":true,"href":"https:\/\/emeniro.lovehorses.lv\/ru\/wp-json\/wp\/v2\/product_brand?post=47189"},{"taxonomy":"product_cat","embeddable":true,"href":"https:\/\/emeniro.lovehorses.lv\/ru\/wp-json\/wp\/v2\/product_cat?post=47189"},{"taxonomy":"product_tag","embeddable":true,"href":"https:\/\/emeniro.lovehorses.lv\/ru\/wp-json\/wp\/v2\/product_tag?post=47189"}],"curies":[{"name":"wp","href":"https:\/\/api.w.org\/{rel}","templated":true}]}}