{"id":47379,"date":"2026-05-01T09:21:53","date_gmt":"2026-05-01T09:21:53","guid":{"rendered":"https:\/\/emeniro.lovehorses.lv\/product\/samsung-dv90f09f4su4\/"},"modified":"2026-05-01T09:21:53","modified_gmt":"2026-05-01T09:21:53","slug":"samsung-dv90f09f4su4","status":"publish","type":"product","link":"https:\/\/emeniro.lovehorses.lv\/ru\/product\/samsung-dv90f09f4su4\/","title":{"rendered":"Samsung DV90F09F4SU4"},"content":{"rendered":"<\/p>\n<p class=\"translation-block\"><p><\/p><p>\u0425\u0430\u0440\u0430\u043a\u0442\u0435\u0440\u0438\u0441\u0442\u0438\u043a\u0438&nbsp; &nbsp; &nbsp;&nbsp;<br>\u0412\u043c\u0435\u0441\u0442\u0438\u043c\u043e\u0441\u0442\u044c \u0431\u0430\u0440\u0430\u0431\u0430\u043d\u0430 (\u0441\u0443\u0448\u043a\u0430)&nbsp; &nbsp; &nbsp;9,0 \u043a\u0433<br>\u041a\u043b\u0430\u0441\u0441 \u044d\u043d\u0435\u0440\u0433\u043e\u044d\u0444\u0444\u0435\u043a\u0442\u0438\u0432\u043d\u043e\u0441\u0442\u0438&nbsp; &nbsp; &nbsp;A+++<br>\u0413\u0430\u0431\u0430\u0440\u0438\u0442\u044b&nbsp; &nbsp; &nbsp;600 x 850 x 600 \u043c\u043c<br>\u0412\u0435\u0441&nbsp; &nbsp; &nbsp;55 \u043a\u0433<br>\u041c\u043e\u0449\u043d\u043e\u0441\u0442\u044c \u0441\u0443\u0448\u043a\u0438&nbsp; &nbsp; &nbsp;&nbsp;<br>\u0412\u043c\u0435\u0441\u0442\u0438\u043c\u043e\u0441\u0442\u044c \u0431\u0430\u0440\u0430\u0431\u0430\u043d\u0430 (\u0441\u0443\u0448\u043a\u0430)&nbsp; &nbsp; &nbsp;9,0 \u043a\u0433<br>&nbsp; &nbsp; &nbsp; &nbsp;<br>\u0414\u0438\u0437\u0430\u0439\u043d&nbsp; &nbsp; &nbsp;&nbsp;<br>\u0426\u0432\u0435\u0442&nbsp; &nbsp; &nbsp;\u0422\u0451\u043c\u043d\u0430\u044f \u0441\u0442\u0430\u043b\u044c<br>\u0414\u0432\u0435\u0440\u0446\u0430&nbsp; &nbsp; &nbsp;\u0427\u0451\u0440\u043d\u0430\u044f + \u0442\u043e\u043d\u0438\u0440\u043e\u0432\u0430\u043d\u043d\u043e\u0435 \u0441\u0442\u0435\u043a\u043b\u043e<br>\u042d\u043a\u0440\u0430\u043d&nbsp; &nbsp; &nbsp;7-\u0434\u044e\u0439\u043c\u043e\u0432\u044b\u0439 LCD \u0441\u0435\u043d\u0441\u043e\u0440\u043d\u044b\u0439 \u044d\u043a\u0440\u0430\u043d<br>&nbsp; &nbsp; &nbsp; &nbsp;<br>\u042d\u0444\u0444\u0435\u043a\u0442\u0438\u0432\u043d\u043e\u0441\u0442\u044c&nbsp; &nbsp; &nbsp;&nbsp;<br>\u0422\u0438\u043f \u0441\u0443\u0448\u0438\u043b\u043a\u0438&nbsp; &nbsp; &nbsp;\u0422\u0435\u043f\u043b\u043e\u0432\u043e\u0439 \u043d\u0430\u0441\u043e\u0441<br>\u0412\u0440\u0435\u043c\u044f \u0446\u0438\u043a\u043b\u0430 (\u043c\u0438\u043d.)&nbsp; &nbsp; &nbsp;285 \u043c\u0438\u043d\u0443\u0442<br>\u041a\u043b\u0430\u0441\u0441 \u044d\u043d\u0435\u0440\u0433\u043e\u044d\u0444\u0444\u0435\u043a\u0442\u0438\u0432\u043d\u043e\u0441\u0442\u0438&nbsp; &nbsp; &nbsp;A+++<br>\u0413\u043e\u0434\u043e\u0432\u043e\u0435 \u043f\u043e\u0442\u0440\u0435\u0431\u043b\u0435\u043d\u0438\u0435 \u044d\u043d\u0435\u0440\u0433\u0438\u0438&nbsp; &nbsp; &nbsp;147<br>\u041a\u043b\u0430\u0441\u0441 \u044d\u0444\u0444\u0435\u043a\u0442\u0438\u0432\u043d\u043e\u0441\u0442\u0438 \u043a\u043e\u043d\u0434\u0435\u043d\u0441\u0430\u0446\u0438\u0438&nbsp; &nbsp; &nbsp;B<br>\u0423\u0440\u043e\u0432\u0435\u043d\u044c \u0448\u0443\u043c\u0430 \u043f\u0440\u0438 \u0441\u0443\u0448\u043a\u0435&nbsp; &nbsp; &nbsp;62 \u0434\u0411<br>\u0425\u043b\u0430\u0434\u0430\u0433\u0435\u043d\u0442 (\u0442\u0438\u043f)&nbsp; &nbsp; &nbsp;290 randi<br>\u0425\u043b\u0430\u0434\u0430\u0433\u0435\u043d\u0442 (\u0437\u0430\u043f\u0440\u0430\u0432\u043a\u0430, \u043a\u0433)&nbsp; &nbsp; &nbsp;0,149<br>\u0414\u043e\u043f\u043e\u043b\u043d\u0438\u0442\u0435\u043b\u044c\u043d\u0430\u044f \u0438\u043d\u0444\u043e\u0440\u043c\u0430\u0446\u0438\u044f&nbsp; &nbsp; &nbsp;&nbsp;<br>\u0413\u043b\u0430\u0432\u043d\u0430\u044f \u0441\u0442\u0440\u0430\u043d\u0438\u0446\u0430 \u0438\u0441\u043a\u0443\u0441\u0441\u0442\u0432\u0435\u043d\u043d\u043e\u0433\u043e \u0438\u043d\u0442\u0435\u043b\u043b\u0435\u043a\u0442\u0430&nbsp; &nbsp; &nbsp;\u0414\u0430<br>\u041f\u043e\u0434\u0441\u0432\u0435\u0442\u043a\u0430 \u0431\u0430\u0440\u0430\u0431\u0430\u043d\u0430&nbsp; &nbsp; &nbsp;\u0414\u0430<br>\u0414\u0432\u0438\u0433\u0430\u0442\u0435\u043b\u044c&nbsp; &nbsp; &nbsp;IT<br>\u0421\u043c\u0430\u0440\u0442-\u0441\u0438\u0441\u0442\u0435\u043c\u0430 \u0432\u0435\u0440\u0438\u0444\u0438\u043a\u0430\u0446\u0438\u0438&nbsp; &nbsp; &nbsp;\u0414\u0430<br>\u041f\u0435\u0440\u0435\u043d\u0430\u0432\u0435\u0448\u0438\u0432\u0430\u043d\u0438\u0435 \u0434\u0432\u0435\u0440\u0446\u044b&nbsp; &nbsp; &nbsp;\u0414\u0430<br>\u0417\u0430\u0449\u0438\u0442\u0430 \u043e\u0442 \u0434\u0435\u0442\u0435\u0439&nbsp; &nbsp; &nbsp;\u0414\u0430<br>\u0422\u0438\u043f \u0431\u0430\u0440\u0430\u0431\u0430\u043d\u0430&nbsp; &nbsp; &nbsp;\u0410\u043b\u043c\u0430\u0437\u043d\u044b\u0439<br>\u0423\u0440\u043e\u0432\u043d\u0438 \u0441\u0443\u0448\u043a\u0438&nbsp; &nbsp; &nbsp;4<br>\u041d\u0430\u0431\u043e\u0440 \u0434\u043b\u044f \u0441\u043b\u0438\u0432\u0430 \u0432\u043e\u0434\u044b&nbsp; &nbsp; &nbsp;\u0414\u0430<br>\u0412\u044b\u0431\u043e\u0440 \u0432\u0440\u0435\u043c\u0435\u043d\u0438 \u0441\u0443\u0448\u043a\u0438&nbsp; &nbsp; &nbsp;\u0414\u0430<br>\u0423\u0432\u0435\u0434\u043e\u043c\u043b\u0435\u043d\u0438\u0435 \u043e \u0433\u043e\u0442\u043e\u0432\u043d\u043e\u0441\u0442\u0438 \u0431\u0435\u043b\u044c\u044f&nbsp; &nbsp; &nbsp;\u0414\u0430<br>\u0424\u0443\u043d\u043a\u0446\u0438\u044f \u043f\u0440\u043e\u0442\u0438\u0432 \u0441\u043c\u044f\u0442\u0438\u044f&nbsp; &nbsp; &nbsp;\u0414\u0430<br>\u0423\u043c\u043d\u0430\u044f \u0444\u0443\u043d\u043a\u0446\u0438\u044f OptimalDry&nbsp; &nbsp; &nbsp;\u0414\u0430<br>&nbsp; &nbsp; &nbsp; &nbsp;<br>\u041f\u0440\u043e\u0433\u0440\u0430\u043c\u043c\u044b&nbsp; &nbsp; &nbsp;&nbsp;<br>\u0421\u0443\u0448\u043a\u0430 AI+&nbsp; &nbsp; &nbsp;\u0414\u0430<br>\u0425\u043e\u043b\u043e\u0434\u043d\u044b\u0439 \u0432\u043e\u0437\u0434\u0443\u0445&nbsp; &nbsp; &nbsp;\u0414\u0430<br>\u0413\u043b\u0430\u0436\u043a\u0430 \u0432\u043e \u0432\u0440\u0435\u043c\u044f \u0441\u0443\u0448\u043a\u0438&nbsp; &nbsp; &nbsp;\u0414\u0430<br>\u0412\u0435\u0440\u0445\u043d\u044f\u044f \u043e\u0434\u0435\u0436\u0434\u0430&nbsp; &nbsp; &nbsp;\u0414\u0430<br>\u041f\u0440\u043e\u0433\u0440\u0430\u043c\u043c\u0430 \u0432\u0440\u0435\u043c\u0435\u043d\u0438&nbsp; &nbsp; &nbsp;\u0414\u0430<br>\u041f\u043e\u043b\u043e\u0442\u0435\u043d\u0446\u0430&nbsp; &nbsp; &nbsp;\u0414\u0430<br>\u0422\u0451\u043f\u043b\u044b\u0439 \u0432\u043e\u0437\u0434\u0443\u0445&nbsp; &nbsp; &nbsp;\u0414\u0430<br>\u0412\u043e\u043b\u043d\u0430&nbsp; &nbsp; &nbsp;\u0414\u0430<br>\u041e\u0441\u0432\u0435\u0436\u0435\u043d\u0438\u0435 \u0432\u043e\u0437\u0434\u0443\u0445\u0430&nbsp; &nbsp; &nbsp;\u0414\u0430<br>\u041f\u043e\u0441\u0442\u0435\u043b\u044c\u043d\u043e\u0435 \u0431\u0435\u043b\u044c\u0451&nbsp; &nbsp; &nbsp;\u0414\u0430<br>\u0411\u044b\u0441\u0442\u0440\u0430\u044f \u0441\u0443\u0448\u043a\u0430 35 \u043c\u0438\u043d\u0443\u0442&nbsp; &nbsp; &nbsp;\u0414\u0430<br>\u042d\u041a\u041e \u0445\u043b\u043e\u043f\u043e\u043a&nbsp; &nbsp; &nbsp;\u0414\u0430<br>\u0414\u0435\u043b\u0438\u043a\u0430\u0442\u043d\u044b\u0435 \u0442\u043a\u0430\u043d\u0438&nbsp; &nbsp; &nbsp;\u0414\u0430<br>\u0410\u0432\u0442\u043e\u043c\u0430\u0442\u0438\u0447\u0435\u0441\u043a\u0430\u044f \u0441\u0443\u0448\u043a\u0430&nbsp; &nbsp; &nbsp;\u0414\u0430<br>\u0420\u0443\u0431\u0430\u0448\u043a\u0438&nbsp; &nbsp; &nbsp;\u0414\u0430<br>\u0421\u0438\u043d\u0442\u0435\u0442\u0438\u043a\u0430&nbsp; &nbsp; &nbsp;\u0414\u0430<br>\u0422\u0438\u0445\u0430\u044f \u0441\u0443\u0448\u043a\u0430&nbsp; &nbsp; &nbsp;\u0414\u0430<br>\u0423\u043b\u044c\u0442\u0440\u0430\u0431\u044b\u0441\u0442\u0440\u0430\u044f \u043f\u0440\u043e\u0433\u0440\u0430\u043c\u043c\u0430&nbsp; &nbsp; &nbsp;\u0414\u0430<br>\u0413\u0438\u0433\u0438\u0435\u043d\u0430&nbsp; &nbsp; &nbsp;\u0414\u0430<br>&nbsp; &nbsp; &nbsp; &nbsp;<br>\u0413\u0430\u0431\u0430\u0440\u0438\u0442\u044b&nbsp; &nbsp; &nbsp;&nbsp;<br>\u0420\u0430\u0437\u043c\u0435\u0440\u044b&nbsp; &nbsp; &nbsp;600 x 850 x 600 \u043c\u043c<br>\u0412\u0435\u0441&nbsp; &nbsp; &nbsp;55 \u043a\u0433<br>\u0420\u0430\u0437\u043c\u0435\u0440\u044b \u0443\u043f\u0430\u043a\u043e\u0432\u043a\u0438&nbsp; &nbsp; &nbsp;670 x 895 x 695 \u043c\u043c<br>\u0412\u0435\u0441 \u0441 \u0443\u043f\u0430\u043a\u043e\u0432\u043a\u043e\u0439&nbsp; &nbsp; &nbsp;58 \u043a\u0433<br>\u0413\u043b\u0443\u0431\u0438\u043d\u0430 \u0441 \u0432\u044b\u0441\u0442\u0443\u043f\u0430\u044e\u0449\u0438\u043c\u0438 \u044d\u043b\u0435\u043c\u0435\u043d\u0442\u0430\u043c\u0438&nbsp; &nbsp; &nbsp;650 \u043c\u043c<br>\u041e\u0442\u0434\u0435\u043b\u043a\u0430 \u0431\u0430\u0440\u0430\u0431\u0430\u043d\u0430&nbsp; &nbsp; &nbsp;\u041d\u0435\u0440\u0436\u0430\u0432\u0435\u044e\u0449\u0430\u044f \u0441\u0442\u0430\u043b\u044c<br>&nbsp; &nbsp; &nbsp; &nbsp;<br>\u0423\u043c\u043d\u044b\u0435 \u0444\u0443\u043d\u043a\u0446\u0438\u0438&nbsp; &nbsp; &nbsp;&nbsp;<br>\u0412\u0441\u0442\u0440\u043e\u0435\u043d\u043d\u044b\u0439 Wi-Fi&nbsp; &nbsp; &nbsp;\u0414\u0430<br>\u0421\u043e\u0432\u043c\u0435\u0441\u0442\u0438\u043c\u043e\u0441\u0442\u044c \u0441 \u043f\u0440\u0438\u043b\u043e\u0436\u0435\u043d\u0438\u044f\u043c\u0438&nbsp; &nbsp; &nbsp;&nbsp;<br>\u0421\u043e\u0432\u043c\u0435\u0441\u0442\u0438\u043c\u043e\u0441\u0442\u044c \u0441 \u043f\u0440\u0438\u043b\u043e\u0436\u0435\u043d\u0438\u044f\u043c\u0438 SmartThings&nbsp; &nbsp; &nbsp;\u0414\u0430<\/p><p><\/p><\/p><\/p>","protected":false},"excerpt":{"rendered":"<p>Specifik\u0101cija\u00a0 \u00a0 \u00a0\u00a0Bungas ietilp\u012bba (\u017e\u0101v\u0113\u0161ana)\u00a0 \u00a0 \u00a09,0 kgEnergoefektivit\u0101tes klase\u00a0 \u00a0 \u00a0A+++Fiziskie parametri\u00a0 \u00a0 \u00a0600 x 850 x 600 mmSvars\u00a0 \u00a0 \u00a055 kg\u017d\u0101v\u0113\u0161anas jauda\u00a0 \u00a0 \u00a0\u00a0Bungas ietilp\u012bba (\u017e\u0101v\u0113\u0161ana)\u00a0 \u00a0 \u00a09,0 kg\u00a0 \u00a0 \u00a0 \u00a0Dizains\u00a0 \u00a0 \u00a0\u00a0Kr\u0101sa\u00a0 \u00a0 \u00a0Tum\u0161s t\u0113raudsDurvis\u00a0 \u00a0 \u00a0Melns + ton\u0113ts stiklsEkr\u0101ns\u00a0 \u00a0 \u00a07 collu LCD sk\u0101rienekr\u0101ns\u00a0 \u00a0 \u00a0 \u00a0Efektivit\u0101te\u00a0 \u00a0 \u00a0\u00a0\u017d\u0101v\u0113t\u0101ja tips\u00a0 \u00a0 [&hellip;]<\/p>\n","protected":false},"featured_media":47373,"comment_status":"open","ping_status":"closed","template":"","meta":{"_joinchat":[]},"product_brand":[139],"product_cat":[261],"product_tag":[],"class_list":{"0":"post-47379","1":"product","2":"type-product","3":"status-publish","4":"has-post-thumbnail","6":"product_brand-samsung","7":"product_cat-sadzives-tehnika-velas-zavetaji","9":"first","10":"instock","11":"shipping-taxable","12":"purchasable","13":"product-type-simple"},"_links":{"self":[{"href":"https:\/\/emeniro.lovehorses.lv\/ru\/wp-json\/wp\/v2\/product\/47379","targetHints":{"allow":["GET"]}}],"collection":[{"href":"https:\/\/emeniro.lovehorses.lv\/ru\/wp-json\/wp\/v2\/product"}],"about":[{"href":"https:\/\/emeniro.lovehorses.lv\/ru\/wp-json\/wp\/v2\/types\/product"}],"replies":[{"embeddable":true,"href":"https:\/\/emeniro.lovehorses.lv\/ru\/wp-json\/wp\/v2\/comments?post=47379"}],"wp:featuredmedia":[{"embeddable":true,"href":"https:\/\/emeniro.lovehorses.lv\/ru\/wp-json\/wp\/v2\/media\/47373"}],"wp:attachment":[{"href":"https:\/\/emeniro.lovehorses.lv\/ru\/wp-json\/wp\/v2\/media?parent=47379"}],"wp:term":[{"taxonomy":"product_brand","embeddable":true,"href":"https:\/\/emeniro.lovehorses.lv\/ru\/wp-json\/wp\/v2\/product_brand?post=47379"},{"taxonomy":"product_cat","embeddable":true,"href":"https:\/\/emeniro.lovehorses.lv\/ru\/wp-json\/wp\/v2\/product_cat?post=47379"},{"taxonomy":"product_tag","embeddable":true,"href":"https:\/\/emeniro.lovehorses.lv\/ru\/wp-json\/wp\/v2\/product_tag?post=47379"}],"curies":[{"name":"wp","href":"https:\/\/api.w.org\/{rel}","templated":true}]}}