{"id":47419,"date":"2026-05-01T09:23:08","date_gmt":"2026-05-01T09:23:08","guid":{"rendered":"https:\/\/emeniro.lovehorses.lv\/product\/bosch-hba571bb3\/"},"modified":"2026-05-01T09:23:08","modified_gmt":"2026-05-01T09:23:08","slug":"bosch-hba571bb3","status":"publish","type":"product","link":"https:\/\/emeniro.lovehorses.lv\/ru\/product\/bosch-hba571bb3\/","title":{"rendered":"Bosch HBA571BB3"},"content":{"rendered":"<p>Cepe\u0161kr\u0101sns tips:\u00a0 \u00a0 Elektrisk\u0101 ar konvekciju\u00a0\u00a0<\/p>\n<p>S\u0113rija:\u00a0 \u00a0 Bosch Serie 4\u00a0\u00a0<br \/>Cepe\u0161kr\u0101sns dizains:\u00a0 \u00a0 M\u016bsdien\u012bgs dizains\u00a0 \u00a0<br \/>Cepe\u0161kr\u0101sns tilpums:\u00a0 \u00a0 71 l\u00a0 \u00a0<br \/>Kars\u0113\u0161anas veidu skaits:\u00a0 \u00a0 10 kars\u0113\u0161anas veidi\u00a0 \u00a0<br \/>Mikrovi\u013c\u0146u funkcija:\u00a0 \u00a0 Nav\u00a0\u00a0<br \/>Maksim\u0101l\u0101 temperat\u016bra:\u00a0 \u00a0 275 \u00b0C\u00a0 \u00a0<br \/>Kr\u0101sa:\u00a0 \u00a0 Melna\u00a0 \u00a0<br \/>Energoefektivit\u0101tes klase:\u00a0 \u00a0 A+\u00a0\u00a0<br \/>Maksim\u0101l\u0101 piesl\u0113guma jauda:\u00a0 \u00a0 3,6 \u043aWh\u00a0 \u00a0<br \/>Vad\u012bbas tips:\u00a0 \u00a0 Sk\u0101rienjut\u012bga vad\u012bba\u00a0\u00a0<br \/>Iegremd\u0113jami vad\u012bbas rokturi:\u00a0 \u00a0 Nav\u00a0 \u00a0<br \/>Iesms:\u00a0 \u00a0 Nav\u00a0 \u00a0<br \/>Pulkstenis:\u00a0 \u00a0 Ir\u00a0 \u00a0<br \/>Taimeris:\u00a0 \u00a0 Elektroniskais\u00a0 \u00a0<br \/>Displejs:\u00a0 \u00a0 LED displejs\u00a0 \u00a0<br \/>Vad\u012bbas blo\u0137\u0113\u0161ana \u201caizsardz\u012bba no b\u0113rniem\u201d:\u00a0 \u00a0 Ir\u00a0\u00a0<br \/>Durvju blo\u0137\u0113\u0161ana:\u00a0 \u00a0 Ir\u00a0 \u00a0<br \/>Konvekcija:\u00a0 \u00a0 Ventilators un sildelements (3D)\u00a0 \u00a0<br \/>Grils:\u00a0 \u00a0 Elektriskais\u00a0 \u00a0<br \/>Maiga durvju atv\u0113r\u0161an\u0101s:\u00a0 \u00a0 Nav\u00a0 \u00a0<br \/>Termozonde:\u00a0 \u00a0 Nav\u00a0\u00a0<br \/>Cepe\u0161kr\u0101sns t\u012br\u012b\u0161anas veids:\u00a0 \u00a0 Pirol\u012btisk\u0101 pa\u0161att\u012br\u012b\u0161ana\u00a0 \u00a0<br \/>\u041a\u043e\u043c\u043f\u043b\u0435\u043a\u0442\u0430\u0446\u0438\u044f<br \/>Cepe\u0161pannu skaits:\u00a0 \u00a0 1\u00a0 \u00a0<br \/>Cep\u0161anas re\u017e\u0123u skaits:\u00a0 \u00a0 1\u00a0 \u00a0<br \/>Teleskopisk\u0101s vadotnes:\u00a0 \u00a0 Papildu apr\u012bkojums\u00a0 \u00a0<br \/>\u0420\u0430\u0437\u043c\u0435\u0440\u044b<br \/>\u0420\u0430\u0437\u043c\u0435\u0440\u044b (\u0412\u0445\u0413\u0445\u0428): 59,5 x 59,4 x 54,8 \u0441\u043c\u00a0 \u00a0<\/p><\/p>","protected":false},"excerpt":{"rendered":"<p>Cepe\u0161kr\u0101sns tips:\u00a0 \u00a0 Elektrisk\u0101 ar konvekciju\u00a0\u00a0 S\u0113rija:\u00a0 \u00a0 Bosch Serie 4\u00a0\u00a0Cepe\u0161kr\u0101sns dizains:\u00a0 \u00a0 M\u016bsdien\u012bgs dizains\u00a0 \u00a0Cepe\u0161kr\u0101sns tilpums:\u00a0 \u00a0 71 l\u00a0 \u00a0Kars\u0113\u0161anas veidu skaits:\u00a0 \u00a0 10 kars\u0113\u0161anas veidi\u00a0 \u00a0Mikrovi\u013c\u0146u funkcija:\u00a0 \u00a0 Nav\u00a0\u00a0Maksim\u0101l\u0101 temperat\u016bra:\u00a0 \u00a0 275 \u00b0C\u00a0 \u00a0Kr\u0101sa:\u00a0 \u00a0 Melna\u00a0 \u00a0Energoefektivit\u0101tes klase:\u00a0 \u00a0 A+\u00a0\u00a0Maksim\u0101l\u0101 piesl\u0113guma jauda:\u00a0 \u00a0 3,6 \u043aWh\u00a0 \u00a0Vad\u012bbas tips:\u00a0 \u00a0 Sk\u0101rienjut\u012bga vad\u012bba\u00a0\u00a0Iegremd\u0113jami vad\u012bbas rokturi:\u00a0 \u00a0 [&hellip;]<\/p>\n","protected":false},"featured_media":47411,"comment_status":"open","ping_status":"closed","template":"","meta":{"_joinchat":[]},"product_brand":[281],"product_cat":[266],"product_tag":[],"class_list":{"0":"post-47419","1":"product","2":"type-product","3":"status-publish","4":"has-post-thumbnail","6":"product_brand-bosch","7":"product_cat-iebuvejama-sadzives-tehnika-iebuvejamas-cepeskrasnis","9":"first","10":"instock","11":"shipping-taxable","12":"purchasable","13":"product-type-simple"},"_links":{"self":[{"href":"https:\/\/emeniro.lovehorses.lv\/ru\/wp-json\/wp\/v2\/product\/47419","targetHints":{"allow":["GET"]}}],"collection":[{"href":"https:\/\/emeniro.lovehorses.lv\/ru\/wp-json\/wp\/v2\/product"}],"about":[{"href":"https:\/\/emeniro.lovehorses.lv\/ru\/wp-json\/wp\/v2\/types\/product"}],"replies":[{"embeddable":true,"href":"https:\/\/emeniro.lovehorses.lv\/ru\/wp-json\/wp\/v2\/comments?post=47419"}],"wp:featuredmedia":[{"embeddable":true,"href":"https:\/\/emeniro.lovehorses.lv\/ru\/wp-json\/wp\/v2\/media\/47411"}],"wp:attachment":[{"href":"https:\/\/emeniro.lovehorses.lv\/ru\/wp-json\/wp\/v2\/media?parent=47419"}],"wp:term":[{"taxonomy":"product_brand","embeddable":true,"href":"https:\/\/emeniro.lovehorses.lv\/ru\/wp-json\/wp\/v2\/product_brand?post=47419"},{"taxonomy":"product_cat","embeddable":true,"href":"https:\/\/emeniro.lovehorses.lv\/ru\/wp-json\/wp\/v2\/product_cat?post=47419"},{"taxonomy":"product_tag","embeddable":true,"href":"https:\/\/emeniro.lovehorses.lv\/ru\/wp-json\/wp\/v2\/product_tag?post=47419"}],"curies":[{"name":"wp","href":"https:\/\/api.w.org\/{rel}","templated":true}]}}