{"id":47744,"date":"2026-05-01T09:32:41","date_gmt":"2026-05-01T09:32:41","guid":{"rendered":"https:\/\/emeniro.lovehorses.lv\/product\/samsung-dv90dg52a0tele\/"},"modified":"2026-05-01T09:32:41","modified_gmt":"2026-05-01T09:32:41","slug":"samsung-dv90dg52a0tele","status":"publish","type":"product","link":"https:\/\/emeniro.lovehorses.lv\/ru\/product\/samsung-dv90dg52a0tele\/","title":{"rendered":"Samsung DV90DG52A0TELE"},"content":{"rendered":"<p>\u0425\u0430\u0440\u0430\u043a\u0442\u0435\u0440\u0438\u0441\u0442\u0438\u043a\u0438\u00a0 \u00a0 \u00a0\u00a0<\/p>\n<p>\u017d\u0101v\u0113\u0161anas jauda (kg)\u00a0 \u00a0 \u00a09,0 kg<br \/>Energoefektivit\u0101tes klase\u00a0 \u00a0 \u00a0A+++<br \/>Neto svars\u00a0 \u00a0 \u00a048 kg<br \/>Neto izm\u0113ri (platums x augstums x diametrs)\u00a0 \u00a0 \u00a0600 x 850 x 600 mm<br \/>\u041c\u0430\u043a\u0441\u0438\u043c\u0430\u043b\u044c\u043d\u0430\u044f \u0437\u0430\u0433\u0440\u0443\u0437\u043a\u0430\u00a0 \u00a0 \u00a0\u00a0<br \/>\u017d\u0101v\u0113\u0161anas jauda (kg)\u00a0 \u00a0 \u00a09,0 kg<br \/>\u00a0 \u00a0 \u00a0 \u00a0<br \/>\u0414\u0438\u0437\u0430\u0439\u043d\u00a0 \u00a0 \u00a0\u00a0<br \/>Korpusa kr\u0101sa\u00a0 \u00a0 \u00a0Balts<br \/>Durvis\u00a0 \u00a0 \u00a0Cirsts durvis (balta)<br \/>Pane\u013ca displejs\u00a0 \u00a0 \u00a0LED<br \/>\u00a0 \u00a0 \u00a0 \u00a0<br \/>\u0420\u0430\u0431\u043e\u0442\u0430\u00a0 \u00a0 \u00a0\u00a0<br \/>\u017d\u0101v\u0113t\u0101ja tips\u00a0 \u00a0 \u00a0Siltums\u016bknis<br \/>Cikla laiks (min.)\u00a0 \u00a0 \u00a0220 min\u016btes<br \/>Energoefektivit\u0101tes klase\u00a0 \u00a0 \u00a0A+++<br \/>Ener\u0123ijas pat\u0113ri\u0146\u0161 (gad\u0101)\u00a0 \u00a0 \u00a0194<br \/>Kondens\u0101cijas efektivit\u0101tes klase\u00a0 \u00a0 \u00a0B<br \/>Trok\u0161\u0146a l\u012bmenis (\u017e\u0101v\u0113\u0161ana)\u00a0 \u00a0 \u00a065 dB<br \/>Dzes\u0113t\u0101jviela (tips)\u00a0 \u00a0 \u00a0R134a (fluor\u0113ta siltumn\u012bcefekta g\u0101ze, GWP = 1,430)<br \/>Dzes\u0113t\u0101jviela (pild\u012bjums, kg)\u00a0 \u00a0 \u00a00,43<br \/>Dzes\u0113t\u0101jviela (uzpilde, t CO2e, herm\u0113tiski nosl\u0113gta)\u00a0 \u00a0 \u00a00,615<br \/>\u0414\u043e\u0441\u0442\u0430\u0432\u043a\u0430\u00a0 \u00a0 \u00a0\u00a0<br \/>Iek\u0161\u0113jais cilindra apgaismojums\u00a0 \u00a0 \u00a0J\u0101<br \/>Dzin\u0113js\u00a0 \u00a0 \u00a0IT<br \/>Vied\u0101 p\u0101rbaude\u00a0 \u00a0 \u00a0J\u0101<br \/>Durvis atveras no ab\u0101m pus\u0113m\u00a0 \u00a0 \u00a0J\u0101<br \/>B\u0113rnu blo\u0137\u0113\u0161ana, lai b\u0113rni nevar\u0113tu main\u012bt opcijas\u00a0 \u00a0 \u00a0J\u0101<br \/>Bungas tips\u00a0 \u00a0 \u00a0Dimants<br \/>\u017d\u0101v\u0113\u0161anas l\u012bmenis\u00a0 \u00a0 \u00a03 l\u012bme\u0146i<br \/>Ve\u013cas \u017e\u0101v\u0113t\u0101js\u00a0 \u00a0 \u00a0J\u0101<br \/>\u017d\u0101v\u0113\u0161anas laika selektors\u00a0 \u00a0 \u00a0J\u0101<br \/>Jauktas kravas zvans\/mitruma br\u012bdin\u0101jums\u00a0 \u00a0 \u00a0J\u0101<br \/>Grumbu nov\u0113r\u0161ana\u00a0 \u00a0 \u00a0J\u0101<br \/>OptimalDry sist\u0113ma\u00a0 \u00a0 \u00a0J\u0101<br \/>\u0426\u0438\u043a\u043b\u00a0 \u00a0 \u00a0\u00a0<br \/>V\u0113ss gaiss\u00a0 \u00a0 \u00a0J\u0101<br \/>Gludin\u0101\u0161anai sauss\u00a0 \u00a0 \u00a0J\u0101<br \/>\u0100r\u0101\u00a0 \u00a0 \u00a0J\u0101<br \/>\u017d\u0101v\u0113\u0161anas laiks\u00a0 \u00a0 \u00a0J\u0101<br \/>Dvie\u013ci\u00a0 \u00a0 \u00a0J\u0101<br \/>Vi\u013c\u0146a\u00a0 \u00a0 \u00a0J\u0101<br \/>Iesp\u0113ju saraksts\u00a0 \u00a0 \u00a0Pretburz\u012b\u0161an\u0101s, sausuma l\u012bmenis, \u017e\u0101v\u0113\u0161anas laiks, mitruma br\u012bdin\u0101jums, cilindra apgaismojums, b\u0113rnu sl\u0113dzene, izsl\u0113g\u0161ana<br \/>Gultasve\u013ca\u00a0 \u00a0 \u00a0J\u0101<br \/>\u0100tri \u017e\u016bsto\u0161s 35 min\u016btes\u00a0 \u00a0 \u00a0J\u0101<br \/>EKO kokvilna\u00a0 \u00a0 \u00a0J\u0101<br \/>Ve\u013ca, kurai nepiecie\u0161ama kop\u0161ana\u00a0 \u00a0 \u00a0J\u0101<br \/>Jaukta krava\u00a0 \u00a0 \u00a0J\u0101<br \/>Sint\u0113tisks\u00a0 \u00a0 \u00a0J\u0101<br \/>Higi\u0113nas apr\u016bpe\u00a0 \u00a0 \u00a0J\u0101<br \/>Lejupiel\u0101d\u0113ts\u00a0 \u00a0 \u00a0J\u0101<br \/>\u0424\u0438\u0437\u0438\u0447\u0435\u0441\u043a\u0438\u0435 \u0445\u0430\u0440\u0430\u043a\u0442\u0435\u0440\u0438\u0441\u0442\u0438\u043a\u0438\u00a0 \u00a0 \u00a0\u00a0<br \/>Neto izm\u0113ri (platums x augstums x diametrs)\u00a0 \u00a0 \u00a0600 x 850 x 600 mm<br \/>Neto svars\u00a0 \u00a0 \u00a048 kg<br \/>Izm\u0113ri (platums x augstums x dzi\u013cums)\u00a0 \u00a0 \u00a0670 x 895 x 695 mm<br \/>Bruto svars\u00a0 \u00a0 \u00a051 kg<br \/>Pilns dzi\u013cums, ieskaitot izvirz\u012bto da\u013cu\u00a0 \u00a0 \u00a0650 mm<br \/>Bungas materi\u0101ls\u00a0 \u00a0 \u00a0Ner\u016bs\u0113jo\u0161\u0101 t\u0113rauda<br \/>\u0423\u043c\u043d\u044b\u0439\u00a0 \u00a0 \u00a0\u00a0<br \/>Ieb\u016bv\u0113ts WiFi\u00a0 \u00a0 \u00a0J\u0101<br \/>\u041f\u043e\u0434\u043a\u043b\u044e\u0447\u0435\u043d\u0438\u0435 \u043a \u043f\u0440\u0438\u043b\u043e\u0436\u0435\u043d\u0438\u044e\u00a0 \u00a0 \u00a0\u00a0<br \/>SmartThings lietotnes atbalsts\u00a0 \u00a0 \u00a0J\u0101<\/p><\/p>","protected":false},"excerpt":{"rendered":"<p>Specifik\u0101cijas\u00a0 \u00a0 \u00a0\u00a0 \u017d\u0101v\u0113\u0161anas jauda (kg)\u00a0 \u00a0 \u00a09,0 kgEnergoefektivit\u0101tes klase\u00a0 \u00a0 \u00a0A+++Neto svars\u00a0 \u00a0 \u00a048 kgNeto izm\u0113ri (platums x augstums x diametrs)\u00a0 \u00a0 \u00a0600 x 850 x 600 mm\u017d\u0101v\u0113\u0161anas jauda\u00a0 \u00a0 \u00a0\u00a0\u017d\u0101v\u0113\u0161anas jauda (kg)\u00a0 \u00a0 \u00a09,0 kg\u00a0 \u00a0 \u00a0 \u00a0Dizains\u00a0 \u00a0 \u00a0\u00a0Korpusa kr\u0101sa\u00a0 \u00a0 \u00a0BaltsDurvis\u00a0 \u00a0 \u00a0Cirsts durvis (balta)Pane\u013ca displejs\u00a0 \u00a0 \u00a0LED\u00a0 \u00a0 \u00a0 \u00a0Darb\u012bba\u00a0 [&hellip;]<\/p>\n","protected":false},"featured_media":47738,"comment_status":"open","ping_status":"closed","template":"","meta":{"_joinchat":[]},"product_brand":[139],"product_cat":[261],"product_tag":[],"class_list":{"0":"post-47744","1":"product","2":"type-product","3":"status-publish","4":"has-post-thumbnail","6":"product_brand-samsung","7":"product_cat-sadzives-tehnika-velas-zavetaji","9":"first","10":"instock","11":"shipping-taxable","12":"purchasable","13":"product-type-simple"},"_links":{"self":[{"href":"https:\/\/emeniro.lovehorses.lv\/ru\/wp-json\/wp\/v2\/product\/47744","targetHints":{"allow":["GET"]}}],"collection":[{"href":"https:\/\/emeniro.lovehorses.lv\/ru\/wp-json\/wp\/v2\/product"}],"about":[{"href":"https:\/\/emeniro.lovehorses.lv\/ru\/wp-json\/wp\/v2\/types\/product"}],"replies":[{"embeddable":true,"href":"https:\/\/emeniro.lovehorses.lv\/ru\/wp-json\/wp\/v2\/comments?post=47744"}],"wp:featuredmedia":[{"embeddable":true,"href":"https:\/\/emeniro.lovehorses.lv\/ru\/wp-json\/wp\/v2\/media\/47738"}],"wp:attachment":[{"href":"https:\/\/emeniro.lovehorses.lv\/ru\/wp-json\/wp\/v2\/media?parent=47744"}],"wp:term":[{"taxonomy":"product_brand","embeddable":true,"href":"https:\/\/emeniro.lovehorses.lv\/ru\/wp-json\/wp\/v2\/product_brand?post=47744"},{"taxonomy":"product_cat","embeddable":true,"href":"https:\/\/emeniro.lovehorses.lv\/ru\/wp-json\/wp\/v2\/product_cat?post=47744"},{"taxonomy":"product_tag","embeddable":true,"href":"https:\/\/emeniro.lovehorses.lv\/ru\/wp-json\/wp\/v2\/product_tag?post=47744"}],"curies":[{"name":"wp","href":"https:\/\/api.w.org\/{rel}","templated":true}]}}