{"id":47858,"date":"2026-05-01T09:36:10","date_gmt":"2026-05-01T09:36:10","guid":{"rendered":"https:\/\/emeniro.lovehorses.lv\/product\/bosch-wqg245drsn\/"},"modified":"2026-05-01T09:36:10","modified_gmt":"2026-05-01T09:36:10","slug":"bosch-wqg245drsn","status":"publish","type":"product","link":"https:\/\/emeniro.lovehorses.lv\/ru\/product\/bosch-wqg245drsn\/","title":{"rendered":"Bosch WQG245DRSN"},"content":{"rendered":"<p>\u041f\u0440\u043e\u0438\u0437\u0432\u043e\u0434\u0438\u0442\u0435\u043b\u044c Bosch<\/p>\n<p>\u041f\u043e\u0434\u0441\u0442\u0430\u0432\u043a\u0430 \u0434\u043b\u044f \u0441\u0443\u0448\u043a\u0438 \u043e\u0431\u0443\u0432\u0438 \u041d\u0435\u0442<br \/>\u0412\u043c\u0435\u0441\u0442\u0438\u043c\u043e\u0441\u0442\u044c \u0431\u0430\u0440\u0430\u0431\u0430\u043d\u0430, \u043a\u0433 9<br \/>\u0422\u0438\u043f \u0441\u0443\u0448\u043a\u0438 \u041a\u043e\u043d\u0434\u0435\u043d\u0441\u0430\u0446\u0438\u044f<br \/>\u041a\u043b\u0430\u0441\u0441 \u044d\u043d\u0435\u0440\u0433\u043e\u043f\u043e\u0442\u0440\u0435\u0431\u043b\u0435\u043d\u0438\u044f A+++<br \/>\u0413\u043e\u0434\u043e\u0432\u043e\u0435 \u043f\u043e\u0442\u0440\u0435\u0431\u043b\u0435\u043d\u0438\u0435 \u044d\u043b\u0435\u043a\u0442\u0440\u043e\u044d\u043d\u0435\u0440\u0433\u0438\u0438, \u043a\u0412\u0442\u00b7\u0447 193<br \/>\u0424\u0443\u043d\u043a\u0446\u0438\u044f \u043f\u0440\u043e\u0442\u0438\u0432 \u0441\u043c\u0438\u043d\u0430\u043d\u0438\u044f \u0415\u0441\u0442\u044c<br \/>\u0422\u0435\u043f\u043b\u043e\u0432\u043e\u0439 \u043d\u0430\u0441\u043e\u0441 \u0414\u0430<br \/>\u0426\u0432\u0435\u0442 \u0427\u0435\u0440\u043d\u044b\u0439<br \/>\u0412\u044b\u0441\u043e\u0442\u0430 84 \u0441\u043c<br \/>\u0413\u043b\u0443\u0431\u0438\u043d\u0430 61 \u0441\u043c<br \/>\u0428\u0438\u0440\u0438\u043d\u0430 60 \u0441\u043c<\/p><\/p>","protected":false},"excerpt":{"rendered":"<p>Ra\u017eot\u0101js Bosch Apavu \u017e\u0101v\u0113\u0161anas stat\u012bvs NavSv\u0101rpstu tilpums, kg 9\u017d\u0101v\u0113\u0161anas tips Kondens\u0101cijaEner\u0123ijas klase A+++Elektroener\u0123ijas pat\u0113ri\u0146\u0161 gad\u0101, kWh 193Pretburz\u012b\u0161an\u0101s funkcija IrSiltums\u016bknis J\u0101Kr\u0101sa MelnsAugstums 84 cmDzi\u013cums 61 cmPlatums 60 cm<\/p>","protected":false},"featured_media":47852,"comment_status":"open","ping_status":"closed","template":"","meta":{"_joinchat":[]},"product_brand":[281],"product_cat":[261],"product_tag":[],"class_list":{"0":"post-47858","1":"product","2":"type-product","3":"status-publish","4":"has-post-thumbnail","6":"product_brand-bosch","7":"product_cat-sadzives-tehnika-velas-zavetaji","9":"first","10":"instock","11":"shipping-taxable","12":"purchasable","13":"product-type-simple"},"_links":{"self":[{"href":"https:\/\/emeniro.lovehorses.lv\/ru\/wp-json\/wp\/v2\/product\/47858","targetHints":{"allow":["GET"]}}],"collection":[{"href":"https:\/\/emeniro.lovehorses.lv\/ru\/wp-json\/wp\/v2\/product"}],"about":[{"href":"https:\/\/emeniro.lovehorses.lv\/ru\/wp-json\/wp\/v2\/types\/product"}],"replies":[{"embeddable":true,"href":"https:\/\/emeniro.lovehorses.lv\/ru\/wp-json\/wp\/v2\/comments?post=47858"}],"wp:featuredmedia":[{"embeddable":true,"href":"https:\/\/emeniro.lovehorses.lv\/ru\/wp-json\/wp\/v2\/media\/47852"}],"wp:attachment":[{"href":"https:\/\/emeniro.lovehorses.lv\/ru\/wp-json\/wp\/v2\/media?parent=47858"}],"wp:term":[{"taxonomy":"product_brand","embeddable":true,"href":"https:\/\/emeniro.lovehorses.lv\/ru\/wp-json\/wp\/v2\/product_brand?post=47858"},{"taxonomy":"product_cat","embeddable":true,"href":"https:\/\/emeniro.lovehorses.lv\/ru\/wp-json\/wp\/v2\/product_cat?post=47858"},{"taxonomy":"product_tag","embeddable":true,"href":"https:\/\/emeniro.lovehorses.lv\/ru\/wp-json\/wp\/v2\/product_tag?post=47858"}],"curies":[{"name":"wp","href":"https:\/\/api.w.org\/{rel}","templated":true}]}}