{"id":47903,"date":"2026-05-01T09:38:42","date_gmt":"2026-05-01T09:38:42","guid":{"rendered":"https:\/\/emeniro.lovehorses.lv\/product\/jbl-charge-5\/"},"modified":"2026-05-01T09:38:42","modified_gmt":"2026-05-01T09:38:42","slug":"jbl-charge-5","status":"publish","type":"product","link":"https:\/\/emeniro.lovehorses.lv\/ru\/product\/jbl-charge-5\/","title":{"rendered":"JBL Charge 5"},"content":{"rendered":"<p>Z\u012bmols\u00a0 \u00a0 \u00a0JBL<\/p>\n<p>Produkta veids\u00a0 \u00a0 \u00a0Bezvadu ska\u013crunis<br \/>Kolekcija\u00a0 \u00a0 \u00a0Charge 5<br \/>Kr\u0101sa\u00a0 \u00a0 \u00a0Melna<br \/>\u0412\u043e\u0441\u043f\u0440\u043e\u0438\u0437\u0432\u0435\u0434\u0435\u043d\u0438\u0435 \u0430\u0443\u0434\u0438\u043e<br \/>Ska\u0146as jauda\u00a0 \u00a0 40 W<br \/>Audio failu form\u0101ti\u00a0 \u00a0 MP3<br \/>\u0411\u0435\u0441\u043f\u0440\u043e\u0432\u043e\u0434\u043d\u044b\u0435 \u0438 \u0444\u0438\u0437\u0438\u0447\u0435\u0441\u043a\u0438\u0435 \u043f\u043e\u0434\u043a\u043b\u044e\u0447\u0435\u043d\u0438\u044f<br \/>Bluetooth interfeiss\u00a0 \u00a0 J\u0101<br \/>WiFi savienojums\u00a0 \u00a0 N\u0113<br \/>Savienojumi\u00a0 \u00a0 USB, USB Type C<br \/>\u0412\u043e\u0441\u043f\u0440\u043e\u0438\u0437\u0432\u0435\u0434\u0435\u043d\u0438\u0435 \u0440\u0430\u0434\u0438\u043e<br \/>Radio uztv\u0113r\u0113js\u00a0 \u00a0 FM, Nav<br \/>\u0410\u043a\u043a\u0443\u043c\u0443\u043b\u044f\u0442\u043e\u0440<br \/>Darb\u012bbas ilgums p\u0113c uzl\u0101des\u00a0 \u00a0 \u00a020 h<br \/>Uzl\u0101des laiks\u00a0 \u00a0 \u00a04 h<br \/>Elektroapg\u0101de\u00a0 \u00a0 \u00a0Akumulators<br \/>Akumulatora tips\u00a0 \u00a0 \u00a0Li-ion<br \/>Akumulatora tilpums\u00a0 \u00a0 \u00a07500 mAh<br \/>\u0424\u0438\u0437\u0438\u0447\u0435\u0441\u043a\u0438\u0435 \u043f\u0430\u0440\u0430\u043c\u0435\u0442\u0440\u044b<br \/>Platums\u00a0 \u00a0 \u00a0223 mm<br \/>Augstums\u00a0 \u00a0 \u00a096.5 mm<br \/>Dzi\u013cums\u00a0 \u00a0 \u00a094 mm<br \/>Svars\u00a0 \u00a0 \u00a0960 g<br \/>\u0414\u043e\u043f\u043e\u043b\u043d\u0438\u0442\u0435\u043b\u044c\u043d\u043e<br \/>Hands-free (bezroku) funkcija\u00a0 \u00a0 \u00a0N\u0113<br \/>\u012apa\u0161a aizsardz\u012bba\u00a0 \u00a0 \u00a0Putek\u013cu dro\u0161s, \u016adensnecaurlaid\u012bgs<br \/>Frekvences diapazons\u00a0 \u00a0 \u00a02400 \u2013 2483.5 Hz<br \/>Ar t\u0101lvad\u012bbas pulti\u00a0 \u00a0 \u00a0N\u0113<br \/>Papildus inform\u0101cija\u00a0 \u00a0 \u00a0PartyBoost tehnolo\u0123ija. Iesp\u0113jams savienot 2 ska\u013cru\u0146us stereo effektam<\/p><\/p>","protected":false},"excerpt":{"rendered":"<p>Z\u012bmols\u00a0 \u00a0 \u00a0JBL Produkta veids\u00a0 \u00a0 \u00a0Bezvadu ska\u013crunisKolekcija\u00a0 \u00a0 \u00a0Charge 5Kr\u0101sa\u00a0 \u00a0 \u00a0MelnaAudio atska\u0146o\u0161anaSka\u0146as jauda\u00a0 \u00a0 40 WAudio failu form\u0101ti\u00a0 \u00a0 MP3Bezvadu un fiziskie savienojumiBluetooth interfeiss\u00a0 \u00a0 J\u0101WiFi savienojums\u00a0 \u00a0 N\u0113Savienojumi\u00a0 \u00a0 USB, USB Type CRadio atska\u0146o\u0161anaRadio uztv\u0113r\u0113js\u00a0 \u00a0 FM, NavAkumulatorsDarb\u012bbas ilgums p\u0113c uzl\u0101des\u00a0 \u00a0 \u00a020 hUzl\u0101des laiks\u00a0 \u00a0 \u00a04 hElektroapg\u0101de\u00a0 \u00a0 \u00a0AkumulatorsAkumulatora tips\u00a0 \u00a0 [&hellip;]<\/p>\n","protected":false},"featured_media":47886,"comment_status":"open","ping_status":"closed","template":"","meta":{"_joinchat":[]},"product_brand":[],"product_cat":[304],"product_tag":[],"class_list":{"0":"post-47903","1":"product","2":"type-product","3":"status-publish","4":"has-post-thumbnail","6":"product_cat-tv-foto-video-audio-audio-aparatura-skalruni","8":"first","9":"instock","10":"shipping-taxable","11":"purchasable","12":"product-type-simple"},"_links":{"self":[{"href":"https:\/\/emeniro.lovehorses.lv\/ru\/wp-json\/wp\/v2\/product\/47903","targetHints":{"allow":["GET"]}}],"collection":[{"href":"https:\/\/emeniro.lovehorses.lv\/ru\/wp-json\/wp\/v2\/product"}],"about":[{"href":"https:\/\/emeniro.lovehorses.lv\/ru\/wp-json\/wp\/v2\/types\/product"}],"replies":[{"embeddable":true,"href":"https:\/\/emeniro.lovehorses.lv\/ru\/wp-json\/wp\/v2\/comments?post=47903"}],"wp:featuredmedia":[{"embeddable":true,"href":"https:\/\/emeniro.lovehorses.lv\/ru\/wp-json\/wp\/v2\/media\/47886"}],"wp:attachment":[{"href":"https:\/\/emeniro.lovehorses.lv\/ru\/wp-json\/wp\/v2\/media?parent=47903"}],"wp:term":[{"taxonomy":"product_brand","embeddable":true,"href":"https:\/\/emeniro.lovehorses.lv\/ru\/wp-json\/wp\/v2\/product_brand?post=47903"},{"taxonomy":"product_cat","embeddable":true,"href":"https:\/\/emeniro.lovehorses.lv\/ru\/wp-json\/wp\/v2\/product_cat?post=47903"},{"taxonomy":"product_tag","embeddable":true,"href":"https:\/\/emeniro.lovehorses.lv\/ru\/wp-json\/wp\/v2\/product_tag?post=47903"}],"curies":[{"name":"wp","href":"https:\/\/api.w.org\/{rel}","templated":true}]}}