{"id":47910,"date":"2026-05-01T09:39:16","date_gmt":"2026-05-01T09:39:16","guid":{"rendered":"https:\/\/emeniro.lovehorses.lv\/product\/jbl-partybox-club-120\/"},"modified":"2026-05-01T09:39:16","modified_gmt":"2026-05-01T09:39:16","slug":"jbl-partybox-club-120","status":"publish","type":"product","link":"https:\/\/emeniro.lovehorses.lv\/ru\/product\/jbl-partybox-club-120\/","title":{"rendered":"JBL PartyBox Club 120"},"content":{"rendered":"<p>Produkta veids\u00a0 \u00a0 \u00a0Ska\u0146as sist\u0113ma<\/p>\n<p>Z\u012bmols\u00a0 \u00a0 \u00a0JBL<br \/>Modelis\u00a0 \u00a0 \u00a0PartyBox Club 120<br \/>Ska\u0146as jauda\u00a0 \u00a0 \u00a0160 W<br \/>Atbalst\u012bt\u0101s atmi\u0146as kartes\u00a0 \u00a0 \u00a0\u2013<br \/>Savienojumi\u00a0 \u00a0 \u00a03.5 mm, AC, Bluetooth, MIC\/Guitar jack<br \/>Bluetooth interfeiss\u00a0 \u00a0 \u00a0J\u0101<br \/>WiFi savienojums\u00a0 \u00a0 \u00a0N\u0113<br \/>Garantija\u00a0 \u00a0 \u00a024 m\u0113n<br \/>Platums\u00a0 \u00a0 \u00a028.8 cm<br \/>Dzi\u013cums\u00a0 \u00a0 \u00a029.7 cm<br \/>Augstums\u00a0 \u00a0 \u00a057 cm<br \/>Svars\u00a0 \u00a0 \u00a011.05 kg<br \/>Kr\u0101sa\u00a0 \u00a0 \u00a0Melna<br \/>Spriegums\u00a0 \u00a0 \u00a0220 \u2013 240 V<br \/>Atbalst\u012bt\u0101 multivide\u00a0 \u00a0 \u00a0AUX-IN<br \/>Audio failu form\u0101ti\u00a0 \u00a0 \u00a0MP3<br \/>Radio uztv\u0113r\u0113js\u00a0 \u00a0 \u00a0Nav<br \/>Interneta radio\u00a0 \u00a0 \u00a0N\u0113<br \/>Karaokes funkcija\u00a0 \u00a0 \u00a0J\u0101<br \/>Apgaismojums\u00a0 \u00a0 \u00a0J\u0101<br \/>Ieb\u016bv\u0113ts mikrofons\u00a0 \u00a0 \u00a0N\u0113<br \/>Darb\u012bbas ilgums p\u0113c uzl\u0101des\u00a0 \u00a0 \u00a012 h<br \/>Uzl\u0101des laiks\u00a0 \u00a0 \u00a03.5 h<\/p><\/p>","protected":false},"excerpt":{"rendered":"<p>Produkta veids\u00a0 \u00a0 \u00a0Ska\u0146as sist\u0113ma Z\u012bmols\u00a0 \u00a0 \u00a0JBLModelis\u00a0 \u00a0 \u00a0PartyBox Club 120Ska\u0146as jauda\u00a0 \u00a0 \u00a0160 WAtbalst\u012bt\u0101s atmi\u0146as kartes\u00a0 \u00a0 \u00a0\u2013Savienojumi\u00a0 \u00a0 \u00a03.5 mm, AC, Bluetooth, MIC\/Guitar jackBluetooth interfeiss\u00a0 \u00a0 \u00a0J\u0101WiFi savienojums\u00a0 \u00a0 \u00a0N\u0113Garantija\u00a0 \u00a0 \u00a024 m\u0113nPlatums\u00a0 \u00a0 \u00a028.8 cmDzi\u013cums\u00a0 \u00a0 \u00a029.7 cmAugstums\u00a0 \u00a0 \u00a057 cmSvars\u00a0 \u00a0 \u00a011.05 kgKr\u0101sa\u00a0 \u00a0 \u00a0MelnaSpriegums\u00a0 \u00a0 \u00a0220 \u2013 240 VAtbalst\u012bt\u0101 [&hellip;]<\/p>\n","protected":false},"featured_media":47904,"comment_status":"open","ping_status":"closed","template":"","meta":{"_joinchat":[]},"product_brand":[],"product_cat":[304],"product_tag":[],"class_list":{"0":"post-47910","1":"product","2":"type-product","3":"status-publish","4":"has-post-thumbnail","6":"product_cat-tv-foto-video-audio-audio-aparatura-skalruni","8":"first","9":"instock","10":"shipping-taxable","11":"purchasable","12":"product-type-simple"},"_links":{"self":[{"href":"https:\/\/emeniro.lovehorses.lv\/ru\/wp-json\/wp\/v2\/product\/47910","targetHints":{"allow":["GET"]}}],"collection":[{"href":"https:\/\/emeniro.lovehorses.lv\/ru\/wp-json\/wp\/v2\/product"}],"about":[{"href":"https:\/\/emeniro.lovehorses.lv\/ru\/wp-json\/wp\/v2\/types\/product"}],"replies":[{"embeddable":true,"href":"https:\/\/emeniro.lovehorses.lv\/ru\/wp-json\/wp\/v2\/comments?post=47910"}],"wp:featuredmedia":[{"embeddable":true,"href":"https:\/\/emeniro.lovehorses.lv\/ru\/wp-json\/wp\/v2\/media\/47904"}],"wp:attachment":[{"href":"https:\/\/emeniro.lovehorses.lv\/ru\/wp-json\/wp\/v2\/media?parent=47910"}],"wp:term":[{"taxonomy":"product_brand","embeddable":true,"href":"https:\/\/emeniro.lovehorses.lv\/ru\/wp-json\/wp\/v2\/product_brand?post=47910"},{"taxonomy":"product_cat","embeddable":true,"href":"https:\/\/emeniro.lovehorses.lv\/ru\/wp-json\/wp\/v2\/product_cat?post=47910"},{"taxonomy":"product_tag","embeddable":true,"href":"https:\/\/emeniro.lovehorses.lv\/ru\/wp-json\/wp\/v2\/product_tag?post=47910"}],"curies":[{"name":"wp","href":"https:\/\/api.w.org\/{rel}","templated":true}]}}