{"id":48117,"date":"2026-05-01T09:46:42","date_gmt":"2026-05-01T09:46:42","guid":{"rendered":"https:\/\/emeniro.lovehorses.lv\/product\/elica-hidden-ixgl-a-90\/"},"modified":"2026-05-01T09:46:42","modified_gmt":"2026-05-01T09:46:42","slug":"elica-hidden-ixgl-a-90","status":"publish","type":"product","link":"https:\/\/emeniro.lovehorses.lv\/ru\/product\/elica-hidden-ixgl-a-90\/","title":{"rendered":"Elica HIDDEN IXGL\/A\/90"},"content":{"rendered":"<p>Ra\u017eot\u0101js\u00a0 \u00a0 \u00a0Elica<\/p>\n<p>Tvaika nos\u016bc\u0113ja tips\u00a0 \u00a0 \u00a0Ieb\u016bv\u0113jams<br \/>Ra\u017eotsp\u0113ja (kub.m\/st)\u00a0 \u00a0 \u00a0603<br \/>Motoru skaits\u00a0 \u00a0 \u00a01<br \/>\u0100trumu skaits\u00a0 \u00a0 \u00a04<br \/>Vad\u012bbas veids\u00a0 \u00a0 \u00a03S+B Touch control<br \/>Met\u0101lisku mazg\u0101jamu filtru skaits\u00a0 \u00a0 \u00a01<br \/>Apgaismojums\u00a0 \u00a0 \u00a01 x LED 7 W<br \/>Kr\u0101sa\u00a0 \u00a0 \u00a0Ner\u016bs\u0113jo\u0161a t\u0113rauda<br \/>Platums (cm)\u00a0 \u00a0 \u00a090<br \/>Augstums (cm)\u00a0 \u00a0 \u00a060<\/p><\/p>","protected":false},"excerpt":{"rendered":"<p>Ra\u017eot\u0101js\u00a0 \u00a0 \u00a0Elica Tvaika nos\u016bc\u0113ja tips\u00a0 \u00a0 \u00a0Ieb\u016bv\u0113jamsRa\u017eotsp\u0113ja (kub.m\/st)\u00a0 \u00a0 \u00a0603Motoru skaits\u00a0 \u00a0 \u00a01\u0100trumu skaits\u00a0 \u00a0 \u00a04Vad\u012bbas veids\u00a0 \u00a0 \u00a03S+B Touch controlMet\u0101lisku mazg\u0101jamu filtru skaits\u00a0 \u00a0 \u00a01Apgaismojums\u00a0 \u00a0 \u00a01 x LED 7 WKr\u0101sa\u00a0 \u00a0 \u00a0Ner\u016bs\u0113jo\u0161a t\u0113raudaPlatums (cm)\u00a0 \u00a0 \u00a090Augstums (cm)\u00a0 \u00a0 \u00a060<\/p>","protected":false},"featured_media":48114,"comment_status":"open","ping_status":"closed","template":"","meta":{"_joinchat":[]},"product_brand":[],"product_cat":[298],"product_tag":[],"class_list":{"0":"post-48117","1":"product","2":"type-product","3":"status-publish","4":"has-post-thumbnail","6":"product_cat-iebuvejama-sadzives-tehnika-iebuvejamie-tvaika-nosuceji","8":"first","9":"instock","10":"shipping-taxable","11":"purchasable","12":"product-type-simple"},"_links":{"self":[{"href":"https:\/\/emeniro.lovehorses.lv\/ru\/wp-json\/wp\/v2\/product\/48117","targetHints":{"allow":["GET"]}}],"collection":[{"href":"https:\/\/emeniro.lovehorses.lv\/ru\/wp-json\/wp\/v2\/product"}],"about":[{"href":"https:\/\/emeniro.lovehorses.lv\/ru\/wp-json\/wp\/v2\/types\/product"}],"replies":[{"embeddable":true,"href":"https:\/\/emeniro.lovehorses.lv\/ru\/wp-json\/wp\/v2\/comments?post=48117"}],"wp:featuredmedia":[{"embeddable":true,"href":"https:\/\/emeniro.lovehorses.lv\/ru\/wp-json\/wp\/v2\/media\/48114"}],"wp:attachment":[{"href":"https:\/\/emeniro.lovehorses.lv\/ru\/wp-json\/wp\/v2\/media?parent=48117"}],"wp:term":[{"taxonomy":"product_brand","embeddable":true,"href":"https:\/\/emeniro.lovehorses.lv\/ru\/wp-json\/wp\/v2\/product_brand?post=48117"},{"taxonomy":"product_cat","embeddable":true,"href":"https:\/\/emeniro.lovehorses.lv\/ru\/wp-json\/wp\/v2\/product_cat?post=48117"},{"taxonomy":"product_tag","embeddable":true,"href":"https:\/\/emeniro.lovehorses.lv\/ru\/wp-json\/wp\/v2\/product_tag?post=48117"}],"curies":[{"name":"wp","href":"https:\/\/api.w.org\/{rel}","templated":true}]}}