{"id":48137,"date":"2026-05-01T09:47:45","date_gmt":"2026-05-01T09:47:45","guid":{"rendered":"https:\/\/emeniro.lovehorses.lv\/product\/samsung-dv90dg6845lku4\/"},"modified":"2026-05-01T09:47:45","modified_gmt":"2026-05-01T09:47:45","slug":"samsung-dv90dg6845lku4","status":"publish","type":"product","link":"https:\/\/emeniro.lovehorses.lv\/ru\/product\/samsung-dv90dg6845lku4\/","title":{"rendered":"Samsung DV90DG6845LKU4"},"content":{"rendered":"<p>Produkta veids\u00a0 \u00a0 \u00a0\u017d\u0101v\u0113t\u0101ji<\/p>\n<p>Z\u012bmols\u00a0 \u00a0 \u00a0Samsung<br \/>Modelis\u00a0 \u00a0 \u00a0DV90DG6845LKU4<br \/>\u042d\u043d\u0435\u0440\u0433\u043e\u043f\u043e\u0442\u0440\u0435\u0431\u043b\u0435\u043d\u0438\u0435<br \/>Ietilp\u012bba\u00a0 \u00a0 9 kg<br \/>\u017d\u0101v\u0113\u0161anas veids\u00a0 \u00a0 Kondens\u0101cija ar siltums\u016bkni<br \/>Energoefektivit\u0101tes klase\u00a0 \u00a0 A<br \/>Energoefektivit\u0101tes kla\u0161u skala\u00a0 \u00a0 \u00a0A \u2013 G<br \/>\u017d\u0101v\u0113\u0161anas efektivit\u0101tes klase\u00a0 \u00a0 \u00a0B<br \/>Trok\u0161\u0146a l\u012bmenis\u00a0 \u00a0 65 dB<br \/>\u0420\u0430\u0437\u043c\u0435\u0440\u044b, \u0432\u0435\u0441 \u0438 \u0446\u0432\u0435\u0442<br \/>Platums\u00a0 \u00a0 \u00a060 cm<br \/>Dzi\u013cums\u00a0 \u00a0 \u00a060 cm<br \/>Augstums\u00a0 \u00a0 \u00a085 cm<br \/>Svars\u00a0 \u00a0 \u00a050 kg<br \/>Kr\u0101sa\u00a0 \u00a0 \u00a0Balta<br \/>\u0423\u043f\u0440\u0430\u0432\u043b\u0435\u043d\u0438\u0435 \u0438 \u0434\u0438\u0441\u043f\u043b\u0435\u0439<br \/>Vad\u012bba\u00a0 \u00a0 Meh\u0101nisks, Sensoru<br \/>Ekr\u0101ns\u00a0 \u00a0 J\u0101<br \/>\u041f\u0440\u043e\u0433\u0440\u0430\u043c\u043c\u044b \u0438 \u0444\u0443\u043d\u043a\u0446\u0438\u0438<br \/>Programmu skaits\u00a0 \u00a0 \u00a013<br \/>\u0414\u043e\u043f\u043e\u043b\u043d\u0438\u0442\u0435\u043b\u044c\u043d\u043e<br \/>Izcelsmes valsts\u00a0 \u00a0 \u00a0\u0136\u012bna\u00a0<\/p><\/p>","protected":false},"excerpt":{"rendered":"<p>Produkta veids\u00a0 \u00a0 \u00a0\u017d\u0101v\u0113t\u0101ji Z\u012bmols\u00a0 \u00a0 \u00a0SamsungModelis\u00a0 \u00a0 \u00a0DV90DG6845LKU4Ener\u0123ijas pat\u0113ri\u0146\u0161Ietilp\u012bba\u00a0 \u00a0 9 kg\u017d\u0101v\u0113\u0161anas veids\u00a0 \u00a0 Kondens\u0101cija ar siltums\u016bkniEnergoefektivit\u0101tes klase\u00a0 \u00a0 AEnergoefektivit\u0101tes kla\u0161u skala\u00a0 \u00a0 \u00a0A \u2013 G\u017d\u0101v\u0113\u0161anas efektivit\u0101tes klase\u00a0 \u00a0 \u00a0BTrok\u0161\u0146a l\u012bmenis\u00a0 \u00a0 65 dBIzm\u0113ri, svars un kr\u0101saPlatums\u00a0 \u00a0 \u00a060 cmDzi\u013cums\u00a0 \u00a0 \u00a060 cmAugstums\u00a0 \u00a0 \u00a085 cmSvars\u00a0 \u00a0 \u00a050 kgKr\u0101sa\u00a0 \u00a0 \u00a0BaltaVad\u012bba un displejsVad\u012bba\u00a0 \u00a0 [&hellip;]<\/p>\n","protected":false},"featured_media":48123,"comment_status":"open","ping_status":"closed","template":"","meta":{"_joinchat":[]},"product_brand":[139],"product_cat":[261],"product_tag":[],"class_list":{"0":"post-48137","1":"product","2":"type-product","3":"status-publish","4":"has-post-thumbnail","6":"product_brand-samsung","7":"product_cat-sadzives-tehnika-velas-zavetaji","9":"first","10":"instock","11":"shipping-taxable","12":"purchasable","13":"product-type-simple"},"_links":{"self":[{"href":"https:\/\/emeniro.lovehorses.lv\/ru\/wp-json\/wp\/v2\/product\/48137","targetHints":{"allow":["GET"]}}],"collection":[{"href":"https:\/\/emeniro.lovehorses.lv\/ru\/wp-json\/wp\/v2\/product"}],"about":[{"href":"https:\/\/emeniro.lovehorses.lv\/ru\/wp-json\/wp\/v2\/types\/product"}],"replies":[{"embeddable":true,"href":"https:\/\/emeniro.lovehorses.lv\/ru\/wp-json\/wp\/v2\/comments?post=48137"}],"wp:featuredmedia":[{"embeddable":true,"href":"https:\/\/emeniro.lovehorses.lv\/ru\/wp-json\/wp\/v2\/media\/48123"}],"wp:attachment":[{"href":"https:\/\/emeniro.lovehorses.lv\/ru\/wp-json\/wp\/v2\/media?parent=48137"}],"wp:term":[{"taxonomy":"product_brand","embeddable":true,"href":"https:\/\/emeniro.lovehorses.lv\/ru\/wp-json\/wp\/v2\/product_brand?post=48137"},{"taxonomy":"product_cat","embeddable":true,"href":"https:\/\/emeniro.lovehorses.lv\/ru\/wp-json\/wp\/v2\/product_cat?post=48137"},{"taxonomy":"product_tag","embeddable":true,"href":"https:\/\/emeniro.lovehorses.lv\/ru\/wp-json\/wp\/v2\/product_tag?post=48137"}],"curies":[{"name":"wp","href":"https:\/\/api.w.org\/{rel}","templated":true}]}}