{"id":48165,"date":"2026-05-01T09:49:19","date_gmt":"2026-05-01T09:49:19","guid":{"rendered":"https:\/\/emeniro.lovehorses.lv\/product\/samsung-hw-ls60d-en\/"},"modified":"2026-05-01T09:49:19","modified_gmt":"2026-05-01T09:49:19","slug":"samsung-hw-ls60d-en","status":"publish","type":"product","link":"https:\/\/emeniro.lovehorses.lv\/ru\/product\/samsung-hw-ls60d-en\/","title":{"rendered":"Samsung HW-LS60D\/EN"},"content":{"rendered":"<p>Z\u012bmols\u00a0 \u00a0 \u00a0Samsung<\/p>\n<p>Produkta veids\u00a0 \u00a0 \u00a0Bezvadu ska\u013crunis<br \/>Modelis\u00a0 \u00a0 \u00a0HW-LS60D\/EN<br \/>Kr\u0101sa\u00a0 \u00a0 \u00a0Melna<br \/>\u0412\u043e\u0441\u043f\u0440\u043e\u0438\u0437\u0432\u0435\u0434\u0435\u043d\u0438\u0435 \u0430\u0443\u0434\u0438\u043e<br \/>Ska\u0146as jauda\u00a0 \u00a0 120 W<br \/>\u0411\u0435\u0441\u043f\u0440\u043e\u0432\u043e\u0434\u043d\u044b\u0435 \u0438 \u0444\u0438\u0437\u0438\u0447\u0435\u0441\u043a\u0438\u0435 \u043f\u043e\u0434\u043a\u043b\u044e\u0447\u0435\u043d\u0438\u044f<br \/>Bluetooth interfeiss\u00a0 \u00a0 J\u0101<br \/>WiFi savienojums\u00a0 \u00a0 N\u0113<br \/>Savienojumi\u00a0 \u00a0 Bluetooth<br \/>\u0412\u043e\u0441\u043f\u0440\u043e\u0438\u0437\u0432\u0435\u0434\u0435\u043d\u0438\u0435 \u0440\u0430\u0434\u0438\u043e<br \/>Radio uztv\u0113r\u0113js\u00a0 \u00a0 Nav<br \/>\u0410\u043a\u043a\u0443\u043c\u0443\u043b\u044f\u0442\u043e\u0440<br \/>Elektroapg\u0101de\u00a0 \u00a0 \u00a0Elektrisk\u0101 t\u012bkla<br \/>\u0424\u0438\u0437\u0438\u0447\u0435\u0441\u043a\u0438\u0435 \u043f\u0430\u0440\u0430\u043c\u0435\u0442\u0440\u044b<br \/>Platums\u00a0 \u00a0 \u00a0353 mm<br \/>Augstums\u00a0 \u00a0 \u00a0364.8 mm<br \/>Dzi\u013cums\u00a0 \u00a0 \u00a0143.4 mm<br \/>\u0414\u043e\u043f\u043e\u043b\u043d\u0438\u0442\u0435\u043b\u044c\u043d\u043e<br \/>Hands-free (bezroku) funkcija\u00a0 \u00a0 \u00a0N\u0113<br \/>\u012apa\u0161a aizsardz\u012bba\u00a0 \u00a0 \u00a0Nav<br \/>Izcelsmes valsts\u00a0 \u00a0 \u00a0N\u012bderlande\u00a0<\/p><\/p>","protected":false},"excerpt":{"rendered":"<p>Z\u012bmols\u00a0 \u00a0 \u00a0Samsung Produkta veids\u00a0 \u00a0 \u00a0Bezvadu ska\u013crunisModelis\u00a0 \u00a0 \u00a0HW-LS60D\/ENKr\u0101sa\u00a0 \u00a0 \u00a0MelnaAudio atska\u0146o\u0161anaSka\u0146as jauda\u00a0 \u00a0 120 WBezvadu un fiziskie savienojumiBluetooth interfeiss\u00a0 \u00a0 J\u0101WiFi savienojums\u00a0 \u00a0 N\u0113Savienojumi\u00a0 \u00a0 BluetoothRadio atska\u0146o\u0161anaRadio uztv\u0113r\u0113js\u00a0 \u00a0 NavAkumulatorsElektroapg\u0101de\u00a0 \u00a0 \u00a0Elektrisk\u0101 t\u012bklaFiziskie parametriPlatums\u00a0 \u00a0 \u00a0353 mmAugstums\u00a0 \u00a0 \u00a0364.8 mmDzi\u013cums\u00a0 \u00a0 \u00a0143.4 mmPapildusHands-free (bezroku) funkcija\u00a0 \u00a0 \u00a0N\u0113\u012apa\u0161a aizsardz\u012bba\u00a0 \u00a0 \u00a0NavIzcelsmes valsts\u00a0 \u00a0 \u00a0N\u012bderlande\u00a0<\/p>","protected":false},"featured_media":48161,"comment_status":"open","ping_status":"closed","template":"","meta":{"_joinchat":[]},"product_brand":[139],"product_cat":[365],"product_tag":[],"class_list":{"0":"post-48165","1":"product","2":"type-product","3":"status-publish","4":"has-post-thumbnail","6":"product_brand-samsung","7":"product_cat-tv-foto-video-audio-audio-aparatura-muzikas-centri","9":"first","10":"instock","11":"shipping-taxable","12":"purchasable","13":"product-type-simple"},"_links":{"self":[{"href":"https:\/\/emeniro.lovehorses.lv\/ru\/wp-json\/wp\/v2\/product\/48165","targetHints":{"allow":["GET"]}}],"collection":[{"href":"https:\/\/emeniro.lovehorses.lv\/ru\/wp-json\/wp\/v2\/product"}],"about":[{"href":"https:\/\/emeniro.lovehorses.lv\/ru\/wp-json\/wp\/v2\/types\/product"}],"replies":[{"embeddable":true,"href":"https:\/\/emeniro.lovehorses.lv\/ru\/wp-json\/wp\/v2\/comments?post=48165"}],"wp:featuredmedia":[{"embeddable":true,"href":"https:\/\/emeniro.lovehorses.lv\/ru\/wp-json\/wp\/v2\/media\/48161"}],"wp:attachment":[{"href":"https:\/\/emeniro.lovehorses.lv\/ru\/wp-json\/wp\/v2\/media?parent=48165"}],"wp:term":[{"taxonomy":"product_brand","embeddable":true,"href":"https:\/\/emeniro.lovehorses.lv\/ru\/wp-json\/wp\/v2\/product_brand?post=48165"},{"taxonomy":"product_cat","embeddable":true,"href":"https:\/\/emeniro.lovehorses.lv\/ru\/wp-json\/wp\/v2\/product_cat?post=48165"},{"taxonomy":"product_tag","embeddable":true,"href":"https:\/\/emeniro.lovehorses.lv\/ru\/wp-json\/wp\/v2\/product_tag?post=48165"}],"curies":[{"name":"wp","href":"https:\/\/api.w.org\/{rel}","templated":true}]}}