{"id":48171,"date":"2026-05-01T09:49:38","date_gmt":"2026-05-01T09:49:38","guid":{"rendered":"https:\/\/emeniro.lovehorses.lv\/product\/marshall-stanmore-iii\/"},"modified":"2026-05-01T09:49:38","modified_gmt":"2026-05-01T09:49:38","slug":"marshall-stanmore-iii","status":"publish","type":"product","link":"https:\/\/emeniro.lovehorses.lv\/ru\/product\/marshall-stanmore-iii\/","title":{"rendered":"Marshall Stanmore III"},"content":{"rendered":"<p>Z\u012bmols\u00a0 \u00a0 \u00a0Marshall<\/p>\n<p>Produkta veids\u00a0 \u00a0 \u00a0Ska\u013crunis<br \/>Kolekcija\u00a0 \u00a0 \u00a0Stanmore III<br \/>Kr\u0101sa\u00a0 \u00a0 \u00a0Melna<br \/>Ska\u013cru\u0146a tips\u00a0 \u00a0 \u00a0Bezvadu<br \/>\u0412\u043e\u0441\u043f\u0440\u043e\u0438\u0437\u0432\u0435\u0434\u0435\u043d\u0438\u0435 \u0430\u0443\u0434\u0438\u043e<br \/>Ska\u0146as jauda\u00a0 \u00a0 50 W<br \/>Jut\u012bba\u00a0 \u00a0 \u00a097 dB<br \/>Ska\u0146as sist\u0113ma\u00a0 \u00a0 \u00a02.0 (Stereo)<br \/>Ieb\u016bv\u0113ts mikrofons\u00a0 \u00a0 \u00a0N\u0113<br \/>\u0411\u0435\u0441\u043f\u0440\u043e\u0432\u043e\u0434\u043d\u044b\u0435 \u0438 \u0444\u0438\u0437\u0438\u0447\u0435\u0441\u043a\u0438\u0435 \u043f\u043e\u0434\u043a\u043b\u044e\u0447\u0435\u043d\u0438\u044f<br \/>Bluetooth interfeiss\u00a0 \u00a0 J\u0101<br \/>WiFi savienojums\u00a0 \u00a0 N\u0113<br \/>Savienojumi\u00a0 \u00a0 3.5 mm, RCA<br \/>\u0412\u043e\u0441\u043f\u0440\u043e\u0438\u0437\u0432\u0435\u0434\u0435\u043d\u0438\u0435 \u0440\u0430\u0434\u0438\u043e<br \/>Radio uztv\u0113r\u0113js\u00a0 \u00a0 Nav<br \/>\u0410\u043a\u043a\u0443\u043c\u0443\u043b\u044f\u0442\u043e\u0440<br \/>Elektroapg\u0101de\u00a0 \u00a0 \u00a0Elektrisk\u0101 t\u012bkla<br \/>\u0424\u0438\u0437\u0438\u0447\u0435\u0441\u043a\u0438\u0435 \u043f\u0430\u0440\u0430\u043c\u0435\u0442\u0440\u044b<br \/>Platums\u00a0 \u00a0 \u00a0350 mm<br \/>Augstums\u00a0 \u00a0 \u00a0203 mm<br \/>Dzi\u013cums\u00a0 \u00a0 \u00a0188 mm<br \/>Svars\u00a0 \u00a0 \u00a04250 g<br \/>Spriegums\u00a0 \u00a0 \u00a0100 \u2013 240 V<br \/>Ska\u013cru\u0146u skaits\u00a0 \u00a0 \u00a02<br \/>\u0414\u043e\u043f\u043e\u043b\u043d\u0438\u0442\u0435\u043b\u044c\u043d\u043e<br \/>Hands-free (bezroku) funkcija\u00a0 \u00a0 \u00a0N\u0113<br \/>\u012apa\u0161a aizsardz\u012bba\u00a0 \u00a0 \u00a0Nav<br \/>Frekvences diapazons\u00a0 \u00a0 \u00a045 \u2013 20000 Hz<br \/>Maksim\u0101lais darb\u012bbas att\u0101lums\u00a0 \u00a0 \u00a010 m<br \/>Garantija\u00a0 \u00a0 \u00a024 m\u0113n<br \/>Garantija juridisk\u0101m person\u0101m\u00a0 \u00a0 \u00a012 m\u0113n<br \/>Izcelsmes valsts\u00a0 \u00a0 \u00a0Anglija\u00a0<\/p><\/p>","protected":false},"excerpt":{"rendered":"<p>Z\u012bmols\u00a0 \u00a0 \u00a0Marshall Produkta veids\u00a0 \u00a0 \u00a0Ska\u013crunisKolekcija\u00a0 \u00a0 \u00a0Stanmore IIIKr\u0101sa\u00a0 \u00a0 \u00a0MelnaSka\u013cru\u0146a tips\u00a0 \u00a0 \u00a0BezvaduAudio atska\u0146o\u0161anaSka\u0146as jauda\u00a0 \u00a0 50 WJut\u012bba\u00a0 \u00a0 \u00a097 dBSka\u0146as sist\u0113ma\u00a0 \u00a0 \u00a02.0 (Stereo)Ieb\u016bv\u0113ts mikrofons\u00a0 \u00a0 \u00a0N\u0113Bezvadu un fiziskie savienojumiBluetooth interfeiss\u00a0 \u00a0 J\u0101WiFi savienojums\u00a0 \u00a0 N\u0113Savienojumi\u00a0 \u00a0 3.5 mm, RCARadio atska\u0146o\u0161anaRadio uztv\u0113r\u0113js\u00a0 \u00a0 NavAkumulatorsElektroapg\u0101de\u00a0 \u00a0 \u00a0Elektrisk\u0101 t\u012bklaFiziskie parametriPlatums\u00a0 \u00a0 \u00a0350 mmAugstums\u00a0 \u00a0 [&hellip;]<\/p>\n","protected":false},"featured_media":48166,"comment_status":"open","ping_status":"closed","template":"","meta":{"_joinchat":[]},"product_brand":[],"product_cat":[304],"product_tag":[],"class_list":{"0":"post-48171","1":"product","2":"type-product","3":"status-publish","4":"has-post-thumbnail","6":"product_cat-tv-foto-video-audio-audio-aparatura-skalruni","8":"first","9":"instock","10":"shipping-taxable","11":"purchasable","12":"product-type-simple"},"_links":{"self":[{"href":"https:\/\/emeniro.lovehorses.lv\/ru\/wp-json\/wp\/v2\/product\/48171","targetHints":{"allow":["GET"]}}],"collection":[{"href":"https:\/\/emeniro.lovehorses.lv\/ru\/wp-json\/wp\/v2\/product"}],"about":[{"href":"https:\/\/emeniro.lovehorses.lv\/ru\/wp-json\/wp\/v2\/types\/product"}],"replies":[{"embeddable":true,"href":"https:\/\/emeniro.lovehorses.lv\/ru\/wp-json\/wp\/v2\/comments?post=48171"}],"wp:featuredmedia":[{"embeddable":true,"href":"https:\/\/emeniro.lovehorses.lv\/ru\/wp-json\/wp\/v2\/media\/48166"}],"wp:attachment":[{"href":"https:\/\/emeniro.lovehorses.lv\/ru\/wp-json\/wp\/v2\/media?parent=48171"}],"wp:term":[{"taxonomy":"product_brand","embeddable":true,"href":"https:\/\/emeniro.lovehorses.lv\/ru\/wp-json\/wp\/v2\/product_brand?post=48171"},{"taxonomy":"product_cat","embeddable":true,"href":"https:\/\/emeniro.lovehorses.lv\/ru\/wp-json\/wp\/v2\/product_cat?post=48171"},{"taxonomy":"product_tag","embeddable":true,"href":"https:\/\/emeniro.lovehorses.lv\/ru\/wp-json\/wp\/v2\/product_tag?post=48171"}],"curies":[{"name":"wp","href":"https:\/\/api.w.org\/{rel}","templated":true}]}}