{"id":48200,"date":"2026-05-01T09:51:28","date_gmt":"2026-05-01T09:51:28","guid":{"rendered":"https:\/\/emeniro.lovehorses.lv\/product\/jbl-xtreme-4\/"},"modified":"2026-05-01T09:51:28","modified_gmt":"2026-05-01T09:51:28","slug":"jbl-xtreme-4","status":"publish","type":"product","link":"https:\/\/emeniro.lovehorses.lv\/ru\/product\/jbl-xtreme-4\/","title":{"rendered":"JBL XTREME 4"},"content":{"rendered":"<p>Z\u012bmols\u00a0 \u00a0 \u00a0JBL<\/p>\n<p>Produkta veids\u00a0 \u00a0 \u00a0Bezvadu ska\u013crunis<br \/>Kolekcija\u00a0 \u00a0 \u00a0\u2013<br \/>Modelis\u00a0 \u00a0 \u00a0XTREME 4<br \/>Kr\u0101sa\u00a0 \u00a0 \u00a0Zila<br \/>\u0412\u043e\u0441\u043f\u0440\u043e\u0438\u0437\u0432\u0435\u0434\u0435\u043d\u0438\u0435 \u0430\u0443\u0434\u0438\u043e<br \/>Ska\u0146as jauda\u00a0 \u00a0 130 W<br \/>\u0411\u0435\u0441\u043f\u0440\u043e\u0432\u043e\u0434\u043d\u044b\u0435 \u0438 \u0444\u0438\u0437\u0438\u0447\u0435\u0441\u043a\u0438\u0435 \u043f\u043e\u0434\u043a\u043b\u044e\u0447\u0435\u043d\u0438\u044f<br \/>Bluetooth interfeiss\u00a0 \u00a0 J\u0101<br \/>WiFi savienojums\u00a0 \u00a0 N\u0113<br \/>Savienojumi\u00a0 \u00a0 Bluetooth, PD<br \/>\u0412\u043e\u0441\u043f\u0440\u043e\u0438\u0437\u0432\u0435\u0434\u0435\u043d\u0438\u0435 \u0440\u0430\u0434\u0438\u043e<br \/>Radio uztv\u0113r\u0113js\u00a0 \u00a0 Nav<br \/>\u0410\u043a\u043a\u0443\u043c\u0443\u043b\u044f\u0442\u043e\u0440<br \/>Darb\u012bbas ilgums p\u0113c uzl\u0101des\u00a0 \u00a0 \u00a024 h<br \/>Uzl\u0101des laiks\u00a0 \u00a0 \u00a03.5 h<br \/>Elektroapg\u0101de\u00a0 \u00a0 \u00a0Baterija<br \/>\u0424\u0438\u0437\u0438\u0447\u0435\u0441\u043a\u0438\u0435 \u043f\u0430\u0440\u0430\u043c\u0435\u0442\u0440\u044b<br \/>Platums\u00a0 \u00a0 \u00a0297 mm<br \/>Augstums\u00a0 \u00a0 \u00a0149 mm<br \/>Dzi\u013cums\u00a0 \u00a0 \u00a0141 mm<br \/>Svars\u00a0 \u00a0 \u00a02100 g<br \/>Aizsardz\u012bbas l\u012bmenis (IP)\u00a0 \u00a0 \u00a0IP67<br \/>\u0414\u043e\u043f\u043e\u043b\u043d\u0438\u0442\u0435\u043b\u044c\u043d\u043e<br \/>Hands-free (bezroku) funkcija\u00a0 \u00a0 \u00a0J\u0101<br \/>\u012apa\u0161a aizsardz\u012bba\u00a0 \u00a0 \u00a0Putek\u013cu dro\u0161s, \u016adensnecaurlaid\u012bgs<br \/>Frekvences diapazons\u00a0 \u00a0 \u00a044 \u2013 20000 Hz<br \/>Izcelsmes valsts\u00a0 \u00a0 \u00a0\u0136\u012bna\u00a0<\/p><\/p>","protected":false},"excerpt":{"rendered":"<p>Z\u012bmols\u00a0 \u00a0 \u00a0JBL Produkta veids\u00a0 \u00a0 \u00a0Bezvadu ska\u013crunisKolekcija\u00a0 \u00a0 \u00a0\u2013Modelis\u00a0 \u00a0 \u00a0XTREME 4Kr\u0101sa\u00a0 \u00a0 \u00a0ZilaAudio atska\u0146o\u0161anaSka\u0146as jauda\u00a0 \u00a0 130 WBezvadu un fiziskie savienojumiBluetooth interfeiss\u00a0 \u00a0 J\u0101WiFi savienojums\u00a0 \u00a0 N\u0113Savienojumi\u00a0 \u00a0 Bluetooth, PDRadio atska\u0146o\u0161anaRadio uztv\u0113r\u0113js\u00a0 \u00a0 NavAkumulatorsDarb\u012bbas ilgums p\u0113c uzl\u0101des\u00a0 \u00a0 \u00a024 hUzl\u0101des laiks\u00a0 \u00a0 \u00a03.5 hElektroapg\u0101de\u00a0 \u00a0 \u00a0BaterijaFiziskie parametriPlatums\u00a0 \u00a0 \u00a0297 mmAugstums\u00a0 \u00a0 \u00a0149 mmDzi\u013cums\u00a0 [&hellip;]<\/p>\n","protected":false},"featured_media":48195,"comment_status":"open","ping_status":"closed","template":"","meta":{"_joinchat":[]},"product_brand":[],"product_cat":[304],"product_tag":[],"class_list":{"0":"post-48200","1":"product","2":"type-product","3":"status-publish","4":"has-post-thumbnail","6":"product_cat-tv-foto-video-audio-audio-aparatura-skalruni","8":"first","9":"instock","10":"shipping-taxable","11":"purchasable","12":"product-type-simple"},"_links":{"self":[{"href":"https:\/\/emeniro.lovehorses.lv\/ru\/wp-json\/wp\/v2\/product\/48200","targetHints":{"allow":["GET"]}}],"collection":[{"href":"https:\/\/emeniro.lovehorses.lv\/ru\/wp-json\/wp\/v2\/product"}],"about":[{"href":"https:\/\/emeniro.lovehorses.lv\/ru\/wp-json\/wp\/v2\/types\/product"}],"replies":[{"embeddable":true,"href":"https:\/\/emeniro.lovehorses.lv\/ru\/wp-json\/wp\/v2\/comments?post=48200"}],"wp:featuredmedia":[{"embeddable":true,"href":"https:\/\/emeniro.lovehorses.lv\/ru\/wp-json\/wp\/v2\/media\/48195"}],"wp:attachment":[{"href":"https:\/\/emeniro.lovehorses.lv\/ru\/wp-json\/wp\/v2\/media?parent=48200"}],"wp:term":[{"taxonomy":"product_brand","embeddable":true,"href":"https:\/\/emeniro.lovehorses.lv\/ru\/wp-json\/wp\/v2\/product_brand?post=48200"},{"taxonomy":"product_cat","embeddable":true,"href":"https:\/\/emeniro.lovehorses.lv\/ru\/wp-json\/wp\/v2\/product_cat?post=48200"},{"taxonomy":"product_tag","embeddable":true,"href":"https:\/\/emeniro.lovehorses.lv\/ru\/wp-json\/wp\/v2\/product_tag?post=48200"}],"curies":[{"name":"wp","href":"https:\/\/api.w.org\/{rel}","templated":true}]}}