{"id":48214,"date":"2026-05-01T09:52:53","date_gmt":"2026-05-01T09:52:53","guid":{"rendered":"https:\/\/emeniro.lovehorses.lv\/product\/blaupunkt-pb06db\/"},"modified":"2026-05-01T09:52:53","modified_gmt":"2026-05-01T09:52:53","slug":"blaupunkt-pb06db","status":"publish","type":"product","link":"https:\/\/emeniro.lovehorses.lv\/ru\/product\/blaupunkt-pb06db\/","title":{"rendered":"Blaupunkt PB06DB"},"content":{"rendered":"<p>Produkta veids\u00a0 \u00a0 \u00a0Ska\u0146as sist\u0113ma<\/p>\n<p>Z\u012bmols\u00a0 \u00a0 \u00a0Blaupunkt<br \/>Modelis\u00a0 \u00a0 \u00a0PB06DB<br \/>Ska\u0146as jauda\u00a0 \u00a0 \u00a0500 W<br \/>Atbalst\u012bt\u0101s atmi\u0146as kartes\u00a0 \u00a0 \u00a0Micro SD<br \/>Savienojumi\u00a0 \u00a0 \u00a03.5 mm (AUX)<br \/>Bluetooth interfeiss\u00a0 \u00a0 \u00a0J\u0101<br \/>WiFi savienojums\u00a0 \u00a0 \u00a0N\u0113<br \/>Garantija\u00a0 \u00a0 \u00a024 m\u0113n<br \/>Platums\u00a0 \u00a0 \u00a026.9 cm<br \/>Dzi\u013cums\u00a0 \u00a0 \u00a029 cm<br \/>Augstums\u00a0 \u00a0 \u00a062.6 cm<br \/>Svars\u00a0 \u00a0 \u00a06.83 kg<br \/>Kr\u0101sa\u00a0 \u00a0 \u00a0Melna<br \/>Spriegums\u00a0 \u00a0 \u00a0110 \u2013 240 V<br \/>Atbalst\u012bt\u0101 multivide\u00a0 \u00a0 \u00a0SD, USB<br \/>Audio failu form\u0101ti\u00a0 \u00a0 \u00a0MP3, WMA<br \/>Radio uztv\u0113r\u0113js\u00a0 \u00a0 \u00a0FM, Ir<br \/>Interneta radio\u00a0 \u00a0 \u00a0N\u0113<br \/>Karaokes funkcija\u00a0 \u00a0 \u00a0J\u0101<br \/>Apgaismojums\u00a0 \u00a0 \u00a0J\u0101<br \/>Att\u0101lin\u0101t\u0101s vad\u012bbas funkcija\u00a0 \u00a0 \u00a0J\u0101<br \/>Ieb\u016bv\u0113ts mikrofons\u00a0 \u00a0 \u00a0J\u0101<br \/>Darb\u012bbas ilgums p\u0113c uzl\u0101des\u00a0 \u00a0 \u00a05 h<br \/>Uzl\u0101des laiks\u00a0 \u00a0 \u00a04 h<br \/>Papildus inform\u0101cija\u00a0 \u00a0 \u00a0Divi bezvadu mikrofoni, uzl\u0101d\u0113jams akumulators 7,4 V\/ 5 Ah<br \/>Izcelsmes valsts\u00a0 \u00a0 \u00a0\u0136\u012bna\u00a0<\/p><\/p>","protected":false},"excerpt":{"rendered":"<p>Produkta veids\u00a0 \u00a0 \u00a0Ska\u0146as sist\u0113ma Z\u012bmols\u00a0 \u00a0 \u00a0BlaupunktModelis\u00a0 \u00a0 \u00a0PB06DBSka\u0146as jauda\u00a0 \u00a0 \u00a0500 WAtbalst\u012bt\u0101s atmi\u0146as kartes\u00a0 \u00a0 \u00a0Micro SDSavienojumi\u00a0 \u00a0 \u00a03.5 mm (AUX)Bluetooth interfeiss\u00a0 \u00a0 \u00a0J\u0101WiFi savienojums\u00a0 \u00a0 \u00a0N\u0113Garantija\u00a0 \u00a0 \u00a024 m\u0113nPlatums\u00a0 \u00a0 \u00a026.9 cmDzi\u013cums\u00a0 \u00a0 \u00a029 cmAugstums\u00a0 \u00a0 \u00a062.6 cmSvars\u00a0 \u00a0 \u00a06.83 kgKr\u0101sa\u00a0 \u00a0 \u00a0MelnaSpriegums\u00a0 \u00a0 \u00a0110 \u2013 240 VAtbalst\u012bt\u0101 multivide\u00a0 \u00a0 \u00a0SD, USBAudio [&hellip;]<\/p>\n","protected":false},"featured_media":48201,"comment_status":"open","ping_status":"closed","template":"","meta":[],"product_brand":[],"product_cat":[304],"product_tag":[],"class_list":{"0":"post-48214","1":"product","2":"type-product","3":"status-publish","4":"has-post-thumbnail","6":"product_cat-tv-foto-video-audio-audio-aparatura-skalruni","8":"first","9":"instock","10":"shipping-taxable","11":"purchasable","12":"product-type-simple"},"_links":{"self":[{"href":"https:\/\/emeniro.lovehorses.lv\/ru\/wp-json\/wp\/v2\/product\/48214","targetHints":{"allow":["GET"]}}],"collection":[{"href":"https:\/\/emeniro.lovehorses.lv\/ru\/wp-json\/wp\/v2\/product"}],"about":[{"href":"https:\/\/emeniro.lovehorses.lv\/ru\/wp-json\/wp\/v2\/types\/product"}],"replies":[{"embeddable":true,"href":"https:\/\/emeniro.lovehorses.lv\/ru\/wp-json\/wp\/v2\/comments?post=48214"}],"wp:featuredmedia":[{"embeddable":true,"href":"https:\/\/emeniro.lovehorses.lv\/ru\/wp-json\/wp\/v2\/media\/48201"}],"wp:attachment":[{"href":"https:\/\/emeniro.lovehorses.lv\/ru\/wp-json\/wp\/v2\/media?parent=48214"}],"wp:term":[{"taxonomy":"product_brand","embeddable":true,"href":"https:\/\/emeniro.lovehorses.lv\/ru\/wp-json\/wp\/v2\/product_brand?post=48214"},{"taxonomy":"product_cat","embeddable":true,"href":"https:\/\/emeniro.lovehorses.lv\/ru\/wp-json\/wp\/v2\/product_cat?post=48214"},{"taxonomy":"product_tag","embeddable":true,"href":"https:\/\/emeniro.lovehorses.lv\/ru\/wp-json\/wp\/v2\/product_tag?post=48214"}],"curies":[{"name":"wp","href":"https:\/\/api.w.org\/{rel}","templated":true}]}}