{"id":48234,"date":"2026-05-01T09:54:46","date_gmt":"2026-05-01T09:54:46","guid":{"rendered":"https:\/\/emeniro.lovehorses.lv\/product\/jbl-partybox-520\/"},"modified":"2026-05-01T09:54:46","modified_gmt":"2026-05-01T09:54:46","slug":"jbl-partybox-520","status":"publish","type":"product","link":"https:\/\/emeniro.lovehorses.lv\/ru\/product\/jbl-partybox-520\/","title":{"rendered":"JBL Partybox 520"},"content":{"rendered":"<p>Z\u012bmols\u00a0 \u00a0 \u00a0JBL<\/p>\n<p>Produkta veids\u00a0 \u00a0 \u00a0Ska\u0146as sist\u0113ma<br \/>Modelis\u00a0 \u00a0 \u00a0Garso sistema JBL Partybox 520, 400 W<br \/>Kr\u0101sa\u00a0 \u00a0 \u00a0Melna<br \/>\u0412\u043e\u0441\u043f\u0440\u043e\u0438\u0437\u0432\u0435\u0434\u0435\u043d\u0438\u0435 \u0430\u0443\u0434\u0438\u043e<br \/>Ska\u0146as jauda\u00a0 \u00a0 400 W<br \/>\u0411\u0435\u0441\u043f\u0440\u043e\u0432\u043e\u0434\u043d\u044b\u0435 \u0438 \u0444\u0438\u0437\u0438\u0447\u0435\u0441\u043a\u0438\u0435 \u043f\u043e\u0434\u043a\u043b\u044e\u0447\u0435\u043d\u0438\u044f<br \/>Bluetooth interfeiss\u00a0 \u00a0 J\u0101<br \/>WiFi savienojums\u00a0 \u00a0 N\u0113<br \/>Savienojumi\u00a0 \u00a0 1 x USB-C, AUX, Guitar input jack, Mic jack<br \/>\u0412\u043e\u0441\u043f\u0440\u043e\u0438\u0437\u0432\u0435\u0434\u0435\u043d\u0438\u0435 \u0440\u0430\u0434\u0438\u043e<br \/>Radio uztv\u0113r\u0113js\u00a0 \u00a0 Nav<br \/>\u0410\u043a\u043a\u0443\u043c\u0443\u043b\u044f\u0442\u043e\u0440<br \/>Elektroapg\u0101de\u00a0 \u00a0 \u00a0USB<br \/>\u0424\u0438\u0437\u0438\u0447\u0435\u0441\u043a\u0438\u0435 \u043f\u0430\u0440\u0430\u043c\u0435\u0442\u0440\u044b<br \/>Platums\u00a0 \u00a0 \u00a0415 mm<br \/>Augstums\u00a0 \u00a0 \u00a0769 mm<br \/>Dzi\u013cums\u00a0 \u00a0 \u00a0369 mm<br \/>\u0414\u043e\u043f\u043e\u043b\u043d\u0438\u0442\u0435\u043b\u044c\u043d\u043e<br \/>Hands-free (bezroku) funkcija\u00a0 \u00a0 \u00a0N\u0113<br \/>Izcelsmes valsts\u00a0 \u00a0 \u00a0\u0136\u012bna\u00a0<\/p><\/p>","protected":false},"excerpt":{"rendered":"<p>Z\u012bmols\u00a0 \u00a0 \u00a0JBL Produkta veids\u00a0 \u00a0 \u00a0Ska\u0146as sist\u0113maModelis\u00a0 \u00a0 \u00a0Garso sistema JBL Partybox 520, 400 WKr\u0101sa\u00a0 \u00a0 \u00a0MelnaAudio atska\u0146o\u0161anaSka\u0146as jauda\u00a0 \u00a0 400 WBezvadu un fiziskie savienojumiBluetooth interfeiss\u00a0 \u00a0 J\u0101WiFi savienojums\u00a0 \u00a0 N\u0113Savienojumi\u00a0 \u00a0 1 x USB-C, AUX, Guitar input jack, Mic jackRadio atska\u0146o\u0161anaRadio uztv\u0113r\u0113js\u00a0 \u00a0 NavAkumulatorsElektroapg\u0101de\u00a0 \u00a0 \u00a0USBFiziskie parametriPlatums\u00a0 \u00a0 \u00a0415 mmAugstums\u00a0 \u00a0 \u00a0769 mmDzi\u013cums\u00a0 [&hellip;]<\/p>\n","protected":false},"featured_media":48227,"comment_status":"open","ping_status":"closed","template":"","meta":[],"product_brand":[],"product_cat":[304],"product_tag":[],"class_list":{"0":"post-48234","1":"product","2":"type-product","3":"status-publish","4":"has-post-thumbnail","6":"product_cat-tv-foto-video-audio-audio-aparatura-skalruni","8":"first","9":"instock","10":"shipping-taxable","11":"purchasable","12":"product-type-simple"},"_links":{"self":[{"href":"https:\/\/emeniro.lovehorses.lv\/ru\/wp-json\/wp\/v2\/product\/48234","targetHints":{"allow":["GET"]}}],"collection":[{"href":"https:\/\/emeniro.lovehorses.lv\/ru\/wp-json\/wp\/v2\/product"}],"about":[{"href":"https:\/\/emeniro.lovehorses.lv\/ru\/wp-json\/wp\/v2\/types\/product"}],"replies":[{"embeddable":true,"href":"https:\/\/emeniro.lovehorses.lv\/ru\/wp-json\/wp\/v2\/comments?post=48234"}],"wp:featuredmedia":[{"embeddable":true,"href":"https:\/\/emeniro.lovehorses.lv\/ru\/wp-json\/wp\/v2\/media\/48227"}],"wp:attachment":[{"href":"https:\/\/emeniro.lovehorses.lv\/ru\/wp-json\/wp\/v2\/media?parent=48234"}],"wp:term":[{"taxonomy":"product_brand","embeddable":true,"href":"https:\/\/emeniro.lovehorses.lv\/ru\/wp-json\/wp\/v2\/product_brand?post=48234"},{"taxonomy":"product_cat","embeddable":true,"href":"https:\/\/emeniro.lovehorses.lv\/ru\/wp-json\/wp\/v2\/product_cat?post=48234"},{"taxonomy":"product_tag","embeddable":true,"href":"https:\/\/emeniro.lovehorses.lv\/ru\/wp-json\/wp\/v2\/product_tag?post=48234"}],"curies":[{"name":"wp","href":"https:\/\/api.w.org\/{rel}","templated":true}]}}