{"id":48247,"date":"2026-05-01T09:55:51","date_gmt":"2026-05-01T09:55:51","guid":{"rendered":"https:\/\/emeniro.lovehorses.lv\/product\/jbl-partybox-710\/"},"modified":"2026-05-01T09:55:51","modified_gmt":"2026-05-01T09:55:51","slug":"jbl-partybox-710","status":"publish","type":"product","link":"https:\/\/emeniro.lovehorses.lv\/ru\/product\/jbl-partybox-710\/","title":{"rendered":"JBL Partybox 710"},"content":{"rendered":"<p>Produkta veids\u00a0 \u00a0 \u00a0Ska\u0146as sist\u0113ma<\/p>\n<p>Z\u012bmols\u00a0 \u00a0 \u00a0JBL<br \/>Modelis\u00a0 \u00a0 \u00a0Partybox 710<br \/>Ska\u0146as jauda\u00a0 \u00a0 \u00a0800 W<br \/>Atbalst\u012bt\u0101s atmi\u0146as kartes\u00a0 \u00a0 \u00a0\u2013<br \/>Savienojumi\u00a0 \u00a0 \u00a03.5 mm (AUX)<br \/>Bluetooth interfeiss\u00a0 \u00a0 \u00a0J\u0101<br \/>WiFi savienojums\u00a0 \u00a0 \u00a0N\u0113<br \/>Platums\u00a0 \u00a0 \u00a039.9 cm<br \/>Dzi\u013cums\u00a0 \u00a0 \u00a043.6 cm<br \/>Augstums\u00a0 \u00a0 \u00a090.5 cm<br \/>Svars\u00a0 \u00a0 \u00a027.8 kg<br \/>Kr\u0101sa\u00a0 \u00a0 \u00a0Melna, Oran\u017ea<br \/>Spriegums\u00a0 \u00a0 \u00a0100 \u2013 240 V<br \/>Atbalst\u012bt\u0101 multivide\u00a0 \u00a0 \u00a0AUX-IN<br \/>Audio failu form\u0101ti\u00a0 \u00a0 \u00a0MP3, WAV, WMA<br \/>Radio uztv\u0113r\u0113js\u00a0 \u00a0 \u00a0Nav<br \/>Interneta radio\u00a0 \u00a0 \u00a0N\u0113<br \/>Karaokes funkcija\u00a0 \u00a0 \u00a0J\u0101<br \/>Apgaismojums\u00a0 \u00a0 \u00a0J\u0101<br \/>Att\u0101lin\u0101t\u0101s vad\u012bbas funkcija\u00a0 \u00a0 \u00a0J\u0101<br \/>Ieb\u016bv\u0113ts mikrofons\u00a0 \u00a0 \u00a0N\u0113<br \/>Papildus inform\u0101cija\u00a0 \u00a0 \u00a0Lai ska\u0146as sist\u0113ma darbotos, ir nepiecie\u0161ams kabe\u013ca savienojums<br \/>Izcelsmes valsts\u00a0 \u00a0 \u00a0\u0136\u012bna\u00a0<\/p><\/p>","protected":false},"excerpt":{"rendered":"<p>Produkta veids\u00a0 \u00a0 \u00a0Ska\u0146as sist\u0113ma Z\u012bmols\u00a0 \u00a0 \u00a0JBLModelis\u00a0 \u00a0 \u00a0Partybox 710Ska\u0146as jauda\u00a0 \u00a0 \u00a0800 WAtbalst\u012bt\u0101s atmi\u0146as kartes\u00a0 \u00a0 \u00a0\u2013Savienojumi\u00a0 \u00a0 \u00a03.5 mm (AUX)Bluetooth interfeiss\u00a0 \u00a0 \u00a0J\u0101WiFi savienojums\u00a0 \u00a0 \u00a0N\u0113Platums\u00a0 \u00a0 \u00a039.9 cmDzi\u013cums\u00a0 \u00a0 \u00a043.6 cmAugstums\u00a0 \u00a0 \u00a090.5 cmSvars\u00a0 \u00a0 \u00a027.8 kgKr\u0101sa\u00a0 \u00a0 \u00a0Melna, Oran\u017eaSpriegums\u00a0 \u00a0 \u00a0100 \u2013 240 VAtbalst\u012bt\u0101 multivide\u00a0 \u00a0 \u00a0AUX-INAudio failu form\u0101ti\u00a0 \u00a0 [&hellip;]<\/p>\n","protected":false},"featured_media":48235,"comment_status":"open","ping_status":"closed","template":"","meta":{"_joinchat":[]},"product_brand":[],"product_cat":[304],"product_tag":[],"class_list":{"0":"post-48247","1":"product","2":"type-product","3":"status-publish","4":"has-post-thumbnail","6":"product_cat-tv-foto-video-audio-audio-aparatura-skalruni","8":"first","9":"instock","10":"shipping-taxable","11":"purchasable","12":"product-type-simple"},"_links":{"self":[{"href":"https:\/\/emeniro.lovehorses.lv\/ru\/wp-json\/wp\/v2\/product\/48247","targetHints":{"allow":["GET"]}}],"collection":[{"href":"https:\/\/emeniro.lovehorses.lv\/ru\/wp-json\/wp\/v2\/product"}],"about":[{"href":"https:\/\/emeniro.lovehorses.lv\/ru\/wp-json\/wp\/v2\/types\/product"}],"replies":[{"embeddable":true,"href":"https:\/\/emeniro.lovehorses.lv\/ru\/wp-json\/wp\/v2\/comments?post=48247"}],"wp:featuredmedia":[{"embeddable":true,"href":"https:\/\/emeniro.lovehorses.lv\/ru\/wp-json\/wp\/v2\/media\/48235"}],"wp:attachment":[{"href":"https:\/\/emeniro.lovehorses.lv\/ru\/wp-json\/wp\/v2\/media?parent=48247"}],"wp:term":[{"taxonomy":"product_brand","embeddable":true,"href":"https:\/\/emeniro.lovehorses.lv\/ru\/wp-json\/wp\/v2\/product_brand?post=48247"},{"taxonomy":"product_cat","embeddable":true,"href":"https:\/\/emeniro.lovehorses.lv\/ru\/wp-json\/wp\/v2\/product_cat?post=48247"},{"taxonomy":"product_tag","embeddable":true,"href":"https:\/\/emeniro.lovehorses.lv\/ru\/wp-json\/wp\/v2\/product_tag?post=48247"}],"curies":[{"name":"wp","href":"https:\/\/api.w.org\/{rel}","templated":true}]}}