{"id":48252,"date":"2026-05-01T09:56:13","date_gmt":"2026-05-01T09:56:13","guid":{"rendered":"https:\/\/emeniro.lovehorses.lv\/product\/jbl-jblpbencore2ep\/"},"modified":"2026-05-01T09:56:13","modified_gmt":"2026-05-01T09:56:13","slug":"jbl-jblpbencore2ep","status":"publish","type":"product","link":"https:\/\/emeniro.lovehorses.lv\/ru\/product\/jbl-jblpbencore2ep\/","title":{"rendered":"JBL JBLPBENCORE2EP"},"content":{"rendered":"<p>\u0425\u0430\u0440\u0430\u043a\u0442\u0435\u0440\u0438\u0441\u0442\u0438\u043a\u0438 \u0438\u0437\u0434\u0435\u043b\u0438\u044f<\/p>\n<p>\u041e\u0431\u0449\u0438\u0435 \u043f\u0430\u0440\u0430\u043c\u0435\u0442\u0440\u044b<br \/>Z\u012bmols\u00a0 \u00a0 \u00a0JBL<br \/>Produkta veids\u00a0 \u00a0 \u00a0Bezvadu ska\u013crunis<br \/>Modelis\u00a0 \u00a0 \u00a0JBLPBENCORE2EP<br \/>Kr\u0101sa\u00a0 \u00a0 \u00a0Melna<br \/>\u0412\u043e\u0441\u043f\u0440\u043e\u0438\u0437\u0432\u0435\u0434\u0435\u043d\u0438\u0435 \u0430\u0443\u0434\u0438\u043e<br \/>Ska\u0146as jauda\u00a0 \u00a0 100 W<br \/>\u0411\u0435\u0441\u043f\u0440\u043e\u0432\u043e\u0434\u043d\u044b\u0435 \u0438 \u0444\u0438\u0437\u0438\u0447\u0435\u0441\u043a\u0438\u0435 \u043f\u043e\u0434\u043a\u043b\u044e\u0447\u0435\u043d\u0438\u044f<br \/>Bluetooth interfeiss\u00a0 \u00a0 J\u0101<br \/>WiFi savienojums\u00a0 \u00a0 N\u0113<br \/>Savienojumi\u00a0 \u00a0 1 x USB<br \/>\u0412\u043e\u0441\u043f\u0440\u043e\u0438\u0437\u0432\u0435\u0434\u0435\u043d\u0438\u0435 \u0440\u0430\u0434\u0438\u043e<br \/>Radio uztv\u0113r\u0113js\u00a0 \u00a0 Nav<br \/>\u0410\u043a\u043a\u0443\u043c\u0443\u043b\u044f\u0442\u043e\u0440<br \/>Elektroapg\u0101de\u00a0 \u00a0 \u00a0Akumulators<br \/>\u0424\u0438\u0437\u0438\u0447\u0435\u0441\u043a\u0438\u0435 \u043f\u0430\u0440\u0430\u043c\u0435\u0442\u0440\u044b<br \/>Platums\u00a0 \u00a0 \u00a0319.5 mm<br \/>Augstums\u00a0 \u00a0 \u00a0338.6 mm<br \/>Dzi\u013cums\u00a0 \u00a0 \u00a0263 mm<br \/>\u0414\u043e\u043f\u043e\u043b\u043d\u0438\u0442\u0435\u043b\u044c\u043d\u043e<br \/>Hands-free (bezroku) funkcija\u00a0 \u00a0 \u00a0N\u0113<br \/>Izcelsmes valsts\u00a0 \u00a0 \u00a0\u0136\u012bna\u00a0<\/p><\/p>","protected":false},"excerpt":{"rendered":"<p>Izstr\u0101d\u0101juma \u012bpa\u0161\u012bbas Kop\u0113jie parametriZ\u012bmols\u00a0 \u00a0 \u00a0JBLProdukta veids\u00a0 \u00a0 \u00a0Bezvadu ska\u013crunisModelis\u00a0 \u00a0 \u00a0JBLPBENCORE2EPKr\u0101sa\u00a0 \u00a0 \u00a0MelnaAudio atska\u0146o\u0161anaSka\u0146as jauda\u00a0 \u00a0 100 WBezvadu un fiziskie savienojumiBluetooth interfeiss\u00a0 \u00a0 J\u0101WiFi savienojums\u00a0 \u00a0 N\u0113Savienojumi\u00a0 \u00a0 1 x USBRadio atska\u0146o\u0161anaRadio uztv\u0113r\u0113js\u00a0 \u00a0 NavAkumulatorsElektroapg\u0101de\u00a0 \u00a0 \u00a0AkumulatorsFiziskie parametriPlatums\u00a0 \u00a0 \u00a0319.5 mmAugstums\u00a0 \u00a0 \u00a0338.6 mmDzi\u013cums\u00a0 \u00a0 \u00a0263 mmPapildusHands-free (bezroku) funkcija\u00a0 \u00a0 \u00a0N\u0113Izcelsmes valsts\u00a0 \u00a0 \u00a0\u0136\u012bna\u00a0<\/p>","protected":false},"featured_media":48248,"comment_status":"open","ping_status":"closed","template":"","meta":{"_joinchat":[]},"product_brand":[],"product_cat":[304],"product_tag":[],"class_list":{"0":"post-48252","1":"product","2":"type-product","3":"status-publish","4":"has-post-thumbnail","6":"product_cat-tv-foto-video-audio-audio-aparatura-skalruni","8":"first","9":"instock","10":"shipping-taxable","11":"purchasable","12":"product-type-simple"},"_links":{"self":[{"href":"https:\/\/emeniro.lovehorses.lv\/ru\/wp-json\/wp\/v2\/product\/48252","targetHints":{"allow":["GET"]}}],"collection":[{"href":"https:\/\/emeniro.lovehorses.lv\/ru\/wp-json\/wp\/v2\/product"}],"about":[{"href":"https:\/\/emeniro.lovehorses.lv\/ru\/wp-json\/wp\/v2\/types\/product"}],"replies":[{"embeddable":true,"href":"https:\/\/emeniro.lovehorses.lv\/ru\/wp-json\/wp\/v2\/comments?post=48252"}],"wp:featuredmedia":[{"embeddable":true,"href":"https:\/\/emeniro.lovehorses.lv\/ru\/wp-json\/wp\/v2\/media\/48248"}],"wp:attachment":[{"href":"https:\/\/emeniro.lovehorses.lv\/ru\/wp-json\/wp\/v2\/media?parent=48252"}],"wp:term":[{"taxonomy":"product_brand","embeddable":true,"href":"https:\/\/emeniro.lovehorses.lv\/ru\/wp-json\/wp\/v2\/product_brand?post=48252"},{"taxonomy":"product_cat","embeddable":true,"href":"https:\/\/emeniro.lovehorses.lv\/ru\/wp-json\/wp\/v2\/product_cat?post=48252"},{"taxonomy":"product_tag","embeddable":true,"href":"https:\/\/emeniro.lovehorses.lv\/ru\/wp-json\/wp\/v2\/product_tag?post=48252"}],"curies":[{"name":"wp","href":"https:\/\/api.w.org\/{rel}","templated":true}]}}