{"id":48605,"date":"2026-05-01T10:11:59","date_gmt":"2026-05-01T10:11:59","guid":{"rendered":"https:\/\/emeniro.lovehorses.lv\/product\/tcl-p7k-85p7k\/"},"modified":"2026-05-01T10:11:59","modified_gmt":"2026-05-01T10:11:59","slug":"tcl-p7k-85p7k","status":"publish","type":"product","link":"https:\/\/emeniro.lovehorses.lv\/ru\/product\/tcl-p7k-85p7k\/","title":{"rendered":"TCL P7K 85P7K"},"content":{"rendered":"<p>Produkta veids\u00a0 \u00a0 \u00a0Televizori<\/p>\n<p>Ekr\u0101na izm\u0113rs pa diagon\u0101li\u00a0 \u00a0 \u00a085 \u201c<br \/>TV diagon\u0101le\u00a0 \u00a0 \u00a033-43\u2033<br \/>Z\u012bmols\u00a0 \u00a0 \u00a0TCL<br \/>S\u0113rija\u00a0 \u00a0 \u00a0P7K<br \/>Modelis\u00a0 \u00a0 \u00a085P7K<br \/>Energoefektivit\u0101tes klase\u00a0 \u00a0 F<br \/>Energoefektivit\u0101tes kla\u0161u skala\u00a0 \u00a0 \u00a0A \u2013 G<br \/>Kr\u0101sa\u00a0 \u00a0 \u00a0Melna<br \/>Ekr\u0101na iz\u0161\u0137irtsp\u0113ja\u00a0 \u00a0 4K (3840 x 2160)<br \/>Ekr\u0101na tips\u00a0 \u00a0 \u00a0UHD\/QNED\/QLED<br \/>Ekr\u0101na iz\u0161\u0137irtsp\u0113jas veids\u00a0 \u00a0 \u00a04K QLED<br \/>Oper\u0113t\u0101jsist\u0113ma\u00a0 \u00a0 \u00a0Google (Android) TV<br \/>Ekr\u0101na frekvence\u00a0 \u00a0 60 Hz<br \/>Ekr\u0101na forma\u00a0 \u00a0 \u00a0Plakana<br \/>3D funkcija\u00a0 \u00a0 N\u0113<br \/>Apgaismojums\u00a0 \u00a0 N\u0113<br \/>\u201cSmart TV\u201d\u00a0 \u00a0 J\u0101<br \/>Ska\u0146as jauda\u00a0 \u00a0 40 W<br \/>HDMI piesl\u0113gvietu skaits\u00a0 \u00a0 3<br \/>3.5mm austi\u0146u kontakts\u00a0 \u00a0 \u00a0N\u0113<br \/>WiFi savienojums\u00a0 \u00a0 J\u0101<br \/>WiFi tie\u0161\u0101 saskarne\u00a0 \u00a0 N\u0113<br \/>WiDi saskarne\u00a0 \u00a0 N\u0113<br \/>Bluetooth interfeiss\u00a0 \u00a0 \u00a0J\u0101<br \/>DLNA\u00a0 \u00a0 N\u0113<br \/>NFC\u00a0 \u00a0 N\u0113<br \/>Platums\u00a0 \u00a0 \u00a0188.9 cm<br \/>Dzi\u013cums\u00a0 \u00a0 \u00a063 cm<br \/>Augstums\u00a0 \u00a0 \u00a0108.6 cm<br \/>Svars bez stat\u012bva\u00a0 \u00a0 \u00a030.3 kg<br \/>Dzi\u013cums ar stat\u012bvu\u00a0 \u00a0 \u00a037.2 cm<br \/>Augstums ar stat\u012bvu\u00a0 \u00a0 \u00a0115.2 cm<br \/>Svars\u00a0 \u00a0 \u00a031 kg<br \/>VESA standarts\u00a0 \u00a0 \u00a0600 x 400<br \/>Ciparu uztv\u0113r\u0113ja tips\u00a0 \u00a0 DVB-T\/T2\/T2-HD\/C\/S\/S2<br \/>Izcelsmes valsts\u00a0 \u00a0 \u00a0\u0136\u012bna\u00a0<\/p><\/p>","protected":false},"excerpt":{"rendered":"<p>Produkta veids\u00a0 \u00a0 \u00a0Televizori Ekr\u0101na izm\u0113rs pa diagon\u0101li\u00a0 \u00a0 \u00a085 \u201cTV diagon\u0101le\u00a0 \u00a0 \u00a033-43\u2033Z\u012bmols\u00a0 \u00a0 \u00a0TCLS\u0113rija\u00a0 \u00a0 \u00a0P7KModelis\u00a0 \u00a0 \u00a085P7KEnergoefektivit\u0101tes klase\u00a0 \u00a0 FEnergoefektivit\u0101tes kla\u0161u skala\u00a0 \u00a0 \u00a0A \u2013 GKr\u0101sa\u00a0 \u00a0 \u00a0MelnaEkr\u0101na iz\u0161\u0137irtsp\u0113ja\u00a0 \u00a0 4K (3840 x 2160)Ekr\u0101na tips\u00a0 \u00a0 \u00a0UHD\/QNED\/QLEDEkr\u0101na iz\u0161\u0137irtsp\u0113jas veids\u00a0 \u00a0 \u00a04K QLEDOper\u0113t\u0101jsist\u0113ma\u00a0 \u00a0 \u00a0Google (Android) TVEkr\u0101na frekvence\u00a0 \u00a0 60 HzEkr\u0101na forma\u00a0 \u00a0 [&hellip;]<\/p>\n","protected":false},"featured_media":48593,"comment_status":"open","ping_status":"closed","template":"","meta":{"_joinchat":[]},"product_brand":[],"product_cat":[294],"product_tag":[],"class_list":{"0":"post-48605","1":"product","2":"type-product","3":"status-publish","4":"has-post-thumbnail","6":"product_cat-tv-foto-video-audio-televizori-un-aksesuari-led-televizori","8":"first","9":"instock","10":"shipping-taxable","11":"purchasable","12":"product-type-simple"},"_links":{"self":[{"href":"https:\/\/emeniro.lovehorses.lv\/ru\/wp-json\/wp\/v2\/product\/48605","targetHints":{"allow":["GET"]}}],"collection":[{"href":"https:\/\/emeniro.lovehorses.lv\/ru\/wp-json\/wp\/v2\/product"}],"about":[{"href":"https:\/\/emeniro.lovehorses.lv\/ru\/wp-json\/wp\/v2\/types\/product"}],"replies":[{"embeddable":true,"href":"https:\/\/emeniro.lovehorses.lv\/ru\/wp-json\/wp\/v2\/comments?post=48605"}],"wp:featuredmedia":[{"embeddable":true,"href":"https:\/\/emeniro.lovehorses.lv\/ru\/wp-json\/wp\/v2\/media\/48593"}],"wp:attachment":[{"href":"https:\/\/emeniro.lovehorses.lv\/ru\/wp-json\/wp\/v2\/media?parent=48605"}],"wp:term":[{"taxonomy":"product_brand","embeddable":true,"href":"https:\/\/emeniro.lovehorses.lv\/ru\/wp-json\/wp\/v2\/product_brand?post=48605"},{"taxonomy":"product_cat","embeddable":true,"href":"https:\/\/emeniro.lovehorses.lv\/ru\/wp-json\/wp\/v2\/product_cat?post=48605"},{"taxonomy":"product_tag","embeddable":true,"href":"https:\/\/emeniro.lovehorses.lv\/ru\/wp-json\/wp\/v2\/product_tag?post=48605"}],"curies":[{"name":"wp","href":"https:\/\/api.w.org\/{rel}","templated":true}]}}