{"id":48663,"date":"2026-05-01T10:14:15","date_gmt":"2026-05-01T10:14:15","guid":{"rendered":"https:\/\/emeniro.lovehorses.lv\/product\/bosch-hrg532bb3\/"},"modified":"2026-05-01T10:14:15","modified_gmt":"2026-05-01T10:14:15","slug":"bosch-hrg532bb3","status":"publish","type":"product","link":"https:\/\/emeniro.lovehorses.lv\/ru\/product\/bosch-hrg532bb3\/","title":{"rendered":"Bosch HRG532BB3"},"content":{"rendered":"<p>Produkta veids\u00a0 \u00a0 \u00a0Cepe\u0161kr\u0101snis<\/p>\n<p>Z\u012bmols\u00a0 \u00a0 \u00a0Bosch<br \/>Modelis\u00a0 \u00a0 \u00a0HRG532BB3<br \/>Jauda\u00a0 \u00a0 3600 W<br \/>Ar apgaismojumu\u00a0 \u00a0 J\u0101<br \/>Kr\u0101sa\u00a0 \u00a0 \u00a0Melna<br \/>\u042d\u043d\u0435\u0440\u0433\u043e\u043f\u043e\u0442\u0440\u0435\u0431\u043b\u0435\u043d\u0438\u0435<br \/>Energoefektivit\u0101tes klase\u00a0 \u00a0 A+<br \/>Energoefektivit\u0101tes kla\u0161u skala\u00a0 \u00a0 \u00a0A+++ \u2013 D<br \/>\u0423\u043f\u0440\u0430\u0432\u043b\u0435\u043d\u0438\u0435<br \/>Ekr\u0101ns\u00a0 \u00a0 \u00a0J\u0101<br \/>Vad\u012bba\u00a0 \u00a0 Elektroniska<br \/>Taimeris\u00a0 \u00a0 J\u0101<br \/>\u0424\u0443\u043d\u043a\u0446\u0438\u0438 \u0434\u0443\u0445\u043e\u0432\u043e\u0433\u043e \u0448\u043a\u0430\u0444\u0430<br \/>Cepe\u0161kr\u0101sns veids\u00a0 \u00a0 Elektrisk\u0101, Tvaika<br \/>Kr\u0101sns tilpums\u00a0 \u00a0 71 l<br \/>Cepe\u0161kr\u0101sns funkcijas\u00a0 \u00a0 \u00a03D karst\u0101 gaisa un karst\u0101 gaisa funkcija, standarta apkure, karst\u0101 gaisa grils, liels grils, picas funkcija, Hotair maigs, gatavo\u0161ana ar karstu gaisu un tvaiku3D Hotair: vienm\u0113r\u012bga siltuma sadale perfektiem gatavo\u0161anas rezult\u0101tiem l\u012bdz pat tr\u012bs l\u012bme\u0146os. EcoClean Direct: nov\u0113r\u0161 net\u012brumu uzkr\u0101\u0161anos uz aizmugur\u0113j\u0101s sienas, atvieglojot t\u012br\u012b\u0161anu. SoftOpen \/ SoftClose durvis: cepe\u0161kr\u0101sns durvis atveras un aizveras maigi un klusi.<br \/>Cepe\u0161kr\u0101sns funkciju skaits\u00a0 \u00a0 \u00a08<br \/>Cepe\u0161kr\u0101sns durvju stiklu skaits\u00a0 \u00a0 3<br \/>Cepe\u0161kr\u0101sns maksim\u0101l\u0101 temperat\u016bra\u00a0 \u00a0 275 \u00b0C<br \/>Grils\u00a0 \u00a0 J\u0101<br \/>Konvekcija\u00a0 \u00a0 J\u0101<br \/>Termostats\u00a0 \u00a0 \u00a0J\u0101<br \/>Cep\u0161anas termometrs\u00a0 \u00a0 N\u0113<br \/>\u0411\u0435\u0437\u043e\u043f\u0430\u0441\u043d\u043e\u0441\u0442\u044c<br \/>B\u0113rnu dro\u0161\u012bbas funkcija\u00a0 \u00a0 J\u0101<br \/>\u041a\u043e\u043c\u043f\u043b\u0435\u043a\u0442\u0430\u0446\u0438\u044f<br \/>Teleskopisk\u0101s vadotnes\u00a0 \u00a0 Nav<br \/>Cep\u0161anas palikt\u0146u skaits\u00a0 \u00a0 2<br \/>\u0420\u0430\u0437\u043c\u0435\u0440\u044b<br \/>Platums\u00a0 \u00a0 \u00a059.4 cm<br \/>Dzi\u013cums\u00a0 \u00a0 \u00a054.8 cm<br \/>Augstums\u00a0 \u00a0 \u00a059.5 cm<br \/>Svars\u00a0 \u00a0 \u00a035 kg<br \/>Korpusa materi\u0101ls\u00a0 \u00a0 \u00a0Ner\u016bs\u0113jo\u0161ais t\u0113rauds<br \/>T\u012br\u012b\u0161anas veids\u00a0 \u00a0 Hydrolytic<br \/>Re\u017e\u0123u skaits\u00a0 \u00a0 1<br \/>Izcelsmes valsts\u00a0 \u00a0 \u00a0Sp\u0101nija\u00a0<\/p><\/p>","protected":false},"excerpt":{"rendered":"<p>Produkta veids\u00a0 \u00a0 \u00a0Cepe\u0161kr\u0101snis Z\u012bmols\u00a0 \u00a0 \u00a0BoschModelis\u00a0 \u00a0 \u00a0HRG532BB3Jauda\u00a0 \u00a0 3600 WAr apgaismojumu\u00a0 \u00a0 J\u0101Kr\u0101sa\u00a0 \u00a0 \u00a0MelnaEner\u0123ijas pat\u0113ri\u0146\u0161Energoefektivit\u0101tes klase\u00a0 \u00a0 A+Energoefektivit\u0101tes kla\u0161u skala\u00a0 \u00a0 \u00a0A+++ \u2013 DVad\u012bbaEkr\u0101ns\u00a0 \u00a0 \u00a0J\u0101Vad\u012bba\u00a0 \u00a0 ElektroniskaTaimeris\u00a0 \u00a0 J\u0101Cepe\u0161kr\u0101sns funkcijasCepe\u0161kr\u0101sns veids\u00a0 \u00a0 Elektrisk\u0101, TvaikaKr\u0101sns tilpums\u00a0 \u00a0 71 lCepe\u0161kr\u0101sns funkcijas\u00a0 \u00a0 \u00a03D karst\u0101 gaisa un karst\u0101 gaisa funkcija, standarta apkure, karst\u0101 gaisa [&hellip;]<\/p>\n","protected":false},"featured_media":48654,"comment_status":"open","ping_status":"closed","template":"","meta":{"_joinchat":[]},"product_brand":[281],"product_cat":[266],"product_tag":[],"class_list":{"0":"post-48663","1":"product","2":"type-product","3":"status-publish","4":"has-post-thumbnail","6":"product_brand-bosch","7":"product_cat-iebuvejama-sadzives-tehnika-iebuvejamas-cepeskrasnis","9":"first","10":"instock","11":"shipping-taxable","12":"purchasable","13":"product-type-simple"},"_links":{"self":[{"href":"https:\/\/emeniro.lovehorses.lv\/ru\/wp-json\/wp\/v2\/product\/48663","targetHints":{"allow":["GET"]}}],"collection":[{"href":"https:\/\/emeniro.lovehorses.lv\/ru\/wp-json\/wp\/v2\/product"}],"about":[{"href":"https:\/\/emeniro.lovehorses.lv\/ru\/wp-json\/wp\/v2\/types\/product"}],"replies":[{"embeddable":true,"href":"https:\/\/emeniro.lovehorses.lv\/ru\/wp-json\/wp\/v2\/comments?post=48663"}],"wp:featuredmedia":[{"embeddable":true,"href":"https:\/\/emeniro.lovehorses.lv\/ru\/wp-json\/wp\/v2\/media\/48654"}],"wp:attachment":[{"href":"https:\/\/emeniro.lovehorses.lv\/ru\/wp-json\/wp\/v2\/media?parent=48663"}],"wp:term":[{"taxonomy":"product_brand","embeddable":true,"href":"https:\/\/emeniro.lovehorses.lv\/ru\/wp-json\/wp\/v2\/product_brand?post=48663"},{"taxonomy":"product_cat","embeddable":true,"href":"https:\/\/emeniro.lovehorses.lv\/ru\/wp-json\/wp\/v2\/product_cat?post=48663"},{"taxonomy":"product_tag","embeddable":true,"href":"https:\/\/emeniro.lovehorses.lv\/ru\/wp-json\/wp\/v2\/product_tag?post=48663"}],"curies":[{"name":"wp","href":"https:\/\/api.w.org\/{rel}","templated":true}]}}