{"id":48722,"date":"2026-05-01T10:16:06","date_gmt":"2026-05-01T10:16:06","guid":{"rendered":"https:\/\/emeniro.lovehorses.lv\/product\/bosch-wqg245dlsn\/"},"modified":"2026-05-01T10:16:06","modified_gmt":"2026-05-01T10:16:06","slug":"bosch-wqg245dlsn","status":"publish","type":"product","link":"https:\/\/emeniro.lovehorses.lv\/ru\/product\/bosch-wqg245dlsn\/","title":{"rendered":"Bosch WQG245DLSN"},"content":{"rendered":"<p>\u017d\u0101v\u0113t\u0101ja tips:\u00a0 \u00a0 Kondens\u0101cijas\u00a0 \u00a0<\/p>\n<p>Ve\u013cas iekrau\u0161ana:\u00a0 \u00a0 9 kg\u00a0\u00a0<br \/>Ener\u0123ijas pat\u0113ri\u0146a klase:\u00a0 \u00a0 C\u00a0\u00a0<br \/>Ener\u0123ijas gada pat\u0113ri\u0146a nov\u0113rt\u0113jums (100 cikli) (kWh):\u00a0 \u00a0 110\u00a0 \u00a0<br \/>Vad\u012bbas tips:\u00a0 \u00a0 Elektroniska\/ Sk\u0101rienjut\u012bga vad\u012bba\u00a0\u00a0<br \/>Displeja tips:\u00a0 \u00a0 LED displejs\u00a0 \u00a0<br \/>\u017d\u0101v\u0113\u0161anas programmas beigu sign\u0101ls:\u00a0 \u00a0 Ir\u00a0 \u00a0<br \/>Programmu daudzums:\u00a0 \u00a0 14\u00a0 \u00a0<br \/>Saudz\u012bg\u0101 \u017e\u0101v\u0113\u0161ana:\u00a0 \u00a0 Ir\u00a0 \u00a0<br \/>Viegla gludin\u0101\u0161ana:\u00a0 \u00a0 Nav\u00a0\u00a0<br \/>Pretburz\u012b\u0161an\u0101s funkcija:\u00a0 \u00a0 Ir\u00a0 \u00a0<br \/>Atliktais starts:\u00a0 \u00a0 0-24 st.\u00a0 \u00a0<br \/>Regul\u0113jama \u017e\u0101v\u0113\u0161anas temperat\u016bra:\u00a0 \u00a0 Ir (Autom\u0101tiski)\u00a0 \u00a0<br \/>Wi-Fi:\u00a0 \u00a0 Nav\u00a0\u00a0<br \/>Dzes\u0113\u0161ana p\u0113c \u017e\u0101v\u0113\u0161anas:\u00a0 \u00a0 Nav\u00a0 \u00a0<br \/>P\u016bku filtrs:\u00a0 \u00a0 Ir\u00a0\u00a0<br \/>Apstr\u0101de ar tvaiku:\u00a0 \u00a0 Nav\u00a0 \u00a0<br \/>B\u0101kas apgaismojums:\u00a0 \u00a0 LED\u00a0 \u00a0<br \/>Vad\u012bbas blo\u0137\u0113\u0161ana \u201caizsardz\u012bba no b\u0113rniem\u201d:\u00a0 \u00a0 Ir\u00a0\u00a0<br \/>Trok\u0161\u0146a l\u012bmenis:\u00a0 \u00a0 61 dB\u00a0 \u00a0<br \/>Trok\u0161\u0146a mazin\u0101\u0161anas sist\u0113ma:\u00a0 \u00a0 Silent System\u00a0 \u00a0<br \/>Kr\u0101sa:\u00a0 \u00a0 Balta\u00a0\u00a0<br \/>Izm\u0113ri (AxPxDz):\u00a0 \u00a0 84,2 x 59,8 x 64,8 cm\u00a0<\/p><\/p>","protected":false},"excerpt":{"rendered":"<p>\u017d\u0101v\u0113t\u0101ja tips:\u00a0 \u00a0 Kondens\u0101cijas\u00a0 \u00a0 Ve\u013cas iekrau\u0161ana:\u00a0 \u00a0 9 kg\u00a0\u00a0Ener\u0123ijas pat\u0113ri\u0146a klase:\u00a0 \u00a0 C\u00a0\u00a0Ener\u0123ijas gada pat\u0113ri\u0146a nov\u0113rt\u0113jums (100 cikli) (kWh):\u00a0 \u00a0 110\u00a0 \u00a0Vad\u012bbas tips:\u00a0 \u00a0 Elektroniska\/ Sk\u0101rienjut\u012bga vad\u012bba\u00a0\u00a0Displeja tips:\u00a0 \u00a0 LED displejs\u00a0 \u00a0\u017d\u0101v\u0113\u0161anas programmas beigu sign\u0101ls:\u00a0 \u00a0 Ir\u00a0 \u00a0Programmu daudzums:\u00a0 \u00a0 14\u00a0 \u00a0Saudz\u012bg\u0101 \u017e\u0101v\u0113\u0161ana:\u00a0 \u00a0 Ir\u00a0 \u00a0Viegla gludin\u0101\u0161ana:\u00a0 \u00a0 Nav\u00a0\u00a0Pretburz\u012b\u0161an\u0101s funkcija:\u00a0 \u00a0 Ir\u00a0 \u00a0Atliktais starts:\u00a0 [&hellip;]<\/p>\n","protected":false},"featured_media":48716,"comment_status":"open","ping_status":"closed","template":"","meta":{"_joinchat":[]},"product_brand":[281],"product_cat":[261],"product_tag":[],"class_list":{"0":"post-48722","1":"product","2":"type-product","3":"status-publish","4":"has-post-thumbnail","6":"product_brand-bosch","7":"product_cat-sadzives-tehnika-velas-zavetaji","9":"first","10":"instock","11":"shipping-taxable","12":"purchasable","13":"product-type-simple"},"_links":{"self":[{"href":"https:\/\/emeniro.lovehorses.lv\/ru\/wp-json\/wp\/v2\/product\/48722","targetHints":{"allow":["GET"]}}],"collection":[{"href":"https:\/\/emeniro.lovehorses.lv\/ru\/wp-json\/wp\/v2\/product"}],"about":[{"href":"https:\/\/emeniro.lovehorses.lv\/ru\/wp-json\/wp\/v2\/types\/product"}],"replies":[{"embeddable":true,"href":"https:\/\/emeniro.lovehorses.lv\/ru\/wp-json\/wp\/v2\/comments?post=48722"}],"wp:featuredmedia":[{"embeddable":true,"href":"https:\/\/emeniro.lovehorses.lv\/ru\/wp-json\/wp\/v2\/media\/48716"}],"wp:attachment":[{"href":"https:\/\/emeniro.lovehorses.lv\/ru\/wp-json\/wp\/v2\/media?parent=48722"}],"wp:term":[{"taxonomy":"product_brand","embeddable":true,"href":"https:\/\/emeniro.lovehorses.lv\/ru\/wp-json\/wp\/v2\/product_brand?post=48722"},{"taxonomy":"product_cat","embeddable":true,"href":"https:\/\/emeniro.lovehorses.lv\/ru\/wp-json\/wp\/v2\/product_cat?post=48722"},{"taxonomy":"product_tag","embeddable":true,"href":"https:\/\/emeniro.lovehorses.lv\/ru\/wp-json\/wp\/v2\/product_tag?post=48722"}],"curies":[{"name":"wp","href":"https:\/\/api.w.org\/{rel}","templated":true}]}}