{"id":48785,"date":"2026-05-01T10:18:42","date_gmt":"2026-05-01T10:18:42","guid":{"rendered":"https:\/\/emeniro.lovehorses.lv\/product\/msi-cyborg-15-a13vfk-1218nl-intel-core-i7-13620h-16-gb-512-gb-15-6-nvidia-geforce-rtx-4060-melna-anglu-us\/"},"modified":"2026-05-01T10:18:42","modified_gmt":"2026-05-01T10:18:42","slug":"msi-cyborg-15-a13vfk-1218nl-intel-core-i7-13620h-16-gb-512-gb-15-6-nvidia-geforce-rtx-4060-melna-anglu-us","status":"publish","type":"product","link":"https:\/\/emeniro.lovehorses.lv\/ru\/product\/msi-cyborg-15-a13vfk-1218nl-intel-core-i7-13620h-16-gb-512-gb-15-6-nvidia-geforce-rtx-4060-melna-anglu-us\/","title":{"rendered":"MSI Cyborg 15 A13VFK-1218NL , Intel\u00ae Core\u2122 i7-13620H , 16 \u0413\u0411 , 512 \u0413\u0411 , 15.6 &#8220;, NVIDIA GeForce RTX 4060, \u0447\u0435\u0440\u043d\u044b\u0439, \u0430\u043d\u0433\u043b\u0438\u0439\u0441\u043a\u0438\u0439 (us)"},"content":{"rendered":"<p>Produkta veids\u00a0 \u00a0 \u00a0Portat\u012bvie datori<\/p>\n<p>Z\u012bmols\u00a0 \u00a0 \u00a0MSI<br \/>S\u0113rija\u00a0 \u00a0 \u00a0MSI Cyborg 15<br \/>Modelis\u00a0 \u00a0 \u00a0A13VFK-1218NL<br \/>Datora tips\u00a0 \u00a0 \u00a0Sp\u0113l\u0113m<br \/>Atjaunots\u00a0 \u00a0 N\u0113<br \/>Korpusa kr\u0101sa\u00a0 \u00a0 \u00a0Melna<br \/>Svars\u00a0 \u00a0 \u00a01.98 kg<br \/>Garums\u00a0 \u00a0 \u00a0359 mm<br \/>Platums\u00a0 \u00a0 \u00a0250 mm<br \/>Augstums\u00a0 \u00a0 \u00a022.9 mm<br \/>\u042d\u043a\u0440\u0430\u043d<br \/>Ekr\u0101na izm\u0113rs pa diagon\u0101li\u00a0 \u00a0 \u00a015.6 \u201c<br \/>Ekr\u0101na virsmas tips\u00a0 \u00a0 Mat\u0113ts<br \/>Ekr\u0101na iz\u0161\u0137irtsp\u0113ja\u00a0 \u00a0 \u00a01920 x 1080<br \/>Ekr\u0101na frekvence\u00a0 \u00a0 \u00a0144 Hz<br \/>\u041e\u043f\u0435\u0440\u0430\u0446\u0438\u043e\u043d\u043d\u0430\u044f \u0441\u0438\u0441\u0442\u0435\u043c\u0430<br \/>Oper\u0113t\u0101jsist\u0113ma\u00a0 \u00a0 Windows 11 Home<br \/>\u041f\u0440\u043e\u0446\u0435\u0441\u0441\u043e\u0440<br \/>Procesora klase\u00a0 \u00a0 \u00a0Intel\u00ae Core\u2122 i7<br \/>Procesora tips\u00a0 \u00a0 Intel<br \/>Procesora modelis\u00a0 \u00a0 \u00a0Intel\u00ae Core\u2122 i7-13620H<br \/>Procesora kodoli\u00a0 \u00a0 10<br \/>\u041e\u043f\u0435\u0440\u0430\u0442\u0438\u0432\u043d\u0430\u044f \u043f\u0430\u043c\u044f\u0442\u044c<br \/>Operat\u012bv\u0101s atmi\u0146as tips\u00a0 \u00a0 DDR5<br \/>Operat\u012bv\u0101 atmi\u0146a (RAM)\u00a0 \u00a0 16 GB<br \/>Maksim\u0101lais operat\u012bv\u0101s atmi\u0146as daudzums (RAM)\u00a0 \u00a0 64 GB<br \/>Operat\u012bv\u0101s atmi\u0146as taktiskais bie\u017eums\u00a0 \u00a0 \u00a05600 MHz<br \/>\u0416\u0451\u0441\u0442\u043a\u0438\u0439 \u0434\u0438\u0441\u043a<br \/>Multivides tips\u00a0 \u00a0 \u00a0SSD<br \/>SSD\/eMMC diska ietilp\u012bba\u00a0 \u00a0 512 GB<br \/>Kop\u0113j\u0101 datora atmi\u0146as ietilp\u012bba\u00a0 \u00a0 \u00a0512 GB<br \/>\u0412\u0438\u0434\u0435\u043e\u043a\u0430\u0440\u0442\u0430<br \/>Integr\u0113ta video karte\u00a0 \u00a0 \u00a0N\u0113<br \/>Video kartes tips\u00a0 \u00a0 \u00a0Nvidia<br \/>Video kar\u0161u s\u0113rija\u00a0 \u00a0 \u00a0Geforce<br \/>Video kartes modelis\u00a0 \u00a0 NVIDIA GeForce RTX 4060<br \/>Video kartes atmi\u0146a\u00a0 \u00a0 8 GB<br \/>\u0424\u0438\u0437\u0438\u0447\u0435\u0441\u043a\u0438\u0435 \u0441\u043e\u0435\u0434\u0438\u043d\u0435\u043d\u0438\u044f \u0438 \u0443\u043f\u0440\u0430\u0432\u043b\u0435\u043d\u0438\u0435<br \/>Savienojumi\u00a0 \u00a0 1 x USB Type-C, 3.5 mm Audio, HDMI 2.1, RJ-45, USB 3.2 Gen 1<br \/>Bluetooth interfeiss\u00a0 \u00a0 \u00a0J\u0101<br \/>\u0412\u0441\u0442\u0440\u043e\u0435\u043d\u043d\u044b\u0435 \u0434\u043e\u043f\u043e\u043b\u043d\u0438\u0442\u0435\u043b\u044c\u043d\u044b\u0435 \u0443\u0441\u0442\u0440\u043e\u0439\u0441\u0442\u0432\u0430<br \/>Ar video kameru\u00a0 \u00a0 J\u0101<br \/>Ieb\u016bv\u0113ts mikrofons\u00a0 \u00a0 J\u0101<br \/>\u041a\u043b\u0430\u0432\u0438\u0430\u0442\u0443\u0440\u0430 \u0438 \u043a\u043e\u0440\u043f\u0443\u0441<br \/>Korpusa materi\u0101ls\u00a0 \u00a0 \u00a0Plastmasa<br \/>Tastat\u016bras valoda\u00a0 \u00a0 \u00a0Ang\u013cu (US)<br \/>Tastat\u016bras apgaismojums\u00a0 \u00a0 \u00a0J\u0101<br \/>Atsevi\u0161\u0137s ciparu bloks\u00a0 \u00a0 J\u0101<br \/>\u0411\u0430\u0442\u0430\u0440\u0435\u044f \u0438 \u0431\u0435\u0437\u043e\u043f\u0430\u0441\u043d\u043e\u0441\u0442\u044c<br \/>Akumulatora jauda (Wh)\u00a0 \u00a0 \u00a053.5<br \/>Akumulatora garantija\u00a0 \u00a0 \u00a012 m\u0113n<br \/>\u0414\u043e\u043f\u043e\u043b\u043d\u0438\u0442\u0435\u043b\u044c\u043d\u043e<br \/>Izcelsmes valsts\u00a0 \u00a0 \u00a0\u0136\u012bna\u00a0<\/p><\/p>","protected":false},"excerpt":{"rendered":"<p>Produkta veids\u00a0 \u00a0 \u00a0Portat\u012bvie datori Z\u012bmols\u00a0 \u00a0 \u00a0MSIS\u0113rija\u00a0 \u00a0 \u00a0MSI Cyborg 15Modelis\u00a0 \u00a0 \u00a0A13VFK-1218NLDatora tips\u00a0 \u00a0 \u00a0Sp\u0113l\u0113mAtjaunots\u00a0 \u00a0 N\u0113Korpusa kr\u0101sa\u00a0 \u00a0 \u00a0MelnaSvars\u00a0 \u00a0 \u00a01.98 kgGarums\u00a0 \u00a0 \u00a0359 mmPlatums\u00a0 \u00a0 \u00a0250 mmAugstums\u00a0 \u00a0 \u00a022.9 mmEkr\u0101nsEkr\u0101na izm\u0113rs pa diagon\u0101li\u00a0 \u00a0 \u00a015.6 \u201cEkr\u0101na virsmas tips\u00a0 \u00a0 Mat\u0113tsEkr\u0101na iz\u0161\u0137irtsp\u0113ja\u00a0 \u00a0 \u00a01920 x 1080Ekr\u0101na frekvence\u00a0 \u00a0 \u00a0144 HzOper\u0113t\u0101jsist\u0113maOper\u0113t\u0101jsist\u0113ma\u00a0 \u00a0 Windows [&hellip;]<\/p>\n","protected":false},"featured_media":48780,"comment_status":"open","ping_status":"closed","template":"","meta":[],"product_brand":[398],"product_cat":[345],"product_tag":[],"class_list":{"0":"post-48785","1":"product","2":"type-product","3":"status-publish","4":"has-post-thumbnail","6":"product_brand-msi","7":"product_cat-datortehnika-preces-birojam-portativie-datori-un-citas-preces","9":"first","10":"instock","11":"shipping-taxable","12":"purchasable","13":"product-type-simple"},"_links":{"self":[{"href":"https:\/\/emeniro.lovehorses.lv\/ru\/wp-json\/wp\/v2\/product\/48785","targetHints":{"allow":["GET"]}}],"collection":[{"href":"https:\/\/emeniro.lovehorses.lv\/ru\/wp-json\/wp\/v2\/product"}],"about":[{"href":"https:\/\/emeniro.lovehorses.lv\/ru\/wp-json\/wp\/v2\/types\/product"}],"replies":[{"embeddable":true,"href":"https:\/\/emeniro.lovehorses.lv\/ru\/wp-json\/wp\/v2\/comments?post=48785"}],"wp:featuredmedia":[{"embeddable":true,"href":"https:\/\/emeniro.lovehorses.lv\/ru\/wp-json\/wp\/v2\/media\/48780"}],"wp:attachment":[{"href":"https:\/\/emeniro.lovehorses.lv\/ru\/wp-json\/wp\/v2\/media?parent=48785"}],"wp:term":[{"taxonomy":"product_brand","embeddable":true,"href":"https:\/\/emeniro.lovehorses.lv\/ru\/wp-json\/wp\/v2\/product_brand?post=48785"},{"taxonomy":"product_cat","embeddable":true,"href":"https:\/\/emeniro.lovehorses.lv\/ru\/wp-json\/wp\/v2\/product_cat?post=48785"},{"taxonomy":"product_tag","embeddable":true,"href":"https:\/\/emeniro.lovehorses.lv\/ru\/wp-json\/wp\/v2\/product_tag?post=48785"}],"curies":[{"name":"wp","href":"https:\/\/api.w.org\/{rel}","templated":true}]}}