{"id":48797,"date":"2026-05-01T10:19:41","date_gmt":"2026-05-01T10:19:41","guid":{"rendered":"https:\/\/emeniro.lovehorses.lv\/product\/apple-macbook-air-15-m4-16-gb-256-gb-15-3-10-core-gpu\/"},"modified":"2026-05-01T10:19:41","modified_gmt":"2026-05-01T10:19:41","slug":"apple-macbook-air-15-m4-16-gb-256-gb-15-3-10-core-gpu","status":"publish","type":"product","link":"https:\/\/emeniro.lovehorses.lv\/ru\/product\/apple-macbook-air-15-m4-16-gb-256-gb-15-3-10-core-gpu\/","title":{"rendered":"Apple MacBook Air 15, M4, 16 \u0413\u0411, 256 \u0413\u0411, 15.3 &#8220;, 10-\u044f\u0434\u0435\u0440\u043d\u044b\u0439 GPU"},"content":{"rendered":"<p>Produkta veids\u00a0 \u00a0 \u00a0Portat\u012bvie datori<\/p>\n<p>Z\u012bmols\u00a0 \u00a0 \u00a0Apple<br \/>S\u0113rija\u00a0 \u00a0 \u00a0Apple MacBook Air<br \/>Modelis\u00a0 \u00a0 \u00a015<br \/>Datora tips\u00a0 \u00a0 \u00a0Biznesam, M\u0101jai\/izgl\u012bt\u012bbai<br \/>Atjaunots\u00a0 \u00a0 N\u0113<br \/>P\u0101rpakots\u00a0 \u00a0 N\u0113<br \/>Korpusa kr\u0101sa\u00a0 \u00a0 \u00a0Midnight<br \/>Svars\u00a0 \u00a0 \u00a01.51 kg<br \/>Garums\u00a0 \u00a0 \u00a0340.4 mm<br \/>Platums\u00a0 \u00a0 \u00a0237.6 mm<br \/>Augstums\u00a0 \u00a0 \u00a011.5 mm<br \/>\u042d\u043a\u0440\u0430\u043d<br \/>Ekr\u0101na izm\u0113rs pa diagon\u0101li\u00a0 \u00a0 \u00a015.3 \u201c<br \/>Ekr\u0101na virsmas tips\u00a0 \u00a0 Sp\u012bd\u012bgs<br \/>IPS ekr\u0101ns\u00a0 \u00a0 J\u0101<br \/>Ekr\u0101na iz\u0161\u0137irtsp\u0113ja\u00a0 \u00a0 \u00a02880 x 1864<br \/>Ekr\u0101na tips\u00a0 \u00a0 \u00a0Liquid Retina<br \/>\u041e\u043f\u0435\u0440\u0430\u0446\u0438\u043e\u043d\u043d\u0430\u044f \u0441\u0438\u0441\u0442\u0435\u043c\u0430<br \/>Oper\u0113t\u0101jsist\u0113ma\u00a0 \u00a0 macOS<br \/>\u041f\u0440\u043e\u0446\u0435\u0441\u0441\u043e\u0440<br \/>Procesora klase\u00a0 \u00a0 \u00a0M4<br \/>Procesora tips\u00a0 \u00a0 Apple<br \/>Procesora modelis\u00a0 \u00a0 \u00a0M4<br \/>Procesora kodoli\u00a0 \u00a0 10<br \/>\u041e\u043f\u0435\u0440\u0430\u0442\u0438\u0432\u043d\u0430\u044f \u043f\u0430\u043c\u044f\u0442\u044c<br \/>Operat\u012bv\u0101s atmi\u0146as tips\u00a0 \u00a0 DDR5<br \/>Operat\u012bv\u0101 atmi\u0146a (RAM)\u00a0 \u00a0 16 GB<br \/>Maksim\u0101lais operat\u012bv\u0101s atmi\u0146as daudzums (RAM)\u00a0 \u00a0 32 GB<br \/>\u0416\u0451\u0441\u0442\u043a\u0438\u0439 \u0434\u0438\u0441\u043a<br \/>Multivides tips\u00a0 \u00a0 \u00a0SSD<br \/>SSD\/eMMC diska ietilp\u012bba\u00a0 \u00a0 256 GB<br \/>Kop\u0113j\u0101 datora atmi\u0146as ietilp\u012bba\u00a0 \u00a0 \u00a0256 GB<br \/>\u0412\u0438\u0434\u0435\u043e\u043a\u0430\u0440\u0442\u0430<br \/>Integr\u0113ta video karte\u00a0 \u00a0 \u00a0J\u0101<br \/>Video kartes tips\u00a0 \u00a0 \u00a0Apple<br \/>Video kar\u0161u s\u0113rija\u00a0 \u00a0 \u00a0M4<br \/>Video kartes modelis\u00a0 \u00a0 10-Core GPU<br \/>Video kartes atmi\u0146a\u00a0 \u00a0 Dynamic<br \/>\u0424\u0438\u0437\u0438\u0447\u0435\u0441\u043a\u0438\u0435 \u0441\u043e\u0435\u0434\u0438\u043d\u0435\u043d\u0438\u044f \u0438 \u0443\u043f\u0440\u0430\u0432\u043b\u0435\u043d\u0438\u0435<br \/>Savienojumi\u00a0 \u00a0 2 x Thunderbolt 4, 3.5 mm (AUX), Bluetooth 5.3, DisplayPort, MagSafe 3, USB 4<br \/>T\u012bkla karte\u00a0 \u00a0 Wi-Fi 6E (802.11ax)<br \/>Bluetooth interfeiss\u00a0 \u00a0 \u00a0J\u0101<br \/>\u0412\u0441\u0442\u0440\u043e\u0435\u043d\u043d\u044b\u0435 \u0434\u043e\u043f\u043e\u043b\u043d\u0438\u0442\u0435\u043b\u044c\u043d\u044b\u0435 \u0443\u0441\u0442\u0440\u043e\u0439\u0441\u0442\u0432\u0430<br \/>Diskdzinis\u00a0 \u00a0 N\u0113<br \/>Ar video kameru\u00a0 \u00a0 J\u0101<br \/>Ieb\u016bv\u0113ts mikrofons\u00a0 \u00a0 J\u0101<br \/>Ska\u0146as sist\u0113ma\u00a0 \u00a0 \u00a0Stereo<br \/>\u041a\u043b\u0430\u0432\u0438\u0430\u0442\u0443\u0440\u0430 \u0438 \u043a\u043e\u0440\u043f\u0443\u0441<br \/>Korpusa materi\u0101ls\u00a0 \u00a0 \u00a0Alum\u012bnijs<br \/>Tastat\u016bras valoda\u00a0 \u00a0 \u00a0Ang\u013cu (INT)<br \/>Tastat\u016bras apgaismojums\u00a0 \u00a0 \u00a0J\u0101<br \/>Atsevi\u0161\u0137s ciparu bloks\u00a0 \u00a0 N\u0113<br \/>\u0411\u0430\u0442\u0430\u0440\u0435\u044f \u0438 \u0431\u0435\u0437\u043e\u043f\u0430\u0441\u043d\u043e\u0441\u0442\u044c<br \/>Akumulatora tehnolo\u0123ija\u00a0 \u00a0 LiPo<br \/>Akumulatora jauda\u00a0 \u00a0 \u00a066.5 mAh<br \/>Akumulatora jauda (Wh)\u00a0 \u00a0 \u00a066.5<br \/>Akumulatora darb\u012bbas ilgums l\u012bdz\u00a0 \u00a0 18 h<br \/>Integr\u0113ts akumulators\u00a0 \u00a0 \u00a0J\u0101<br \/>Pirkstu nospiedumu las\u012bt\u0101js\u00a0 \u00a0 \u00a0J\u0101<br \/>\u0414\u043e\u043f\u043e\u043b\u043d\u0438\u0442\u0435\u043b\u044c\u043d\u043e<br \/>4G savienojums\u00a0 \u00a0 \u00a0N\u0113<br \/>Izcelsmes valsts\u00a0 \u00a0 \u00a0\u0136\u012bna\u00a0<\/p><\/p>","protected":false},"excerpt":{"rendered":"<p>Produkta veids\u00a0 \u00a0 \u00a0Portat\u012bvie datori Z\u012bmols\u00a0 \u00a0 \u00a0AppleS\u0113rija\u00a0 \u00a0 \u00a0Apple MacBook AirModelis\u00a0 \u00a0 \u00a015Datora tips\u00a0 \u00a0 \u00a0Biznesam, M\u0101jai\/izgl\u012bt\u012bbaiAtjaunots\u00a0 \u00a0 N\u0113P\u0101rpakots\u00a0 \u00a0 N\u0113Korpusa kr\u0101sa\u00a0 \u00a0 \u00a0MidnightSvars\u00a0 \u00a0 \u00a01.51 kgGarums\u00a0 \u00a0 \u00a0340.4 mmPlatums\u00a0 \u00a0 \u00a0237.6 mmAugstums\u00a0 \u00a0 \u00a011.5 mmEkr\u0101nsEkr\u0101na izm\u0113rs pa diagon\u0101li\u00a0 \u00a0 \u00a015.3 \u201cEkr\u0101na virsmas tips\u00a0 \u00a0 Sp\u012bd\u012bgsIPS ekr\u0101ns\u00a0 \u00a0 J\u0101Ekr\u0101na iz\u0161\u0137irtsp\u0113ja\u00a0 \u00a0 \u00a02880 x 1864Ekr\u0101na [&hellip;]<\/p>\n","protected":false},"featured_media":48786,"comment_status":"open","ping_status":"closed","template":"","meta":{"_joinchat":[]},"product_brand":[59],"product_cat":[345],"product_tag":[],"class_list":{"0":"post-48797","1":"product","2":"type-product","3":"status-publish","4":"has-post-thumbnail","6":"product_brand-apple","7":"product_cat-datortehnika-preces-birojam-portativie-datori-un-citas-preces","9":"first","10":"instock","11":"shipping-taxable","12":"purchasable","13":"product-type-simple"},"_links":{"self":[{"href":"https:\/\/emeniro.lovehorses.lv\/ru\/wp-json\/wp\/v2\/product\/48797","targetHints":{"allow":["GET"]}}],"collection":[{"href":"https:\/\/emeniro.lovehorses.lv\/ru\/wp-json\/wp\/v2\/product"}],"about":[{"href":"https:\/\/emeniro.lovehorses.lv\/ru\/wp-json\/wp\/v2\/types\/product"}],"replies":[{"embeddable":true,"href":"https:\/\/emeniro.lovehorses.lv\/ru\/wp-json\/wp\/v2\/comments?post=48797"}],"wp:featuredmedia":[{"embeddable":true,"href":"https:\/\/emeniro.lovehorses.lv\/ru\/wp-json\/wp\/v2\/media\/48786"}],"wp:attachment":[{"href":"https:\/\/emeniro.lovehorses.lv\/ru\/wp-json\/wp\/v2\/media?parent=48797"}],"wp:term":[{"taxonomy":"product_brand","embeddable":true,"href":"https:\/\/emeniro.lovehorses.lv\/ru\/wp-json\/wp\/v2\/product_brand?post=48797"},{"taxonomy":"product_cat","embeddable":true,"href":"https:\/\/emeniro.lovehorses.lv\/ru\/wp-json\/wp\/v2\/product_cat?post=48797"},{"taxonomy":"product_tag","embeddable":true,"href":"https:\/\/emeniro.lovehorses.lv\/ru\/wp-json\/wp\/v2\/product_tag?post=48797"}],"curies":[{"name":"wp","href":"https:\/\/api.w.org\/{rel}","templated":true}]}}