{"id":48855,"date":"2026-05-01T10:22:58","date_gmt":"2026-05-01T10:22:58","guid":{"rendered":"https:\/\/emeniro.lovehorses.lv\/product\/zenbook-um3406ka-amd-ryzen-ai-7-350-32-gb-1-tb-14-amd-radeon-graphics\/"},"modified":"2026-05-01T10:22:58","modified_gmt":"2026-05-01T10:22:58","slug":"zenbook-um3406ka-amd-ryzen-ai-7-350-32-gb-1-tb-14-amd-radeon-graphics","status":"publish","type":"product","link":"https:\/\/emeniro.lovehorses.lv\/ru\/product\/zenbook-um3406ka-amd-ryzen-ai-7-350-32-gb-1-tb-14-amd-radeon-graphics\/","title":{"rendered":"ZenBook UM3406KA, AMD Ryzen\u2122 AI 7 350, 32 \u0413\u0411, 1 \u0422\u0411, 14 &#8220;, AMD Radeon\u2122 Graphics"},"content":{"rendered":"<p>Produkta veids\u00a0 \u00a0 \u00a0Portat\u012bvie datori<\/p>\n<p>Z\u012bmols\u00a0 \u00a0 \u00a0Asus<br \/>S\u0113rija\u00a0 \u00a0 \u00a0ZenBook<br \/>Modelis\u00a0 \u00a0 \u00a0UM3406KA<br \/>Datora tips\u00a0 \u00a0 \u00a0Biznesam, Ultrabook<br \/>Atjaunots\u00a0 \u00a0 N\u0113<br \/>P\u0101rpakots\u00a0 \u00a0 N\u0113<br \/>Korpusa kr\u0101sa\u00a0 \u00a0 \u00a0Melna<br \/>Svars\u00a0 \u00a0 \u00a01.2 kg<br \/>\u042d\u043a\u0440\u0430\u043d<br \/>Ekr\u0101na izm\u0113rs pa diagon\u0101li\u00a0 \u00a0 \u00a014 \u201c<br \/>Ekr\u0101na virsmas tips\u00a0 \u00a0 Sp\u012bd\u012bgs<br \/>IPS ekr\u0101ns\u00a0 \u00a0 J\u0101<br \/>Ekr\u0101na iz\u0161\u0137irtsp\u0113ja\u00a0 \u00a0 \u00a02880 x 1800<br \/>Ekr\u0101na frekvence\u00a0 \u00a0 \u00a0120 Hz<br \/>Ekr\u0101na tips\u00a0 \u00a0 \u00a0OLED<br \/>\u041e\u043f\u0435\u0440\u0430\u0446\u0438\u043e\u043d\u043d\u0430\u044f \u0441\u0438\u0441\u0442\u0435\u043c\u0430<br \/>Oper\u0113t\u0101jsist\u0113ma\u00a0 \u00a0 Windows 11 Home<br \/>\u041f\u0440\u043e\u0446\u0435\u0441\u0441\u043e\u0440<br \/>Procesora klase\u00a0 \u00a0 \u00a0AMD Ryzen 7<br \/>Procesora tips\u00a0 \u00a0 AMD<br \/>Procesora modelis\u00a0 \u00a0 \u00a0AMD Ryzen\u2122 AI 7 350<br \/>Procesora kodoli\u00a0 \u00a0 8<br \/>Procesora frekvence\u00a0 \u00a0 \u00a03.5 GHz<br \/>\u041e\u043f\u0435\u0440\u0430\u0442\u0438\u0432\u043d\u0430\u044f \u043f\u0430\u043c\u044f\u0442\u044c<br \/>Operat\u012bv\u0101s atmi\u0146as tips\u00a0 \u00a0 LPDDR5X<br \/>Operat\u012bv\u0101 atmi\u0146a (RAM)\u00a0 \u00a0 32 GB<br \/>\u0416\u0451\u0441\u0442\u043a\u0438\u0439 \u0434\u0438\u0441\u043a<br \/>Multivides tips\u00a0 \u00a0 \u00a0SSD<br \/>SSD\/eMMC diska ietilp\u012bba\u00a0 \u00a0 1 TB<br \/>Kop\u0113j\u0101 datora atmi\u0146as ietilp\u012bba\u00a0 \u00a0 \u00a01 TB<br \/>\u0412\u0438\u0434\u0435\u043e\u043a\u0430\u0440\u0442\u0430<br \/>Integr\u0113ta video karte\u00a0 \u00a0 \u00a0J\u0101<br \/>Video kartes modelis\u00a0 \u00a0 AMD Radeon\u2122 Graphics<br \/>\u0412\u0441\u0442\u0440\u043e\u0435\u043d\u043d\u044b\u0435 \u0434\u043e\u043f\u043e\u043b\u043d\u0438\u0442\u0435\u043b\u044c\u043d\u044b\u0435 \u0443\u0441\u0442\u0440\u043e\u0439\u0441\u0442\u0432\u0430<br \/>Ar video kameru\u00a0 \u00a0 J\u0101<br \/>Ieb\u016bv\u0113ts mikrofons\u00a0 \u00a0 J\u0101<br \/>\u041a\u043b\u0430\u0432\u0438\u0430\u0442\u0443\u0440\u0430 \u0438 \u043a\u043e\u0440\u043f\u0443\u0441<br \/>Korpusa materi\u0101ls\u00a0 \u00a0 \u00a0Alum\u012bnijs<br \/>Tastat\u016bras valoda\u00a0 \u00a0 \u00a0Ang\u013cu<br \/>Tastat\u016bras apgaismojums\u00a0 \u00a0 \u00a0J\u0101<br \/>Atsevi\u0161\u0137s ciparu bloks\u00a0 \u00a0 N\u0113<br \/>\u0411\u0430\u0442\u0430\u0440\u0435\u044f \u0438 \u0431\u0435\u0437\u043e\u043f\u0430\u0441\u043d\u043e\u0441\u0442\u044c<br \/>Akumulatora jauda (Wh)\u00a0 \u00a0 \u00a075<br \/>Akumulatora garantija\u00a0 \u00a0 \u00a012 m\u0113n<br \/>\u0414\u043e\u043f\u043e\u043b\u043d\u0438\u0442\u0435\u043b\u044c\u043d\u043e<br \/>Izcelsmes valsts\u00a0 \u00a0 \u00a0\u0136\u012bna\u00a0<\/p><\/p>","protected":false},"excerpt":{"rendered":"<p>Produkta veids\u00a0 \u00a0 \u00a0Portat\u012bvie datori Z\u012bmols\u00a0 \u00a0 \u00a0AsusS\u0113rija\u00a0 \u00a0 \u00a0ZenBookModelis\u00a0 \u00a0 \u00a0UM3406KADatora tips\u00a0 \u00a0 \u00a0Biznesam, UltrabookAtjaunots\u00a0 \u00a0 N\u0113P\u0101rpakots\u00a0 \u00a0 N\u0113Korpusa kr\u0101sa\u00a0 \u00a0 \u00a0MelnaSvars\u00a0 \u00a0 \u00a01.2 kgEkr\u0101nsEkr\u0101na izm\u0113rs pa diagon\u0101li\u00a0 \u00a0 \u00a014 \u201cEkr\u0101na virsmas tips\u00a0 \u00a0 Sp\u012bd\u012bgsIPS ekr\u0101ns\u00a0 \u00a0 J\u0101Ekr\u0101na iz\u0161\u0137irtsp\u0113ja\u00a0 \u00a0 \u00a02880 x 1800Ekr\u0101na frekvence\u00a0 \u00a0 \u00a0120 HzEkr\u0101na tips\u00a0 \u00a0 \u00a0OLEDOper\u0113t\u0101jsist\u0113maOper\u0113t\u0101jsist\u0113ma\u00a0 \u00a0 Windows 11 HomeProcesorsProcesora [&hellip;]<\/p>\n","protected":false},"featured_media":48851,"comment_status":"open","ping_status":"closed","template":"","meta":{"_joinchat":[]},"product_brand":[],"product_cat":[345],"product_tag":[],"class_list":{"0":"post-48855","1":"product","2":"type-product","3":"status-publish","4":"has-post-thumbnail","6":"product_cat-datortehnika-preces-birojam-portativie-datori-un-citas-preces","8":"first","9":"instock","10":"shipping-taxable","11":"purchasable","12":"product-type-simple"},"_links":{"self":[{"href":"https:\/\/emeniro.lovehorses.lv\/ru\/wp-json\/wp\/v2\/product\/48855","targetHints":{"allow":["GET"]}}],"collection":[{"href":"https:\/\/emeniro.lovehorses.lv\/ru\/wp-json\/wp\/v2\/product"}],"about":[{"href":"https:\/\/emeniro.lovehorses.lv\/ru\/wp-json\/wp\/v2\/types\/product"}],"replies":[{"embeddable":true,"href":"https:\/\/emeniro.lovehorses.lv\/ru\/wp-json\/wp\/v2\/comments?post=48855"}],"wp:featuredmedia":[{"embeddable":true,"href":"https:\/\/emeniro.lovehorses.lv\/ru\/wp-json\/wp\/v2\/media\/48851"}],"wp:attachment":[{"href":"https:\/\/emeniro.lovehorses.lv\/ru\/wp-json\/wp\/v2\/media?parent=48855"}],"wp:term":[{"taxonomy":"product_brand","embeddable":true,"href":"https:\/\/emeniro.lovehorses.lv\/ru\/wp-json\/wp\/v2\/product_brand?post=48855"},{"taxonomy":"product_cat","embeddable":true,"href":"https:\/\/emeniro.lovehorses.lv\/ru\/wp-json\/wp\/v2\/product_cat?post=48855"},{"taxonomy":"product_tag","embeddable":true,"href":"https:\/\/emeniro.lovehorses.lv\/ru\/wp-json\/wp\/v2\/product_tag?post=48855"}],"curies":[{"name":"wp","href":"https:\/\/api.w.org\/{rel}","templated":true}]}}