{"id":48862,"date":"2026-05-01T10:23:19","date_gmt":"2026-05-01T10:23:19","guid":{"rendered":"https:\/\/emeniro.lovehorses.lv\/product\/apple-macbook-pro-m4-pro-24-gb-512-gb-16-20-core-gpu\/"},"modified":"2026-05-01T10:23:19","modified_gmt":"2026-05-01T10:23:19","slug":"apple-macbook-pro-m4-pro-24-gb-512-gb-16-20-core-gpu","status":"publish","type":"product","link":"https:\/\/emeniro.lovehorses.lv\/ru\/product\/apple-macbook-pro-m4-pro-24-gb-512-gb-16-20-core-gpu\/","title":{"rendered":"Apple MacBook Pro, M4 Pro, 24 \u0413\u0411, 512 \u0413\u0411, 16 &#8220;, 20-\u044f\u0434\u0435\u0440\u043d\u044b\u0439 GPU"},"content":{"rendered":"<p>Produkta veids\u00a0 \u00a0 \u00a0Portat\u012bvie datori<\/p>\n<p>Z\u012bmols\u00a0 \u00a0 \u00a0Apple<br \/>S\u0113rija\u00a0 \u00a0 \u00a0Apple MacBook Pro<br \/>Modelis\u00a0 \u00a0 \u00a0\u2013<br \/>Datora tips\u00a0 \u00a0 \u00a0Biznesam<br \/>Atjaunots\u00a0 \u00a0 N\u0113<br \/>P\u0101rpakots\u00a0 \u00a0 N\u0113<br \/>Korpusa kr\u0101sa\u00a0 \u00a0 \u00a0Melna<br \/>Svars\u00a0 \u00a0 \u00a02.14 kg<br \/>Garums\u00a0 \u00a0 \u00a0355.7 mm<br \/>Platums\u00a0 \u00a0 \u00a0248.1 mm<br \/>Augstums\u00a0 \u00a0 \u00a016.8 mm<br \/>\u042d\u043a\u0440\u0430\u043d<br \/>Ekr\u0101na izm\u0113rs pa diagon\u0101li\u00a0 \u00a0 \u00a016 \u201c<br \/>Ekr\u0101na virsmas tips\u00a0 \u00a0 Sp\u012bd\u012bgs<br \/>IPS ekr\u0101ns\u00a0 \u00a0 N\u0113<br \/>Ieb\u016bv\u0113ts priv\u0101tuma filtrs\u00a0 \u00a0 N\u0113<br \/>Sk\u0101rienj\u016bt\u012bgais ekr\u0101ns\u00a0 \u00a0 \u00a0N\u0113<br \/>Ekr\u0101na iz\u0161\u0137irtsp\u0113ja\u00a0 \u00a0 \u00a03456 x 2234<br \/>Ekr\u0101na tips\u00a0 \u00a0 \u00a0Liquid Retina XDR<br \/>\u041e\u043f\u0435\u0440\u0430\u0446\u0438\u043e\u043d\u043d\u0430\u044f \u0441\u0438\u0441\u0442\u0435\u043c\u0430<br \/>Oper\u0113t\u0101jsist\u0113ma\u00a0 \u00a0 macOS<br \/>\u041f\u0440\u043e\u0446\u0435\u0441\u0441\u043e\u0440<br \/>Procesora klase\u00a0 \u00a0 \u00a0M4<br \/>Procesora tips\u00a0 \u00a0 Apple<br \/>Procesora modelis\u00a0 \u00a0 \u00a0M4 Pro<br \/>Procesora kodoli\u00a0 \u00a0 14<br \/>\u041e\u043f\u0435\u0440\u0430\u0442\u0438\u0432\u043d\u0430\u044f \u043f\u0430\u043c\u044f\u0442\u044c<br \/>Operat\u012bv\u0101s atmi\u0146as tips\u00a0 \u00a0 LPDDR5<br \/>Operat\u012bv\u0101 atmi\u0146a (RAM)\u00a0 \u00a0 24 GB<br \/>\u0416\u0451\u0441\u0442\u043a\u0438\u0439 \u0434\u0438\u0441\u043a<br \/>Multivides tips\u00a0 \u00a0 \u00a0SSD<br \/>SSD\/eMMC diska ietilp\u012bba\u00a0 \u00a0 512 GB<br \/>Kop\u0113j\u0101 datora atmi\u0146as ietilp\u012bba\u00a0 \u00a0 \u00a0512 GB<br \/>\u0412\u0438\u0434\u0435\u043e\u043a\u0430\u0440\u0442\u0430<br \/>Integr\u0113ta video karte\u00a0 \u00a0 \u00a0J\u0101<br \/>Video kartes tips\u00a0 \u00a0 \u00a0Apple<br \/>Video kar\u0161u s\u0113rija\u00a0 \u00a0 \u00a0M4<br \/>Video kartes modelis\u00a0 \u00a0 20-Core GPU<br \/>Video kartes atmi\u0146a\u00a0 \u00a0 Dynamic<br \/>VR (Virtual reality) ready\u00a0 \u00a0 N\u0113<br \/>nVidia G-Sync\u00a0 \u00a0 N\u0113<br \/>AMD FreeSync\u00a0 \u00a0 N\u0113<br \/>\u0424\u0438\u0437\u0438\u0447\u0435\u0441\u043a\u0438\u0435 \u0441\u043e\u0435\u0434\u0438\u043d\u0435\u043d\u0438\u044f \u0438 \u0443\u043f\u0440\u0430\u0432\u043b\u0435\u043d\u0438\u0435<br \/>Savienojumi\u00a0 \u00a0 3 x Thunderbolt 5, Audio jack, Bluetooth 5.3, HDMI, MagSafe 3<br \/>T\u012bkla karte\u00a0 \u00a0 Wi-Fi 6 (802.11ax)<br \/>Bluetooth interfeiss\u00a0 \u00a0 \u00a0J\u0101<br \/>\u0412\u0441\u0442\u0440\u043e\u0435\u043d\u043d\u044b\u0435 \u0434\u043e\u043f\u043e\u043b\u043d\u0438\u0442\u0435\u043b\u044c\u043d\u044b\u0435 \u0443\u0441\u0442\u0440\u043e\u0439\u0441\u0442\u0432\u0430<br \/>Ar video kameru\u00a0 \u00a0 J\u0101<br \/>Ieb\u016bv\u0113ts mikrofons\u00a0 \u00a0 J\u0101<br \/>Ieb\u016bv\u0113ts kar\u0161u las\u012bt\u0101js\u00a0 \u00a0 J\u0101<br \/>Atbalst\u012bt\u0101s atmi\u0146as kartes\u00a0 \u00a0 SDXC<br \/>\u041a\u043b\u0430\u0432\u0438\u0430\u0442\u0443\u0440\u0430 \u0438 \u043a\u043e\u0440\u043f\u0443\u0441<br \/>Korpusa materi\u0101ls\u00a0 \u00a0 \u00a0Alum\u012bnijs<br \/>Tastat\u016bras valoda\u00a0 \u00a0 \u00a0Ang\u013cu<br \/>Tastat\u016bras apgaismojums\u00a0 \u00a0 \u00a0J\u0101<br \/>Atsevi\u0161\u0137s ciparu bloks\u00a0 \u00a0 N\u0113<br \/>Meh\u0101niskie tausti\u0146i\u00a0 \u00a0 N\u0113<br \/>Mitrumdro\u0161a klaviat\u016bra\u00a0 \u00a0 \u00a0N\u0113<br \/>\u0411\u0430\u0442\u0430\u0440\u0435\u044f \u0438 \u0431\u0435\u0437\u043e\u043f\u0430\u0441\u043d\u043e\u0441\u0442\u044c<br \/>Akumulatora tehnolo\u0123ija\u00a0 \u00a0 LiPo<br \/>Akumulatora jauda\u00a0 \u00a0 \u00a0100 mAh<br \/>Akumulatora jauda (Wh)\u00a0 \u00a0 \u00a0100<br \/>Akumulatora darb\u012bbas ilgums l\u012bdz\u00a0 \u00a0 24 h<br \/>Integr\u0113ts akumulators\u00a0 \u00a0 \u00a0J\u0101<br \/>Pirkstu nospiedumu las\u012bt\u0101js\u00a0 \u00a0 \u00a0J\u0101<br \/>\u0414\u043e\u043f\u043e\u043b\u043d\u0438\u0442\u0435\u043b\u044c\u043d\u043e<br \/>4G savienojums\u00a0 \u00a0 \u00a0N\u0113<br \/>Izcelsmes valsts\u00a0 \u00a0 \u00a0\u0136\u012bna\u00a0<\/p><\/p>","protected":false},"excerpt":{"rendered":"<p>Produkta veids\u00a0 \u00a0 \u00a0Portat\u012bvie datori Z\u012bmols\u00a0 \u00a0 \u00a0AppleS\u0113rija\u00a0 \u00a0 \u00a0Apple MacBook ProModelis\u00a0 \u00a0 \u00a0\u2013Datora tips\u00a0 \u00a0 \u00a0BiznesamAtjaunots\u00a0 \u00a0 N\u0113P\u0101rpakots\u00a0 \u00a0 N\u0113Korpusa kr\u0101sa\u00a0 \u00a0 \u00a0MelnaSvars\u00a0 \u00a0 \u00a02.14 kgGarums\u00a0 \u00a0 \u00a0355.7 mmPlatums\u00a0 \u00a0 \u00a0248.1 mmAugstums\u00a0 \u00a0 \u00a016.8 mmEkr\u0101nsEkr\u0101na izm\u0113rs pa diagon\u0101li\u00a0 \u00a0 \u00a016 \u201cEkr\u0101na virsmas tips\u00a0 \u00a0 Sp\u012bd\u012bgsIPS ekr\u0101ns\u00a0 \u00a0 N\u0113Ieb\u016bv\u0113ts priv\u0101tuma filtrs\u00a0 \u00a0 N\u0113Sk\u0101rienj\u016bt\u012bgais ekr\u0101ns\u00a0 \u00a0 [&hellip;]<\/p>\n","protected":false},"featured_media":48856,"comment_status":"open","ping_status":"closed","template":"","meta":{"_joinchat":[]},"product_brand":[59],"product_cat":[345],"product_tag":[],"class_list":{"0":"post-48862","1":"product","2":"type-product","3":"status-publish","4":"has-post-thumbnail","6":"product_brand-apple","7":"product_cat-datortehnika-preces-birojam-portativie-datori-un-citas-preces","9":"first","10":"instock","11":"shipping-taxable","12":"purchasable","13":"product-type-simple"},"_links":{"self":[{"href":"https:\/\/emeniro.lovehorses.lv\/ru\/wp-json\/wp\/v2\/product\/48862","targetHints":{"allow":["GET"]}}],"collection":[{"href":"https:\/\/emeniro.lovehorses.lv\/ru\/wp-json\/wp\/v2\/product"}],"about":[{"href":"https:\/\/emeniro.lovehorses.lv\/ru\/wp-json\/wp\/v2\/types\/product"}],"replies":[{"embeddable":true,"href":"https:\/\/emeniro.lovehorses.lv\/ru\/wp-json\/wp\/v2\/comments?post=48862"}],"wp:featuredmedia":[{"embeddable":true,"href":"https:\/\/emeniro.lovehorses.lv\/ru\/wp-json\/wp\/v2\/media\/48856"}],"wp:attachment":[{"href":"https:\/\/emeniro.lovehorses.lv\/ru\/wp-json\/wp\/v2\/media?parent=48862"}],"wp:term":[{"taxonomy":"product_brand","embeddable":true,"href":"https:\/\/emeniro.lovehorses.lv\/ru\/wp-json\/wp\/v2\/product_brand?post=48862"},{"taxonomy":"product_cat","embeddable":true,"href":"https:\/\/emeniro.lovehorses.lv\/ru\/wp-json\/wp\/v2\/product_cat?post=48862"},{"taxonomy":"product_tag","embeddable":true,"href":"https:\/\/emeniro.lovehorses.lv\/ru\/wp-json\/wp\/v2\/product_tag?post=48862"}],"curies":[{"name":"wp","href":"https:\/\/api.w.org\/{rel}","templated":true}]}}