{"id":48892,"date":"2026-05-01T10:25:29","date_gmt":"2026-05-01T10:25:29","guid":{"rendered":"https:\/\/emeniro.lovehorses.lv\/product\/samsung-odyssey-g4-ls25bg400euxen\/"},"modified":"2026-05-01T10:25:29","modified_gmt":"2026-05-01T10:25:29","slug":"samsung-odyssey-g4-ls25bg400euxen","status":"publish","type":"product","link":"https:\/\/emeniro.lovehorses.lv\/ru\/product\/samsung-odyssey-g4-ls25bg400euxen\/","title":{"rendered":"Samsung Odyssey G4 LS25BG400EUXEN"},"content":{"rendered":"<p>Produkta veids\u00a0 \u00a0 \u00a0Monitori<\/p>\n<p>Z\u012bmols\u00a0 \u00a0 \u00a0Samsung<br \/>Monitora tips\u00a0 \u00a0 LED monitori<br \/>Modelis\u00a0 \u00a0 \u00a0Odyssey G4 LS25BG400EUXEN<br \/>Kr\u0101sa\u00a0 \u00a0 \u00a0Melna<br \/>Energoefektivit\u0101tes klase\u00a0 \u00a0 \u00a0E<br \/>Energoefektivit\u0101tes kla\u0161u skala\u00a0 \u00a0 \u00a0A \u2013 G<br \/>\u042d\u043a\u0440\u0430\u043d<br \/>Ekr\u0101na tips\u00a0 \u00a0 IPS<br \/>Ekr\u0101na izm\u0113rs pa diagon\u0101li\u00a0 \u00a0 25 \u201c<br \/>Ekr\u0101na iz\u0161\u0137irtsp\u0113jas veids\u00a0 \u00a0 \u00a0FHD<br \/>Ekr\u0101na iz\u0161\u0137irtsp\u0113ja\u00a0 \u00a0 1920 x 1080<br \/>Ekr\u0101na forma\u00a0 \u00a0 \u00a0Plakana<br \/>Ekr\u0101na frekvence\u00a0 \u00a0 240 Hz<br \/>Ekr\u0101na virsmas tips\u00a0 \u00a0 Mat\u0113ts<br \/>Reakcijas laiks\u00a0 \u00a0 1 ms<br \/>Horizont\u0101lais skata le\u0146\u0137is\u00a0 \u00a0 178 \u00b0<br \/>Vertik\u0101lais skata le\u0146\u0137is\u00a0 \u00a0 \u00a0178 \u00b0<br \/>Kontrasts\u00a0 \u00a0 1000 : 1<br \/>Spilgtums, cd\/m\u00b2\u00a0 \u00a0 400<br \/>Sk\u0101rienj\u016bt\u012bgais ekr\u0101ns\u00a0 \u00a0 \u00a0N\u0113<br \/>3D funkcija\u00a0 \u00a0 N\u0113<br \/>\u041f\u043e\u0434\u043a\u043b\u044e\u0447\u0435\u043d\u0438\u044f \u0438 \u0441\u043e\u0435\u0434\u0438\u043d\u0435\u043d\u0438\u044f<br \/>Savienojumi\u00a0 \u00a0 DisplayPort 1.2, HDMI 2.0<br \/>HDMI piesl\u0113gvietu skaits\u00a0 \u00a0 \u00a02<br \/>\u0412\u0441\u0442\u0440\u043e\u0435\u043d\u043d\u044b\u0435 \u0434\u043e\u043f\u043e\u043b\u043d\u0438\u0442\u0435\u043b\u044c\u043d\u044b\u0435 \u0443\u0441\u0442\u0440\u043e\u0439\u0441\u0442\u0432\u0430<br \/>TV funkcijas\u00a0 \u00a0 \u00a0N\u0113<br \/>Ieb\u016bv\u0113tie ska\u013cru\u0146i\u00a0 \u00a0 \u00a0N\u0113<br \/>\u0420\u0430\u0437\u043c\u0435\u0440\u044b \u0438 \u0432\u0435\u0441<br \/>Platums\u00a0 \u00a0 \u00a055.85 cm<br \/>Augstums\u00a0 \u00a0 \u00a055.29 cm<br \/>Dzi\u013cums\u00a0 \u00a0 \u00a024.48 cm<br \/>Svars\u00a0 \u00a0 \u00a04.5 kg<br \/>Svars bez stat\u012bva\u00a0 \u00a0 \u00a02.8 kg<br \/>\u0414\u043e\u043f\u043e\u043b\u043d\u0438\u0442\u0435\u043b\u044c\u043d\u043e<br \/>Regul\u0113jams\u00a0 \u00a0 Augstums, Rot\u0101cija, Sl\u012bpums<br \/>Piem\u0113rots mont\u0101\u017eai pie sienas\u00a0 \u00a0 \u00a0J\u0101<br \/>VESA standarts\u00a0 \u00a0 \u2013<br \/>nVidia G-Sync\u00a0 \u00a0 \u00a0N\u0113<br \/>AMD FreeSync\u00a0 \u00a0 \u00a0N\u0113<br \/>Komplekts\u00a0 \u00a0 \u00a0Monitors, str\u0101vas kabelis, HDMI kabelis<br \/>Izcelsmes valsts\u00a0 \u00a0 \u00a0\u0136\u012bna\u00a0<\/p><\/p>","protected":false},"excerpt":{"rendered":"<p>Produkta veids\u00a0 \u00a0 \u00a0Monitori Z\u012bmols\u00a0 \u00a0 \u00a0SamsungMonitora tips\u00a0 \u00a0 LED monitoriModelis\u00a0 \u00a0 \u00a0Odyssey G4 LS25BG400EUXENKr\u0101sa\u00a0 \u00a0 \u00a0MelnaEnergoefektivit\u0101tes klase\u00a0 \u00a0 \u00a0EEnergoefektivit\u0101tes kla\u0161u skala\u00a0 \u00a0 \u00a0A \u2013 GEkr\u0101nsEkr\u0101na tips\u00a0 \u00a0 IPSEkr\u0101na izm\u0113rs pa diagon\u0101li\u00a0 \u00a0 25 \u201cEkr\u0101na iz\u0161\u0137irtsp\u0113jas veids\u00a0 \u00a0 \u00a0FHDEkr\u0101na iz\u0161\u0137irtsp\u0113ja\u00a0 \u00a0 1920 x 1080Ekr\u0101na forma\u00a0 \u00a0 \u00a0PlakanaEkr\u0101na frekvence\u00a0 \u00a0 240 HzEkr\u0101na virsmas tips\u00a0 \u00a0 Mat\u0113tsReakcijas [&hellip;]<\/p>\n","protected":false},"featured_media":48886,"comment_status":"open","ping_status":"closed","template":"","meta":{"_joinchat":[]},"product_brand":[139],"product_cat":[400],"product_tag":[],"class_list":{"0":"post-48892","1":"product","2":"type-product","3":"status-publish","4":"has-post-thumbnail","6":"product_brand-samsung","7":"product_cat-datortehnika-preces-birojam-monitori","9":"first","10":"instock","11":"shipping-taxable","12":"purchasable","13":"product-type-simple"},"_links":{"self":[{"href":"https:\/\/emeniro.lovehorses.lv\/ru\/wp-json\/wp\/v2\/product\/48892","targetHints":{"allow":["GET"]}}],"collection":[{"href":"https:\/\/emeniro.lovehorses.lv\/ru\/wp-json\/wp\/v2\/product"}],"about":[{"href":"https:\/\/emeniro.lovehorses.lv\/ru\/wp-json\/wp\/v2\/types\/product"}],"replies":[{"embeddable":true,"href":"https:\/\/emeniro.lovehorses.lv\/ru\/wp-json\/wp\/v2\/comments?post=48892"}],"wp:featuredmedia":[{"embeddable":true,"href":"https:\/\/emeniro.lovehorses.lv\/ru\/wp-json\/wp\/v2\/media\/48886"}],"wp:attachment":[{"href":"https:\/\/emeniro.lovehorses.lv\/ru\/wp-json\/wp\/v2\/media?parent=48892"}],"wp:term":[{"taxonomy":"product_brand","embeddable":true,"href":"https:\/\/emeniro.lovehorses.lv\/ru\/wp-json\/wp\/v2\/product_brand?post=48892"},{"taxonomy":"product_cat","embeddable":true,"href":"https:\/\/emeniro.lovehorses.lv\/ru\/wp-json\/wp\/v2\/product_cat?post=48892"},{"taxonomy":"product_tag","embeddable":true,"href":"https:\/\/emeniro.lovehorses.lv\/ru\/wp-json\/wp\/v2\/product_tag?post=48892"}],"curies":[{"name":"wp","href":"https:\/\/api.w.org\/{rel}","templated":true}]}}