{"id":48913,"date":"2026-05-01T10:27:11","date_gmt":"2026-05-01T10:27:11","guid":{"rendered":"https:\/\/emeniro.lovehorses.lv\/product\/dell-s2722dc\/"},"modified":"2026-05-01T10:27:11","modified_gmt":"2026-05-01T10:27:11","slug":"dell-s2722dc","status":"publish","type":"product","link":"https:\/\/emeniro.lovehorses.lv\/ru\/product\/dell-s2722dc\/","title":{"rendered":"Dell S2722DC"},"content":{"rendered":"<p>Produkta veids\u00a0 \u00a0 \u00a0Monitori<\/p>\n<p>Z\u012bmols\u00a0 \u00a0 \u00a0Dell<br \/>Monitora tips\u00a0 \u00a0 LED monitori<br \/>Modelis\u00a0 \u00a0 \u00a0S2722DC<br \/>Kr\u0101sa\u00a0 \u00a0 \u00a0Sudraba<br \/>Energoefektivit\u0101tes klase\u00a0 \u00a0 \u00a0E<br \/>Energoefektivit\u0101tes kla\u0161u skala\u00a0 \u00a0 \u00a0A \u2013 G<br \/>\u042d\u043a\u0440\u0430\u043d<br \/>Ekr\u0101na tips\u00a0 \u00a0 IPS<br \/>Ekr\u0101na izm\u0113rs pa diagon\u0101li\u00a0 \u00a0 27 \u201c<br \/>Ekr\u0101na iz\u0161\u0137irtsp\u0113ja\u00a0 \u00a0 2560 x 1440<br \/>Ekr\u0101na forma\u00a0 \u00a0 \u00a0Plakana<br \/>Ekr\u0101na frekvence\u00a0 \u00a0 75 Hz<br \/>Ekr\u0101na virsmas tips\u00a0 \u00a0 Mat\u0113ts<br \/>Reakcijas laiks\u00a0 \u00a0 4 ms<br \/>Horizont\u0101lais skata le\u0146\u0137is\u00a0 \u00a0 178 \u00b0<br \/>Vertik\u0101lais skata le\u0146\u0137is\u00a0 \u00a0 \u00a0178 \u00b0<br \/>Kontrasts\u00a0 \u00a0 1000 : 1<br \/>Spilgtums, cd\/m\u00b2\u00a0 \u00a0 350<br \/>Sk\u0101rienj\u016bt\u012bgais ekr\u0101ns\u00a0 \u00a0 \u00a0N\u0113<br \/>3D funkcija\u00a0 \u00a0 N\u0113<br \/>\u041f\u043e\u0434\u043a\u043b\u044e\u0447\u0435\u043d\u0438\u044f \u0438 \u0441\u043e\u0435\u0434\u0438\u043d\u0435\u043d\u0438\u044f<br \/>Savienojumi\u00a0 \u00a0 2 x HDMI, 2 x USB 3.2 Gen 1 Type A, Audio Line-out, Type C (DisplayPort Alternate)<br \/>HDMI piesl\u0113gvietu skaits\u00a0 \u00a0 \u00a02<br \/>Att\u0101lin\u0101t\u0101s vad\u012bbas funkcija\u00a0 \u00a0 \u00a0N\u0113<br \/>\u0412\u0441\u0442\u0440\u043e\u0435\u043d\u043d\u044b\u0435 \u0434\u043e\u043f\u043e\u043b\u043d\u0438\u0442\u0435\u043b\u044c\u043d\u044b\u0435 \u0443\u0441\u0442\u0440\u043e\u0439\u0441\u0442\u0432\u0430<br \/>TV funkcijas\u00a0 \u00a0 \u00a0N\u0113<br \/>Ieb\u016bv\u0113tie ska\u013cru\u0146i\u00a0 \u00a0 \u00a0J\u0101<br \/>\u0420\u0430\u0437\u043c\u0435\u0440\u044b \u0438 \u0432\u0435\u0441<br \/>Platums\u00a0 \u00a0 \u00a061.16 cm<br \/>Augstums\u00a0 \u00a0 \u00a040.01 cm<br \/>Dzi\u013cums\u00a0 \u00a0 \u00a017.47 cm<br \/>Svars\u00a0 \u00a0 \u00a06.01 kg<br \/>Svars bez stat\u012bva\u00a0 \u00a0 \u00a05.4 kg<br \/>\u0414\u043e\u043f\u043e\u043b\u043d\u0438\u0442\u0435\u043b\u044c\u043d\u043e<br \/>Regul\u0113jams\u00a0 \u00a0 Augstums, Rot\u0101cija, Sl\u012bpums<br \/>Piem\u0113rots mont\u0101\u017eai pie sienas\u00a0 \u00a0 \u00a0J\u0101<br \/>VESA standarts\u00a0 \u00a0 100 x 100<br \/>nVidia G-Sync\u00a0 \u00a0 \u00a0N\u0113<br \/>AMD FreeSync\u00a0 \u00a0 \u00a0J\u0101<br \/>Izcelsmes valsts\u00a0 \u00a0 \u00a0\u0136\u012bna\u00a0<\/p><\/p>","protected":false},"excerpt":{"rendered":"<p>Produkta veids\u00a0 \u00a0 \u00a0Monitori Z\u012bmols\u00a0 \u00a0 \u00a0DellMonitora tips\u00a0 \u00a0 LED monitoriModelis\u00a0 \u00a0 \u00a0S2722DCKr\u0101sa\u00a0 \u00a0 \u00a0SudrabaEnergoefektivit\u0101tes klase\u00a0 \u00a0 \u00a0EEnergoefektivit\u0101tes kla\u0161u skala\u00a0 \u00a0 \u00a0A \u2013 GEkr\u0101nsEkr\u0101na tips\u00a0 \u00a0 IPSEkr\u0101na izm\u0113rs pa diagon\u0101li\u00a0 \u00a0 27 \u201cEkr\u0101na iz\u0161\u0137irtsp\u0113ja\u00a0 \u00a0 2560 x 1440Ekr\u0101na forma\u00a0 \u00a0 \u00a0PlakanaEkr\u0101na frekvence\u00a0 \u00a0 75 HzEkr\u0101na virsmas tips\u00a0 \u00a0 Mat\u0113tsReakcijas laiks\u00a0 \u00a0 4 msHorizont\u0101lais skata le\u0146\u0137is\u00a0 [&hellip;]<\/p>\n","protected":false},"featured_media":48900,"comment_status":"open","ping_status":"closed","template":"","meta":{"_joinchat":[]},"product_brand":[401],"product_cat":[400],"product_tag":[],"class_list":{"0":"post-48913","1":"product","2":"type-product","3":"status-publish","4":"has-post-thumbnail","6":"product_brand-dell","7":"product_cat-datortehnika-preces-birojam-monitori","9":"first","10":"instock","11":"shipping-taxable","12":"purchasable","13":"product-type-simple"},"_links":{"self":[{"href":"https:\/\/emeniro.lovehorses.lv\/ru\/wp-json\/wp\/v2\/product\/48913","targetHints":{"allow":["GET"]}}],"collection":[{"href":"https:\/\/emeniro.lovehorses.lv\/ru\/wp-json\/wp\/v2\/product"}],"about":[{"href":"https:\/\/emeniro.lovehorses.lv\/ru\/wp-json\/wp\/v2\/types\/product"}],"replies":[{"embeddable":true,"href":"https:\/\/emeniro.lovehorses.lv\/ru\/wp-json\/wp\/v2\/comments?post=48913"}],"wp:featuredmedia":[{"embeddable":true,"href":"https:\/\/emeniro.lovehorses.lv\/ru\/wp-json\/wp\/v2\/media\/48900"}],"wp:attachment":[{"href":"https:\/\/emeniro.lovehorses.lv\/ru\/wp-json\/wp\/v2\/media?parent=48913"}],"wp:term":[{"taxonomy":"product_brand","embeddable":true,"href":"https:\/\/emeniro.lovehorses.lv\/ru\/wp-json\/wp\/v2\/product_brand?post=48913"},{"taxonomy":"product_cat","embeddable":true,"href":"https:\/\/emeniro.lovehorses.lv\/ru\/wp-json\/wp\/v2\/product_cat?post=48913"},{"taxonomy":"product_tag","embeddable":true,"href":"https:\/\/emeniro.lovehorses.lv\/ru\/wp-json\/wp\/v2\/product_tag?post=48913"}],"curies":[{"name":"wp","href":"https:\/\/api.w.org\/{rel}","templated":true}]}}