{"id":48931,"date":"2026-05-01T10:28:10","date_gmt":"2026-05-01T10:28:10","guid":{"rendered":"https:\/\/emeniro.lovehorses.lv\/product\/hp-mfp-178nw\/"},"modified":"2026-05-01T10:28:10","modified_gmt":"2026-05-01T10:28:10","slug":"hp-mfp-178nw","status":"publish","type":"product","link":"https:\/\/emeniro.lovehorses.lv\/ru\/product\/hp-mfp-178nw\/","title":{"rendered":"HP MFP 178nw"},"content":{"rendered":"<p>Produkta veids\u00a0 \u00a0 \u00a0L\u0101zerprinteri<\/p>\n<p>Z\u012bmols\u00a0 \u00a0 \u00a0HP<br \/>Modelis\u00a0 \u00a0 \u00a0MFP 178nw<br \/>Dzi\u013cums\u00a0 \u00a0 \u00a0501 mm<br \/>Platums\u00a0 \u00a0 \u00a0466 mm<br \/>Augstums\u00a0 \u00a0 \u00a0398 mm<br \/>Svars\u00a0 \u00a0 \u00a012.9 kg<br \/>Druk\u0101\u0161anas metode\u00a0 \u00a0 L\u0101zera<br \/>Drukas iz\u0161\u0137irtsp\u0113ja\u00a0 \u00a0 600 x 600 dpi<br \/>Melnbalt\u0101s drukas \u0101trums (lpp\/min)\u00a0 \u00a0 18<br \/>Kr\u0101su druka\u00a0 \u00a0 J\u0101<br \/>Kr\u0101su drukas \u0101trums (lpp\/min)\u00a0 \u00a0 4<br \/>Maksim\u0101lais drukas ra\u017e\u012bguma skaits (lpp\/m\u0113nes\u012b)\u00a0 \u00a0 20000<br \/>Form\u0101ts\u00a0 \u00a0 A4<br \/>Fotoatt\u0113lu druk\u0101\u0161ana\u00a0 \u00a0 N\u0113<br \/>Autom\u0101tiska divpus\u0113ja druka\u00a0 \u00a0 \u00a0J\u0101<br \/>USB savienot\u0101js\u00a0 \u00a0 N\u0113<br \/>WiFi savienojums\u00a0 \u00a0 J\u0101<br \/>WiFi tie\u0161\u0101 saskarne\u00a0 \u00a0 J\u0101<br \/>K\u0101rtrid\u017eu skaits\u00a0 \u00a0 4<br \/>Papildus inform\u0101cija\u00a0 \u00a0 \u00a0Apple AirPrint\u2122. Mobile Apps. Google Cloud Print\u2122. Wi-Fi\u00ae Direct Printing. Mopria\u2122\u00a0<\/p><\/p>","protected":false},"excerpt":{"rendered":"<p>Produkta veids\u00a0 \u00a0 \u00a0L\u0101zerprinteri Z\u012bmols\u00a0 \u00a0 \u00a0HPModelis\u00a0 \u00a0 \u00a0MFP 178nwDzi\u013cums\u00a0 \u00a0 \u00a0501 mmPlatums\u00a0 \u00a0 \u00a0466 mmAugstums\u00a0 \u00a0 \u00a0398 mmSvars\u00a0 \u00a0 \u00a012.9 kgDruk\u0101\u0161anas metode\u00a0 \u00a0 L\u0101zeraDrukas iz\u0161\u0137irtsp\u0113ja\u00a0 \u00a0 600 x 600 dpiMelnbalt\u0101s drukas \u0101trums (lpp\/min)\u00a0 \u00a0 18Kr\u0101su druka\u00a0 \u00a0 J\u0101Kr\u0101su drukas \u0101trums (lpp\/min)\u00a0 \u00a0 4Maksim\u0101lais drukas ra\u017e\u012bguma skaits (lpp\/m\u0113nes\u012b)\u00a0 \u00a0 20000Form\u0101ts\u00a0 \u00a0 A4Fotoatt\u0113lu druk\u0101\u0161ana\u00a0 \u00a0 N\u0113Autom\u0101tiska [&hellip;]<\/p>\n","protected":false},"featured_media":48924,"comment_status":"open","ping_status":"closed","template":"","meta":{"_joinchat":[]},"product_brand":[399],"product_cat":[402],"product_tag":[],"class_list":{"0":"post-48931","1":"product","2":"type-product","3":"status-publish","4":"has-post-thumbnail","6":"product_brand-hp","7":"product_cat-datortehnika-preces-birojam-printeri","9":"first","10":"instock","11":"shipping-taxable","12":"purchasable","13":"product-type-simple"},"_links":{"self":[{"href":"https:\/\/emeniro.lovehorses.lv\/ru\/wp-json\/wp\/v2\/product\/48931","targetHints":{"allow":["GET"]}}],"collection":[{"href":"https:\/\/emeniro.lovehorses.lv\/ru\/wp-json\/wp\/v2\/product"}],"about":[{"href":"https:\/\/emeniro.lovehorses.lv\/ru\/wp-json\/wp\/v2\/types\/product"}],"replies":[{"embeddable":true,"href":"https:\/\/emeniro.lovehorses.lv\/ru\/wp-json\/wp\/v2\/comments?post=48931"}],"wp:featuredmedia":[{"embeddable":true,"href":"https:\/\/emeniro.lovehorses.lv\/ru\/wp-json\/wp\/v2\/media\/48924"}],"wp:attachment":[{"href":"https:\/\/emeniro.lovehorses.lv\/ru\/wp-json\/wp\/v2\/media?parent=48931"}],"wp:term":[{"taxonomy":"product_brand","embeddable":true,"href":"https:\/\/emeniro.lovehorses.lv\/ru\/wp-json\/wp\/v2\/product_brand?post=48931"},{"taxonomy":"product_cat","embeddable":true,"href":"https:\/\/emeniro.lovehorses.lv\/ru\/wp-json\/wp\/v2\/product_cat?post=48931"},{"taxonomy":"product_tag","embeddable":true,"href":"https:\/\/emeniro.lovehorses.lv\/ru\/wp-json\/wp\/v2\/product_tag?post=48931"}],"curies":[{"name":"wp","href":"https:\/\/api.w.org\/{rel}","templated":true}]}}