{"id":48970,"date":"2026-05-01T10:30:35","date_gmt":"2026-05-01T10:30:35","guid":{"rendered":"https:\/\/emeniro.lovehorses.lv\/product\/xiaomi-x20-pro\/"},"modified":"2026-05-01T10:30:35","modified_gmt":"2026-05-01T10:30:35","slug":"xiaomi-x20-pro","status":"publish","type":"product","link":"https:\/\/emeniro.lovehorses.lv\/ru\/product\/xiaomi-x20-pro\/","title":{"rendered":"Xiaomi X20 Pro"},"content":{"rendered":"<p>Produkta veids\u00a0 \u00a0 \u00a0Putek\u013cu s\u016bc\u0113js robots<\/p>\n<p>Z\u012bmols\u00a0 \u00a0 \u00a0Xiaomi<br \/>Modelis\u00a0 \u00a0 \u00a0X20 Pro<br \/>Garums\u00a0 \u00a0 \u00a035 cm<br \/>Platums\u00a0 \u00a0 \u00a035 cm<br \/>Augstums\u00a0 \u00a0 \u00a09.7 cm<br \/>Svars\u00a0 \u00a0 \u00a03.7 kg<br \/>Kr\u0101sa\u00a0 \u00a0 \u00a0Balta<br \/>Akumulatora tips\u00a0 \u00a0 \u00a0Li-Ion<br \/>Akumulatora spriegums\u00a0 \u00a0 \u00a014.4 V<br \/>Akumulatora kapacit\u0101te\u00a0 \u00a0 \u00a05200 mAh<br \/>Uzl\u0101des laiks\u00a0 \u00a0 \u00a0240 min<br \/>Darb\u012bbas ilgums p\u0113c uzl\u0101des\u00a0 \u00a0 \u00a0160 min<br \/>Putek\u013cu tvertnes tilpums\u00a0 \u00a0 \u00a00.45 l<br \/>Maksim\u0101lais sliek\u0161\u0146a augstums\u00a0 \u00a0 \u00a02 cm<br \/>\u0160\u0137\u0113r\u0161\u013ca noteik\u0161ana\u00a0 \u00a0 \u00a0L\u0101zera r\u0101d\u012bt\u0101js, Sensoru<br \/>Trok\u0161\u0146a l\u012bmenis\u00a0 \u00a0 \u00a065 dB<br \/>S\u016bk\u0161anas jauda, kPa\u00a0 \u00a0 \u00a07000<br \/>Darb\u012bbas re\u017e\u012bmu skaits\u00a0 \u00a0 \u00a04<br \/>Slapj\u0101s t\u012br\u012b\u0161anas sist\u0113ma\u00a0 \u00a0 \u00a0J\u0101<br \/>Navig\u0101cija ar iek\u0161telpu karti\u00a0 \u00a0 \u00a0J\u0101<br \/>Autom\u0101tiska atgrie\u0161an\u0101s\u00a0 \u00a0 \u00a0J\u0101<\/p><\/p>","protected":false},"excerpt":{"rendered":"<p>Produkta veids\u00a0 \u00a0 \u00a0Putek\u013cu s\u016bc\u0113js robots Z\u012bmols\u00a0 \u00a0 \u00a0XiaomiModelis\u00a0 \u00a0 \u00a0X20 ProGarums\u00a0 \u00a0 \u00a035 cmPlatums\u00a0 \u00a0 \u00a035 cmAugstums\u00a0 \u00a0 \u00a09.7 cmSvars\u00a0 \u00a0 \u00a03.7 kgKr\u0101sa\u00a0 \u00a0 \u00a0BaltaAkumulatora tips\u00a0 \u00a0 \u00a0Li-IonAkumulatora spriegums\u00a0 \u00a0 \u00a014.4 VAkumulatora kapacit\u0101te\u00a0 \u00a0 \u00a05200 mAhUzl\u0101des laiks\u00a0 \u00a0 \u00a0240 minDarb\u012bbas ilgums p\u0113c uzl\u0101des\u00a0 \u00a0 \u00a0160 minPutek\u013cu tvertnes tilpums\u00a0 \u00a0 \u00a00.45 lMaksim\u0101lais sliek\u0161\u0146a augstums\u00a0 \u00a0 [&hellip;]<\/p>\n","protected":false},"featured_media":48965,"comment_status":"open","ping_status":"closed","template":"","meta":{"_joinchat":[]},"product_brand":[329],"product_cat":[282],"product_tag":[],"class_list":{"0":"post-48970","1":"product","2":"type-product","3":"status-publish","4":"has-post-thumbnail","6":"product_brand-xiaomi","7":"product_cat-sadzives-tehnika-puteklu-suceji","9":"first","10":"instock","11":"shipping-taxable","12":"purchasable","13":"product-type-simple"},"_links":{"self":[{"href":"https:\/\/emeniro.lovehorses.lv\/ru\/wp-json\/wp\/v2\/product\/48970","targetHints":{"allow":["GET"]}}],"collection":[{"href":"https:\/\/emeniro.lovehorses.lv\/ru\/wp-json\/wp\/v2\/product"}],"about":[{"href":"https:\/\/emeniro.lovehorses.lv\/ru\/wp-json\/wp\/v2\/types\/product"}],"replies":[{"embeddable":true,"href":"https:\/\/emeniro.lovehorses.lv\/ru\/wp-json\/wp\/v2\/comments?post=48970"}],"wp:featuredmedia":[{"embeddable":true,"href":"https:\/\/emeniro.lovehorses.lv\/ru\/wp-json\/wp\/v2\/media\/48965"}],"wp:attachment":[{"href":"https:\/\/emeniro.lovehorses.lv\/ru\/wp-json\/wp\/v2\/media?parent=48970"}],"wp:term":[{"taxonomy":"product_brand","embeddable":true,"href":"https:\/\/emeniro.lovehorses.lv\/ru\/wp-json\/wp\/v2\/product_brand?post=48970"},{"taxonomy":"product_cat","embeddable":true,"href":"https:\/\/emeniro.lovehorses.lv\/ru\/wp-json\/wp\/v2\/product_cat?post=48970"},{"taxonomy":"product_tag","embeddable":true,"href":"https:\/\/emeniro.lovehorses.lv\/ru\/wp-json\/wp\/v2\/product_tag?post=48970"}],"curies":[{"name":"wp","href":"https:\/\/api.w.org\/{rel}","templated":true}]}}