{"id":49071,"date":"2026-05-01T10:35:24","date_gmt":"2026-05-01T10:35:24","guid":{"rendered":"https:\/\/emeniro.lovehorses.lv\/product\/gigabyte-b760-gaming-x\/"},"modified":"2026-05-01T10:35:24","modified_gmt":"2026-05-01T10:35:24","slug":"gigabyte-b760-gaming-x","status":"publish","type":"product","link":"https:\/\/emeniro.lovehorses.lv\/ru\/product\/gigabyte-b760-gaming-x\/","title":{"rendered":"Gigabyte B760 GAMING X"},"content":{"rendered":"<p>SKU\u00a0 \u00a0 \u00a0KBGBAIIEB760A11<\/p>\n<p>Sv\u012btrkods\u00a0 \u00a0 \u00a04719331872120<br \/>CPU ligzda\u00a0 \u00a0 \u00a0LGA1700<br \/>Procesoru saime\u00a0 \u00a0 \u00a0Intel Pentium<br \/>Procesoru saime\u00a0 \u00a0 \u00a0Intel Celeron<br \/>Procesoru saime\u00a0 \u00a0 \u00a0Intel Core<br \/>Integr\u0113ts centr\u0101lais procesors\u00a0 \u00a0 \u00a0J\u0101<br \/>\u010cipsetu ra\u017eot\u0101js\u00a0 \u00a0 \u00a0Intel<br \/>Atmi\u0146as tips\u00a0 \u00a0 \u00a0DDR5<br \/>DDR5 slotu skaits\u00a0 \u00a0 \u00a04<br \/>Atmi\u0146as kopnes frekvence\u00a0 \u00a0 \u00a05600 MHz<br \/>Atmi\u0146as kopnes frekvence\u00a0 \u00a0 \u00a05200 MHz<br \/>Atmi\u0146as kopnes frekvence\u00a0 \u00a0 \u00a04800 MHz<br \/>Atmi\u0146as kopnes frekvence\u00a0 \u00a0 \u00a04400 MHz<br \/>Atmi\u0146as kopnes frekvence\u00a0 \u00a0 \u00a0133 MHz<br \/>Maksim\u0101lais atmi\u0146as apjoms\u00a0 \u00a0 \u00a0256<br \/>Papla\u0161in\u0101\u0161anas sloti\u00a0 \u00a0 \u00a03 x PCIe 4.0 x 4<br \/>Papla\u0161in\u0101\u0161anas sloti\u00a0 \u00a0 \u00a01 x PCIe 5.0 x 16<br \/>Maks. SATA ier\u012b\u010du skaits\u00a0 \u00a0 \u00a04<br \/>RAID\u00a0 \u00a0 \u00a0J\u0101<br \/>T\u012bkla saskarne\u00a0 \u00a0 \u00a01 x 10\/100\/1000\/2500 Mb\/s<br \/>USB porti aizmugur\u0113j\u0101 panel\u012b\u00a0 \u00a0 \u00a08<br \/>USB porti m\u0101tesplat\u0113\u00a0 \u00a0 \u00a07<br \/>USB 3.0\/USB 3.1 paaudze 1\/USB 3.2 paaudze 1 piesl\u0113gvietu skaits\u00a0 \u00a0 \u00a03<br \/>USB 3.1\/USB 3.1 2. paaudzes\/USB 3.2 2. paaudzes piesl\u0113gvietu skaits\u00a0 \u00a0 \u00a01<br \/>FireWire (IEEE 1394)\u00a0 \u00a0 \u00a0N\u0113<br \/>COM savienot\u0101js\/ports\u00a0 \u00a0 \u00a0J\u0101<br \/>LPT savienot\u0101js\/ports\u00a0 \u00a0 \u00a0N\u0113<br \/>\u0100r\u0113jie savienot\u0101ji\u00a0 \u00a0 \u00a01 x centr\u0101lais ska\u013crunis \/ zemfrekvences ska\u013crunis<br \/>\u0100r\u0113jie savienot\u0101ji\u00a0 \u00a0 \u00a02 x SMA<br \/>\u0100r\u0113jie savienot\u0101ji\u00a0 \u00a0 \u00a01 x l\u012bnijas izeja<br \/>\u0100r\u0113jie savienot\u0101ji\u00a0 \u00a0 \u00a01 x mikrofons<br \/>\u0100r\u0113jie savienot\u0101ji\u00a0 \u00a0 \u00a01 x RJ-45<br \/>\u0100r\u0113jie savienot\u0101ji\u00a0 \u00a0 \u00a05 x USB 2.0<br \/>\u0100r\u0113jie savienot\u0101ji\u00a0 \u00a0 \u00a01 x USB 3.0<br \/>\u0100r\u0113jie savienot\u0101ji\u00a0 \u00a0 \u00a01 x aizmugur\u0113jais ska\u013crunis<br \/>\u0100r\u0113jie savienot\u0101ji\u00a0 \u00a0 \u00a01 x l\u012bnijas ieeja<br \/>\u0100r\u0113jie savienot\u0101ji\u00a0 \u00a0 \u00a01 x DisplayPort<br \/>\u0100r\u0113jie savienot\u0101ji\u00a0 \u00a0 \u00a01 x HDMI<br \/>\u0100r\u0113jie savienot\u0101ji\u00a0 \u00a0 \u00a01 x s\u0101nu ska\u013crunis<br \/>\u0100r\u0113jie savienot\u0101ji\u00a0 \u00a0 \u00a01 x USB 3.1<br \/>\u0100r\u0113jie savienot\u0101ji\u00a0 \u00a0 \u00a01 x USB 3.0 C tipa ports<br \/>Borta savienot\u0101ji\u00a0 \u00a0 \u00a01 x Q-Flash Plus poga<br \/>Borta savienot\u0101ji\u00a0 \u00a0 \u00a01 x Sist\u0113mas pane\u013ca galvene<br \/>Borta savienot\u0101ji\u00a0 \u00a0 \u00a01 x Priek\u0161\u0113j\u0101 pane\u013ca audio piesl\u0113gvieta<br \/>Borta savienot\u0101ji\u00a0 \u00a0 \u00a01 x S\/PDIF izejas galvene<br \/>Borta savienot\u0101ji\u00a0 \u00a0 \u00a01 x 4 kontaktu procesora ventilators<br \/>Borta savienot\u0101ji\u00a0 \u00a0 \u00a01 x 8 kontaktu 12 V baro\u0161ana<br \/>Borta savienot\u0101ji\u00a0 \u00a0 \u00a01 x 24 kontaktu ATX savienot\u0101js<br \/>Borta savienot\u0101ji\u00a0 \u00a0 \u00a03 x M.2<br \/>Borta savienot\u0101ji\u00a0 \u00a0 \u00a04 x SATA III 6 Gb\/s<br \/>Borta savienot\u0101ji\u00a0 \u00a0 \u00a02 x USB 2.0\/1.1 piesl\u0113gvietas<br \/>Borta savienot\u0101ji\u00a0 \u00a0 \u00a01 x USB 3.0 piesl\u0113gvieta<br \/>Borta savienot\u0101ji\u00a0 \u00a0 \u00a01 x USB 3.2 Gen 2 C tipa<br \/>Borta savienot\u0101ji\u00a0 \u00a0 \u00a01 x TPM piesl\u0113gvieta<br \/>Formfaktors\u00a0 \u00a0 \u00a0ATX<br \/>Atbalst\u012bt\u0101s oper\u0113t\u0101jsist\u0113mas\u00a0 \u00a0 \u00a0Windows 11<br \/>Atbalst\u012bt\u0101s oper\u0113t\u0101jsist\u0113mas\u00a0 \u00a0 \u00a0Windows 10<br \/>Apz\u012bm\u0113jums\u00a0 \u00a0 \u00a0CE+EEIA<\/p><\/p>","protected":false},"excerpt":{"rendered":"<p>SKU\u00a0 \u00a0 \u00a0KBGBAIIEB760A11 Sv\u012btrkods\u00a0 \u00a0 \u00a04719331872120CPU ligzda\u00a0 \u00a0 \u00a0LGA1700Procesoru saime\u00a0 \u00a0 \u00a0Intel PentiumProcesoru saime\u00a0 \u00a0 \u00a0Intel CeleronProcesoru saime\u00a0 \u00a0 \u00a0Intel CoreIntegr\u0113ts centr\u0101lais procesors\u00a0 \u00a0 \u00a0J\u0101\u010cipsetu ra\u017eot\u0101js\u00a0 \u00a0 \u00a0IntelAtmi\u0146as tips\u00a0 \u00a0 \u00a0DDR5DDR5 slotu skaits\u00a0 \u00a0 \u00a04Atmi\u0146as kopnes frekvence\u00a0 \u00a0 \u00a05600 MHzAtmi\u0146as kopnes frekvence\u00a0 \u00a0 \u00a05200 MHzAtmi\u0146as kopnes frekvence\u00a0 \u00a0 \u00a04800 MHzAtmi\u0146as kopnes frekvence\u00a0 \u00a0 \u00a04400 MHzAtmi\u0146as [&hellip;]<\/p>\n","protected":false},"featured_media":49068,"comment_status":"open","ping_status":"closed","template":"","meta":[],"product_brand":[],"product_cat":[345],"product_tag":[],"class_list":{"0":"post-49071","1":"product","2":"type-product","3":"status-publish","4":"has-post-thumbnail","6":"product_cat-datortehnika-preces-birojam-portativie-datori-un-citas-preces","8":"first","9":"instock","10":"shipping-taxable","11":"purchasable","12":"product-type-simple"},"_links":{"self":[{"href":"https:\/\/emeniro.lovehorses.lv\/ru\/wp-json\/wp\/v2\/product\/49071","targetHints":{"allow":["GET"]}}],"collection":[{"href":"https:\/\/emeniro.lovehorses.lv\/ru\/wp-json\/wp\/v2\/product"}],"about":[{"href":"https:\/\/emeniro.lovehorses.lv\/ru\/wp-json\/wp\/v2\/types\/product"}],"replies":[{"embeddable":true,"href":"https:\/\/emeniro.lovehorses.lv\/ru\/wp-json\/wp\/v2\/comments?post=49071"}],"wp:featuredmedia":[{"embeddable":true,"href":"https:\/\/emeniro.lovehorses.lv\/ru\/wp-json\/wp\/v2\/media\/49068"}],"wp:attachment":[{"href":"https:\/\/emeniro.lovehorses.lv\/ru\/wp-json\/wp\/v2\/media?parent=49071"}],"wp:term":[{"taxonomy":"product_brand","embeddable":true,"href":"https:\/\/emeniro.lovehorses.lv\/ru\/wp-json\/wp\/v2\/product_brand?post=49071"},{"taxonomy":"product_cat","embeddable":true,"href":"https:\/\/emeniro.lovehorses.lv\/ru\/wp-json\/wp\/v2\/product_cat?post=49071"},{"taxonomy":"product_tag","embeddable":true,"href":"https:\/\/emeniro.lovehorses.lv\/ru\/wp-json\/wp\/v2\/product_tag?post=49071"}],"curies":[{"name":"wp","href":"https:\/\/api.w.org\/{rel}","templated":true}]}}