{"id":49121,"date":"2026-05-01T10:37:59","date_gmt":"2026-05-01T10:37:59","guid":{"rendered":"https:\/\/emeniro.lovehorses.lv\/product\/jura-ena-4-eb\/"},"modified":"2026-05-01T10:37:59","modified_gmt":"2026-05-01T10:37:59","slug":"jura-ena-4-eb","status":"publish","type":"product","link":"https:\/\/emeniro.lovehorses.lv\/ru\/product\/jura-ena-4-eb\/","title":{"rendered":"JURA ENA 4 (EB)"},"content":{"rendered":"<p>Produkta veids\u00a0 \u00a0 \u00a0Autom\u0101tiskie kafijas autom\u0101ti<\/p>\n<p>Z\u012bmols\u00a0 \u00a0 \u00a0JURA<br \/>Modelis\u00a0 \u00a0 \u00a0ENA 4 (EB)<br \/>Kafijas autom\u0101ta veids\u00a0 \u00a0 \u00a0Autom\u0101tisks<br \/>Piena sist\u0113mas tips\u00a0 \u00a0 \u00a0\u2013<br \/>Jauda\u00a0 \u00a0 1450 W<br \/>Maksim\u0101lais darba spiediens\u00a0 \u00a0 15 Bar<br \/>Izcelsmes valsts\u00a0 \u00a0 \u00a0Portug\u0101le<br \/>\u016adens filtrs\u00a0 \u00a0 J\u0101<br \/>Kr\u0101sa\u00a0 \u00a0 \u00a0Melna<br \/>Ekr\u0101ns\u00a0 \u00a0 \u00a0J\u0101<br \/>Ekr\u0101na tips\u00a0 \u00a0 \u00a0Simbolu displejs<br \/>\u0412\u0438\u0434\u044b \u043a\u043e\u0444\u0435 \u0438 \u043f\u0440\u0438\u0433\u043e\u0442\u043e\u0432\u043b\u0435\u043d\u0438\u0435<br \/>Kafijas veids\u00a0 \u00a0 Kafijas pupi\u0146as, Malta kafija<br \/>Kafijas pagatavo\u0161anas metodes\u00a0 \u00a0 Doppio+, Espresso, Espresso doppio, Kafija<br \/>Kafijas stipruma regul\u0113\u0161ana\u00a0 \u00a0 J\u0101<br \/>Iestat\u0101mi un individu\u0101li piel\u0101gojami kafijas stipruma l\u012bme\u0146i\u00a0 \u00a0 \u00a03<br \/>Kafijas dz\u0113rienu skaits\u00a0 \u00a0 \u00a04<br \/>\u0424\u0443\u043d\u043a\u0446\u0438\u0438 \u0438 \u0432\u043e\u0437\u043c\u043e\u0436\u043d\u043e\u0441\u0442\u0438<br \/>\u016adens ciet\u012bbas regul\u0113\u0161ana\u00a0 \u00a0 J\u0101<br \/>Vienlaic\u012bgi sagatavo vair\u0101kas devas\u00a0 \u00a0 N\u0113<br \/>Kr\u016bzes uzsild\u012b\u0161ana\u00a0 \u00a0 N\u0113<br \/>Tvaika uzgalis\u00a0 \u00a0 N\u0113<br \/>Saglab\u0101 kafijas veidus\u00a0 \u00a0 N\u0113<br \/>Programm\u0113jama \u016bdens temperat\u016bra\u00a0 \u00a0 \u00a0J\u0101<br \/>Programm\u0113jams kafijas daudzums\u00a0 \u00a0 \u00a0J\u0101<br \/>Ar manometru\u00a0 \u00a0 N\u0113<br \/>Regul\u0113jams spiediens\u00a0 \u00a0 \u00a0N\u0113<br \/>Aizsardz\u012bba pret \u016bdens nopl\u016bdi\u00a0 \u00a0 \u00a0J\u0101<br \/>Autom\u0101tisk\u0101 izsl\u0113g\u0161an\u0101s\u00a0 \u00a0 \u00a0J\u0101<br \/>Aukstu dz\u0113rienu pagatavo\u0161ana\u00a0 \u00a0 \u00a0N\u0113<br \/>Inteli\u0123ent\u0101 iepriek\u0161\u0113j\u0101 uzkars\u0113\u0161ana\u00a0 \u00a0 \u00a0N\u0113<br \/>Iestat\u0101ma piena\/ piena putu temperat\u016bra\u00a0 \u00a0 \u00a0N\u0113<br \/>Kafijas pupi\u0146u daudzuma kontrole\u00a0 \u00a0 \u00a0J\u0101<br \/>Pulvera tekne maltai kafijai\u00a0 \u00a0 \u00a0J\u0101<br \/>Porcijas izv\u0113le melnai kafijai\u00a0 \u00a0 \u00a04<br \/>Porcijas izv\u0113le kafijai ar pienu\u00a0 \u00a0 \u00a00<br \/>Programm\u0113jams porcijas lielums\u00a0 \u00a0 \u00a0J\u0101<br \/>Karst\u0101 \u016bdens sagatavo\u0161ana\u00a0 \u00a0 \u00a0N\u0113<br \/>Karst\u0101 piena pagatavo\u0161ana\u00a0 \u00a0 \u00a0N\u0113<br \/>Kafijas pupi\u0146u daudzuma kontrole\u00a0 \u00a0 \u00a0J\u0101<br \/>Vad\u012bbas tips\u00a0 \u00a0 \u00a0Sk\u0101rienj\u016bt\u012bga<br \/>Sader\u012bgs ar J.O.E\u00ae\u00a0 \u00a0 \u00a0J\u0101<br \/>Notekpapl\u0101tes kontrole\u00a0 \u00a0 \u00a0J\u0101<br \/>Uzst\u0101d\u0101ms izsl\u0113g\u0161an\u0101s laiks\u00a0 \u00a0 \u00a0J\u0101<br \/>Ener\u0123ijas pat\u0113ri\u0146\u0161 gaid\u012b\u0161anas re\u017e\u012bm\u0101\u00a0 \u00a0 \u00a00 W<br \/>3D kafijas pagatavo\u0161anas tehnolo\u0123ija\u00a0 \u00a0 \u00a0J\u0101<br \/>\u041a\u043e\u0444\u0435\u043c\u043e\u043b\u043a\u0430<br \/>Kafijas dzirnavi\u0146as\u00a0 \u00a0 J\u0101<br \/>Regul\u0113jama kafijas smalcin\u0101\u0161ana\u00a0 \u00a0 J\u0101<br \/>Kafijas pupi\u0146u ietilp\u012bba\u00a0 \u00a0 \u00a0125 g<br \/>Kafijas padeves kr\u0101na augstums\u00a0 \u00a0 \u00a075 \u2013 105 mm<br \/>Main\u012bga VC kafijas pagatavo\u0161anas ier\u012bce\u00a0 \u00a0 \u00a010 g<br \/>\u0420\u0435\u0437\u0435\u0440\u0432\u0443\u0430\u0440\u044b<br \/>\u016adens tvertne\u00a0 \u00a0 \u00a01.1 l<br \/>Kafijas konteiners (trauks)\u00a0 \u00a0 10<br \/>Piena trauks\u00a0 \u00a0 N\u0113<br \/>Maksim\u0101lais trauka augstums\u00a0 \u00a0 \u00a0105 mm<br \/>\u041e\u0447\u0438\u0441\u0442\u043a\u0430<br \/>Autom\u0101tiska mazg\u0101\u0161ana\u00a0 \u00a0 J\u0101<br \/>Autom\u0101tisk\u0101 atka\u013c\u0137o\u0161an\u0101s\u00a0 \u00a0 J\u0101<br \/>JURA higi\u0113na: T\u00dcV-sertific\u0113ta\u00a0 \u00a0 \u00a0J\u0101<br \/>\u0420\u0430\u0437\u043c\u0435\u0440\u044b \u0438 \u0432\u0435\u0441<br \/>Dzi\u013cums\u00a0 \u00a0 \u00a044.5 cm<br \/>Platums\u00a0 \u00a0 \u00a027.1 cm<br \/>Augstums\u00a0 \u00a0 \u00a032.3 cm<br \/>Svars\u00a0 \u00a0 \u00a08.4 kg<br \/>\u0414\u043e\u043f\u043e\u043b\u043d\u0438\u0442\u0435\u043b\u044c\u043d\u043e<br \/>Savienojams WiFi t\u012bkl\u0101\u00a0 \u00a0 \u00a0J\u0101<br \/>Raid\u012bt\u0101js ietilpst standarta komplekt\u0101\u00a0 \u00a0 \u00a0N\u0113\u00a0<\/p><\/p>","protected":false},"excerpt":{"rendered":"<p>Produkta veids\u00a0 \u00a0 \u00a0Autom\u0101tiskie kafijas autom\u0101ti Z\u012bmols\u00a0 \u00a0 \u00a0JURAModelis\u00a0 \u00a0 \u00a0ENA 4 (EB)Kafijas autom\u0101ta veids\u00a0 \u00a0 \u00a0Autom\u0101tisksPiena sist\u0113mas tips\u00a0 \u00a0 \u00a0\u2013Jauda\u00a0 \u00a0 1450 WMaksim\u0101lais darba spiediens\u00a0 \u00a0 15 BarIzcelsmes valsts\u00a0 \u00a0 \u00a0Portug\u0101le\u016adens filtrs\u00a0 \u00a0 J\u0101Kr\u0101sa\u00a0 \u00a0 \u00a0MelnaEkr\u0101ns\u00a0 \u00a0 \u00a0J\u0101Ekr\u0101na tips\u00a0 \u00a0 \u00a0Simbolu displejsKafijas veidi un pagatavo\u0161anaKafijas veids\u00a0 \u00a0 Kafijas pupi\u0146as, Malta kafijaKafijas pagatavo\u0161anas metodes\u00a0 \u00a0 [&hellip;]<\/p>\n","protected":false},"featured_media":49109,"comment_status":"open","ping_status":"closed","template":"","meta":{"_joinchat":[]},"product_brand":[334],"product_cat":[314],"product_tag":[],"class_list":{"0":"post-49121","1":"product","2":"type-product","3":"status-publish","4":"has-post-thumbnail","6":"product_brand-jura","7":"product_cat-maza-sadzives-tehnika-kafijas-automati","9":"first","10":"instock","11":"shipping-taxable","12":"purchasable","13":"product-type-simple"},"_links":{"self":[{"href":"https:\/\/emeniro.lovehorses.lv\/ru\/wp-json\/wp\/v2\/product\/49121","targetHints":{"allow":["GET"]}}],"collection":[{"href":"https:\/\/emeniro.lovehorses.lv\/ru\/wp-json\/wp\/v2\/product"}],"about":[{"href":"https:\/\/emeniro.lovehorses.lv\/ru\/wp-json\/wp\/v2\/types\/product"}],"replies":[{"embeddable":true,"href":"https:\/\/emeniro.lovehorses.lv\/ru\/wp-json\/wp\/v2\/comments?post=49121"}],"wp:featuredmedia":[{"embeddable":true,"href":"https:\/\/emeniro.lovehorses.lv\/ru\/wp-json\/wp\/v2\/media\/49109"}],"wp:attachment":[{"href":"https:\/\/emeniro.lovehorses.lv\/ru\/wp-json\/wp\/v2\/media?parent=49121"}],"wp:term":[{"taxonomy":"product_brand","embeddable":true,"href":"https:\/\/emeniro.lovehorses.lv\/ru\/wp-json\/wp\/v2\/product_brand?post=49121"},{"taxonomy":"product_cat","embeddable":true,"href":"https:\/\/emeniro.lovehorses.lv\/ru\/wp-json\/wp\/v2\/product_cat?post=49121"},{"taxonomy":"product_tag","embeddable":true,"href":"https:\/\/emeniro.lovehorses.lv\/ru\/wp-json\/wp\/v2\/product_tag?post=49121"}],"curies":[{"name":"wp","href":"https:\/\/api.w.org\/{rel}","templated":true}]}}