{"id":49309,"date":"2026-05-01T10:44:17","date_gmt":"2026-05-01T10:44:17","guid":{"rendered":"https:\/\/emeniro.lovehorses.lv\/product\/philips-75pus9010-12-75-%e2%80%b3-4k-qled\/"},"modified":"2026-05-01T10:44:17","modified_gmt":"2026-05-01T10:44:17","slug":"philips-75pus9010-12-75-%e2%80%b3-4k-qled","status":"publish","type":"product","link":"https:\/\/emeniro.lovehorses.lv\/ru\/product\/philips-75pus9010-12-75-%e2%80%b3-4k-qled\/","title":{"rendered":"Philips 75PUS9010\/12, 75 \u2033, 4K QLED"},"content":{"rendered":"<p>Ekr\u0101na izm\u0113rs pa diagon\u0101li\u00a0 \u00a0 \u00a075 \u201c<\/p>\n<p>TV diagon\u0101le\u00a0 \u00a0 \u00a066-75\u2033<br \/>Z\u012bmols\u00a0 \u00a0 \u00a0Philips<br \/>Modelis\u00a0 \u00a0 \u00a075PUS9010\/12<br \/>Energoefektivit\u0101tes klase\u00a0 \u00a0 E<br \/>Energoefektivit\u0101tes kla\u0161u skala\u00a0 \u00a0 \u00a0A \u2013 G<br \/>Kr\u0101sas nosaukums\u00a0 \u00a0 \u00a0Tum\u0161i pel\u0113ks<br \/>Kr\u0101sa\u00a0 \u00a0 \u00a0Pel\u0113ka<br \/>Spriegums\u00a0 \u00a0 \u00a0100 \u2013 240 V<br \/>Gatav\u012bbas re\u017e\u012bma elektropat\u0113ri\u0146\u0161\u00a0 \u00a0 \u00a00.3 W<br \/>Izsl\u0113gta re\u017e\u012bma elektropat\u0113ri\u0146\u0161\u00a0 \u00a0 \u00a00 W<br \/>Ener\u0123ijas pat\u0113ri\u0146\u0161, kWh\/1000 h\u00a0 \u00a0 \u00a090<br \/>Komplekts\u00a0 \u00a0 \u00a0J\u0101<br \/>\u042d\u043a\u0440\u0430\u043d<br \/>Ekr\u0101na iz\u0161\u0137irtsp\u0113ja\u00a0 \u00a0 4K (3840 x 2160)<br \/>Ekr\u0101na tips\u00a0 \u00a0 \u00a0UHD\/QNED\/QLED<br \/>Ekr\u0101na iz\u0161\u0137irtsp\u0113jas veids\u00a0 \u00a0 \u00a04K QLED<br \/>Oper\u0113t\u0101jsist\u0113ma\u00a0 \u00a0 \u00a0Cit\u0101s<br \/>Ekr\u0101na frekvence\u00a0 \u00a0 144 Hz<br \/>Ekr\u0101na forma\u00a0 \u00a0 \u00a0Plakana<br \/>Att\u0113la uzlabo\u0161anas sist\u0113mas\u00a0 \u00a0 \u00a0\u201eP5 Picture Engine\u201c<br \/>3D funkcija\u00a0 \u00a0 N\u0113<br \/>Apgaismojums\u00a0 \u00a0 J\u0101<br \/>\u0421\u043c\u0430\u0440\u0442 \u0422\u0412 \u0438 \u0438\u043d\u0442\u0435\u0440\u043d\u0435\u0442<br \/>\u201cSmart TV\u201d\u00a0 \u00a0 J\u0101<br \/>\u0423\u043f\u0440\u0430\u0432\u043b\u0435\u043d\u0438\u0435 \u0438 \u0430\u0443\u0434\u0438\u043e<br \/>Ska\u0146as jauda\u00a0 \u00a0 50 W<br \/>Ska\u0146as sist\u0113ma\u00a0 \u00a0 2.1 (Stereo + Subwoofer)<br \/>Vad\u012bba, izmantojot viedo ier\u012bci\u00a0 \u00a0 \u00a0J\u0101<br \/>Gudr\u0101 vad\u012bbas pults\u00a0 \u00a0 \u00a0N\u0113<br \/>\u0411\u0435\u0441\u043f\u0440\u043e\u0432\u043e\u0434\u043d\u044b\u0435 \u0438 \u0444\u0438\u0437\u0438\u0447\u0435\u0441\u043a\u0438\u0435 \u043f\u043e\u0434\u043a\u043b\u044e\u0447\u0435\u043d\u0438\u044f<br \/>USB 3.x savienot\u0101ju skaits\u00a0 \u00a0 \u00a01<br \/>USB 2.0 savienot\u0101ju skaits\u00a0 \u00a0 1<br \/>HDMI piesl\u0113gvietu skaits\u00a0 \u00a0 4<br \/>HDMI piesl\u0113gvietu tips\u00a0 \u00a0 \u00a0HDMI 2.0, HDMI 2.1, Standarta A tipa<br \/>3.5mm austi\u0146u kontakts\u00a0 \u00a0 \u00a0J\u0101<br \/>WiFi savienojums\u00a0 \u00a0 J\u0101<br \/>WiFi tie\u0161\u0101 saskarne\u00a0 \u00a0 N\u0113<br \/>Ethernet LAN (RJ-45) kontakts\u00a0 \u00a0 \u00a0J\u0101<br \/>WiDi saskarne\u00a0 \u00a0 N\u0113<br \/>Optisk\u0101 audio savienot\u0101js\u00a0 \u00a0 \u00a0J\u0101<br \/>Bluetooth interfeiss\u00a0 \u00a0 \u00a0J\u0101<br \/>DLNA\u00a0 \u00a0 J\u0101<br \/>NFC\u00a0 \u00a0 N\u0113<br \/>Citi savienojumi\u00a0 \u00a0 \u00a0HDMI-CEC<br \/>\u0420\u0430\u0437\u043c\u0435\u0440\u044b \u0438 \u0432\u0435\u0441<br \/>Platums\u00a0 \u00a0 \u00a0167 cm<br \/>Dzi\u013cums\u00a0 \u00a0 \u00a08.5 cm<br \/>Augstums\u00a0 \u00a0 \u00a097.2 cm<br \/>Svars bez stat\u012bva\u00a0 \u00a0 \u00a029.48 kg<br \/>Dzi\u013cums ar stat\u012bvu\u00a0 \u00a0 \u00a033.2 cm<br \/>Augstums ar stat\u012bvu\u00a0 \u00a0 \u00a099.2 cm<br \/>Svars\u00a0 \u00a0 \u00a030 kg<br \/>VESA standarts\u00a0 \u00a0 \u00a0300 x 300<br \/>\u0414\u043e\u043f\u043e\u043b\u043d\u0438\u0442\u0435\u043b\u044c\u043d\u043e<br \/>Iek\u0161\u0113j\u0101 atmi\u0146a, GB\u00a0 \u00a0 \u00a08<br \/>Ciparu uztv\u0113r\u0113ja tips\u00a0 \u00a0 DVB-T\/T2\/T2-HD\/C\/S\/S2<br \/>Komplekts\u00a0 \u00a0 \u00a02 x AAA baterijas, dro\u0161\u012bbas nor\u0101d\u012bjumi un juridisk\u0101 inform\u0101cija, str\u0101vas vads, \u0101tr\u0101s lieto\u0161anas pam\u0101c\u012bba, galda stat\u012bvs, t\u0101lvad\u012bbas pults.<br \/>Ra\u017eo\u0161anas gads\u00a0 \u00a0 \u00a02025<br \/>Iepakojuma garums\u00a0 \u00a0 \u00a01.879 m<br \/>Iepakojuma platums\u00a0 \u00a0 \u00a00.19 m<br \/>Iepakojuma augstums\u00a0 \u00a0 \u00a01.113 m<br \/>Produkta svars ar iepakojumu\u00a0 \u00a0 \u00a038.46 kg<br \/>Izcelsmes valsts\u00a0 \u00a0 \u00a0Polija\u00a0<\/p><\/p>","protected":false},"excerpt":{"rendered":"<p>Ekr\u0101na izm\u0113rs pa diagon\u0101li\u00a0 \u00a0 \u00a075 \u201c TV diagon\u0101le\u00a0 \u00a0 \u00a066-75\u2033Z\u012bmols\u00a0 \u00a0 \u00a0PhilipsModelis\u00a0 \u00a0 \u00a075PUS9010\/12Energoefektivit\u0101tes klase\u00a0 \u00a0 EEnergoefektivit\u0101tes kla\u0161u skala\u00a0 \u00a0 \u00a0A \u2013 GKr\u0101sas nosaukums\u00a0 \u00a0 \u00a0Tum\u0161i pel\u0113ksKr\u0101sa\u00a0 \u00a0 \u00a0Pel\u0113kaSpriegums\u00a0 \u00a0 \u00a0100 \u2013 240 VGatav\u012bbas re\u017e\u012bma elektropat\u0113ri\u0146\u0161\u00a0 \u00a0 \u00a00.3 WIzsl\u0113gta re\u017e\u012bma elektropat\u0113ri\u0146\u0161\u00a0 \u00a0 \u00a00 WEner\u0123ijas pat\u0113ri\u0146\u0161, kWh\/1000 h\u00a0 \u00a0 \u00a090Komplekts\u00a0 \u00a0 \u00a0J\u0101Ekr\u0101nsEkr\u0101na iz\u0161\u0137irtsp\u0113ja\u00a0 \u00a0 4K [&hellip;]<\/p>\n","protected":false},"featured_media":49296,"comment_status":"open","ping_status":"closed","template":"","meta":{"_joinchat":[]},"product_brand":[307],"product_cat":[294],"product_tag":[],"class_list":{"0":"post-49309","1":"product","2":"type-product","3":"status-publish","4":"has-post-thumbnail","6":"product_brand-philips","7":"product_cat-tv-foto-video-audio-televizori-un-aksesuari-led-televizori","9":"first","10":"instock","11":"shipping-taxable","12":"purchasable","13":"product-type-simple"},"_links":{"self":[{"href":"https:\/\/emeniro.lovehorses.lv\/ru\/wp-json\/wp\/v2\/product\/49309","targetHints":{"allow":["GET"]}}],"collection":[{"href":"https:\/\/emeniro.lovehorses.lv\/ru\/wp-json\/wp\/v2\/product"}],"about":[{"href":"https:\/\/emeniro.lovehorses.lv\/ru\/wp-json\/wp\/v2\/types\/product"}],"replies":[{"embeddable":true,"href":"https:\/\/emeniro.lovehorses.lv\/ru\/wp-json\/wp\/v2\/comments?post=49309"}],"wp:featuredmedia":[{"embeddable":true,"href":"https:\/\/emeniro.lovehorses.lv\/ru\/wp-json\/wp\/v2\/media\/49296"}],"wp:attachment":[{"href":"https:\/\/emeniro.lovehorses.lv\/ru\/wp-json\/wp\/v2\/media?parent=49309"}],"wp:term":[{"taxonomy":"product_brand","embeddable":true,"href":"https:\/\/emeniro.lovehorses.lv\/ru\/wp-json\/wp\/v2\/product_brand?post=49309"},{"taxonomy":"product_cat","embeddable":true,"href":"https:\/\/emeniro.lovehorses.lv\/ru\/wp-json\/wp\/v2\/product_cat?post=49309"},{"taxonomy":"product_tag","embeddable":true,"href":"https:\/\/emeniro.lovehorses.lv\/ru\/wp-json\/wp\/v2\/product_tag?post=49309"}],"curies":[{"name":"wp","href":"https:\/\/api.w.org\/{rel}","templated":true}]}}