{"id":49331,"date":"2026-05-01T10:45:36","date_gmt":"2026-05-01T10:45:36","guid":{"rendered":"https:\/\/emeniro.lovehorses.lv\/product\/tcl-c6k-65c6k-65-%e2%80%b3-4k-qled\/"},"modified":"2026-05-01T10:45:36","modified_gmt":"2026-05-01T10:45:36","slug":"tcl-c6k-65c6k-65-%e2%80%b3-4k-qled","status":"publish","type":"product","link":"https:\/\/emeniro.lovehorses.lv\/ru\/product\/tcl-c6k-65c6k-65-%e2%80%b3-4k-qled\/","title":{"rendered":"TCL C6K 65C6K, 65 \u2033, 4K QLED"},"content":{"rendered":"<p>Produkta veids\u00a0 \u00a0 \u00a0Televizori<\/p>\n<p>Ekr\u0101na izm\u0113rs pa diagon\u0101li\u00a0 \u00a0 \u00a065 \u201c<br \/>TV diagon\u0101le\u00a0 \u00a0 \u00a0>86\u2033<br \/>Z\u012bmols\u00a0 \u00a0 \u00a0TCL<br \/>S\u0113rija\u00a0 \u00a0 \u00a0C6K<br \/>Modelis\u00a0 \u00a0 \u00a065C6K<br \/>Energoefektivit\u0101tes klase\u00a0 \u00a0 F<br \/>Energoefektivit\u0101tes kla\u0161u skala\u00a0 \u00a0 \u00a0A \u2013 G<br \/>Kr\u0101sa\u00a0 \u00a0 \u00a0Melna<br \/>\u042d\u043a\u0440\u0430\u043d<br \/>Ekr\u0101na iz\u0161\u0137irtsp\u0113ja\u00a0 \u00a0 4K (3840 x 2160)<br \/>Ekr\u0101na tips\u00a0 \u00a0 \u00a0Mini LED<br \/>Ekr\u0101na iz\u0161\u0137irtsp\u0113jas veids\u00a0 \u00a0 \u00a04K QLED<br \/>Oper\u0113t\u0101jsist\u0113ma\u00a0 \u00a0 \u00a0Google (Android) TV<br \/>Ekr\u0101na frekvence\u00a0 \u00a0 120 Hz<br \/>Ekr\u0101na forma\u00a0 \u00a0 \u00a0Plakana<br \/>3D funkcija\u00a0 \u00a0 N\u0113<br \/>Apgaismojums\u00a0 \u00a0 N\u0113<br \/>\u0421\u043c\u0430\u0440\u0442 \u0422\u0412 \u0438 \u0438\u043d\u0442\u0435\u0440\u043d\u0435\u0442<br \/>\u201cSmart TV\u201d\u00a0 \u00a0 J\u0101<br \/>\u0423\u043f\u0440\u0430\u0432\u043b\u0435\u043d\u0438\u0435 \u0438 \u0430\u0443\u0434\u0438\u043e<br \/>Ska\u0146as jauda\u00a0 \u00a0 40 W<br \/>\u0411\u0435\u0441\u043f\u0440\u043e\u0432\u043e\u0434\u043d\u044b\u0435 \u0438 \u0444\u0438\u0437\u0438\u0447\u0435\u0441\u043a\u0438\u0435 \u043f\u043e\u0434\u043a\u043b\u044e\u0447\u0435\u043d\u0438\u044f<br \/>HDMI piesl\u0113gvietu skaits\u00a0 \u00a0 4<br \/>3.5mm austi\u0146u kontakts\u00a0 \u00a0 \u00a0N\u0113<br \/>WiFi savienojums\u00a0 \u00a0 J\u0101<br \/>WiFi tie\u0161\u0101 saskarne\u00a0 \u00a0 N\u0113<br \/>WiDi saskarne\u00a0 \u00a0 N\u0113<br \/>Bluetooth interfeiss\u00a0 \u00a0 \u00a0J\u0101<br \/>DLNA\u00a0 \u00a0 N\u0113<br \/>NFC\u00a0 \u00a0 N\u0113<br \/>\u0420\u0430\u0437\u043c\u0435\u0440\u044b \u0438 \u0432\u0435\u0441<br \/>Platums\u00a0 \u00a0 \u00a0144.7 cm<br \/>Dzi\u013cums\u00a0 \u00a0 \u00a05.6 cm<br \/>Augstums\u00a0 \u00a0 \u00a083.2 cm<br \/>Svars bez stat\u012bva\u00a0 \u00a0 \u00a017 kg<br \/>Dzi\u013cums ar stat\u012bvu\u00a0 \u00a0 \u00a029.6 cm<br \/>Augstums ar stat\u012bvu\u00a0 \u00a0 \u00a089.45 cm<br \/>Svars\u00a0 \u00a0 \u00a017.2 kg<br \/>VESA standarts\u00a0 \u00a0 \u00a0300 x 300<br \/>\u0414\u043e\u043f\u043e\u043b\u043d\u0438\u0442\u0435\u043b\u044c\u043d\u043e<br \/>Ciparu uztv\u0113r\u0113ja tips\u00a0 \u00a0 DVB-T\/T2\/T2-HD\/C\/S\/S2<br \/>Izcelsmes valsts\u00a0 \u00a0 \u00a0\u0136\u012bna\u00a0<\/p><\/p>","protected":false},"excerpt":{"rendered":"<p>Produkta veids\u00a0 \u00a0 \u00a0Televizori Ekr\u0101na izm\u0113rs pa diagon\u0101li\u00a0 \u00a0 \u00a065 \u201cTV diagon\u0101le\u00a0 \u00a0 \u00a0>86\u2033Z\u012bmols\u00a0 \u00a0 \u00a0TCLS\u0113rija\u00a0 \u00a0 \u00a0C6KModelis\u00a0 \u00a0 \u00a065C6KEnergoefektivit\u0101tes klase\u00a0 \u00a0 FEnergoefektivit\u0101tes kla\u0161u skala\u00a0 \u00a0 \u00a0A \u2013 GKr\u0101sa\u00a0 \u00a0 \u00a0MelnaEkr\u0101nsEkr\u0101na iz\u0161\u0137irtsp\u0113ja\u00a0 \u00a0 4K (3840 x 2160)Ekr\u0101na tips\u00a0 \u00a0 \u00a0Mini LEDEkr\u0101na iz\u0161\u0137irtsp\u0113jas veids\u00a0 \u00a0 \u00a04K QLEDOper\u0113t\u0101jsist\u0113ma\u00a0 \u00a0 \u00a0Google (Android) TVEkr\u0101na frekvence\u00a0 \u00a0 120 HzEkr\u0101na forma\u00a0 [&hellip;]<\/p>\n","protected":false},"featured_media":49318,"comment_status":"open","ping_status":"closed","template":"","meta":{"_joinchat":[]},"product_brand":[],"product_cat":[294],"product_tag":[],"class_list":{"0":"post-49331","1":"product","2":"type-product","3":"status-publish","4":"has-post-thumbnail","6":"product_cat-tv-foto-video-audio-televizori-un-aksesuari-led-televizori","8":"first","9":"instock","10":"shipping-taxable","11":"purchasable","12":"product-type-simple"},"_links":{"self":[{"href":"https:\/\/emeniro.lovehorses.lv\/ru\/wp-json\/wp\/v2\/product\/49331","targetHints":{"allow":["GET"]}}],"collection":[{"href":"https:\/\/emeniro.lovehorses.lv\/ru\/wp-json\/wp\/v2\/product"}],"about":[{"href":"https:\/\/emeniro.lovehorses.lv\/ru\/wp-json\/wp\/v2\/types\/product"}],"replies":[{"embeddable":true,"href":"https:\/\/emeniro.lovehorses.lv\/ru\/wp-json\/wp\/v2\/comments?post=49331"}],"wp:featuredmedia":[{"embeddable":true,"href":"https:\/\/emeniro.lovehorses.lv\/ru\/wp-json\/wp\/v2\/media\/49318"}],"wp:attachment":[{"href":"https:\/\/emeniro.lovehorses.lv\/ru\/wp-json\/wp\/v2\/media?parent=49331"}],"wp:term":[{"taxonomy":"product_brand","embeddable":true,"href":"https:\/\/emeniro.lovehorses.lv\/ru\/wp-json\/wp\/v2\/product_brand?post=49331"},{"taxonomy":"product_cat","embeddable":true,"href":"https:\/\/emeniro.lovehorses.lv\/ru\/wp-json\/wp\/v2\/product_cat?post=49331"},{"taxonomy":"product_tag","embeddable":true,"href":"https:\/\/emeniro.lovehorses.lv\/ru\/wp-json\/wp\/v2\/product_tag?post=49331"}],"curies":[{"name":"wp","href":"https:\/\/api.w.org\/{rel}","templated":true}]}}